{"id":1762,"date":"2019-09-12T14:09:25","date_gmt":"2019-09-12T17:09:25","guid":{"rendered":"http:\/\/nossacasa.net\/nossosriachos\/rios\/?page_id=1762"},"modified":"2019-10-03T09:56:10","modified_gmt":"2019-10-03T12:56:10","slug":"genidens-genidens","status":"publish","type":"page","link":"http:\/\/nossacasa.net\/nossosriachos\/tabuleiros\/genidens-genidens\/","title":{"rendered":"Genidens genidens"},"content":{"rendered":"<div style=\"text-align: justify\">\n<h1><em>Genidens genidens<\/em> (Cuvier, 1829)<\/h1>\n<p><img loading=\"lazy\" decoding=\"async\" src=\"http:\/\/nossacasa.net\/nossosriachos\/tabuleiros\/wp-content\/uploads\/sites\/13\/2019\/10\/Genidens-genidens.png\" alt=\"\" width=\"800\" height=\"306\" class=\"aligncenter size-full wp-image-4247\" srcset=\"http:\/\/nossacasa.net\/nossosriachos\/tabuleiros\/wp-content\/uploads\/sites\/13\/2019\/10\/Genidens-genidens.png 800w, http:\/\/nossacasa.net\/nossosriachos\/tabuleiros\/wp-content\/uploads\/sites\/13\/2019\/10\/Genidens-genidens-300x115.png 300w, http:\/\/nossacasa.net\/nossosriachos\/tabuleiros\/wp-content\/uploads\/sites\/13\/2019\/10\/Genidens-genidens-768x294.png 768w, http:\/\/nossacasa.net\/nossosriachos\/tabuleiros\/wp-content\/uploads\/sites\/13\/2019\/10\/Genidens-genidens-500x191.png 500w\" sizes=\"auto, (max-width: 800px) 100vw, 800px\" \/><\/p>\n<p>Algumas caracter\u00edsticas da esp\u00e9cie <strong><em>Genidens genidens<\/em><\/strong> est\u00e3o indicadas na figura acima.<\/p>\n<p>S\u00e3o diferenciados de outros bagres nos estu\u00e1rios pelas placas dent\u00edgeras acess\u00f3rias, agregadas em duas proje\u00e7\u00f5es carnosas salientes, nas laterais da cavidade bucal, com dentes viliformes ou c\u00f4nicos. Nesses bagres o processo cleitral posterior, junto a base do espinho da nadadeira peitoral, \u00e9 alongado.(Figueiredo &#038; Menezes, 1978). <\/p>\n<p>Corresponde a um peixe muito comum no nosso litoral, adentrando estu\u00e1rios de grandes rios e lagoas, para se alimentar. S\u00e3o peixes de h\u00e1bitos demersais alimentando-se junto ao fundo. Entram em maior atividade a noite. Juvenis formam grandes cardumes em lagoas costeiras e estu\u00e1rios. Podem adentrar rio acima por quil\u00f4metros, tolerando as varia\u00e7\u00f5es de salinidade. Junto a foz do rio Doce Genidens genidens \u00e9 a esp\u00e9cie mais comum. <\/p>\n<p>Apesar de muito comuns, n\u00e3o s\u00e3o apreciados como alimento. Muito conhecidos dos pescadores, pois costumam beliscar o anzol, roubando a isca. Em comunidades ribeirinhas s\u00e3o filetados e picados, para remover os fortes espinhos, e aproveitados para o preparo de bolinhos de peixe. <\/p>\n<p>A esp\u00e9cie <strong><em>Genidens genidens<\/em><\/strong> \u00e9 a \u00fanica representante do g\u00eanero <em><a href=\"http:\/\/nossacasa.net\/nossosriachos\/tabuleiros\/genidens\/\">Genidens<\/a><\/em> da fam\u00edlia <a href=\"http:\/\/nossacasa.net\/nossosriachos\/tabuleiros\/ariidae\/\">Ariidae<\/a> nas regi\u00f5es dos tabuleiros.<\/p>\n<hr \/>\n<\/div>\n<p>. <\/p>\n","protected":false},"excerpt":{"rendered":"<p>Genidens genidens (Cuvier, 1829) Algumas caracter\u00edsticas da esp\u00e9cie Genidens genidens est\u00e3o indicadas na figura acima. S\u00e3o diferenciados de outros bagres nos estu\u00e1rios pelas placas dent\u00edgeras acess\u00f3rias, agregadas em duas proje\u00e7\u00f5es carnosas salientes, nas laterais da cavidade bucal, com dentes viliformes &hellip; <a href=\"http:\/\/nossacasa.net\/nossosriachos\/tabuleiros\/genidens-genidens\/\">Continue lendo <span class=\"meta-nav\">&rarr;<\/span><\/a><\/p>\n","protected":false},"author":1,"featured_media":4247,"parent":0,"menu_order":0,"comment_status":"closed","ping_status":"closed","template":"","meta":{"footnotes":""},"class_list":["post-1762","page","type-page","status-publish","has-post-thumbnail","hentry"],"_links":{"self":[{"href":"http:\/\/nossacasa.net\/nossosriachos\/tabuleiros\/wp-json\/wp\/v2\/pages\/1762","targetHints":{"allow":["GET"]}}],"collection":[{"href":"http:\/\/nossacasa.net\/nossosriachos\/tabuleiros\/wp-json\/wp\/v2\/pages"}],"about":[{"href":"http:\/\/nossacasa.net\/nossosriachos\/tabuleiros\/wp-json\/wp\/v2\/types\/page"}],"author":[{"embeddable":true,"href":"http:\/\/nossacasa.net\/nossosriachos\/tabuleiros\/wp-json\/wp\/v2\/users\/1"}],"replies":[{"embeddable":true,"href":"http:\/\/nossacasa.net\/nossosriachos\/tabuleiros\/wp-json\/wp\/v2\/comments?post=1762"}],"version-history":[{"count":2,"href":"http:\/\/nossacasa.net\/nossosriachos\/tabuleiros\/wp-json\/wp\/v2\/pages\/1762\/revisions"}],"predecessor-version":[{"id":4252,"href":"http:\/\/nossacasa.net\/nossosriachos\/tabuleiros\/wp-json\/wp\/v2\/pages\/1762\/revisions\/4252"}],"wp:featuredmedia":[{"embeddable":true,"href":"http:\/\/nossacasa.net\/nossosriachos\/tabuleiros\/wp-json\/wp\/v2\/media\/4247"}],"wp:attachment":[{"href":"http:\/\/nossacasa.net\/nossosriachos\/tabuleiros\/wp-json\/wp\/v2\/media?parent=1762"}],"curies":[{"name":"wp","href":"https:\/\/api.w.org\/{rel}","templated":true}]}}