{"id":1767,"date":"2019-09-12T14:14:24","date_gmt":"2019-09-12T17:14:24","guid":{"rendered":"http:\/\/nossacasa.net\/nossosriachos\/rios\/?page_id=1767"},"modified":"2019-10-03T10:07:02","modified_gmt":"2019-10-03T13:07:02","slug":"paragenidens","status":"publish","type":"page","link":"http:\/\/nossacasa.net\/nossosriachos\/tabuleiros\/paragenidens\/","title":{"rendered":"Paragenidens"},"content":{"rendered":"<div style=\"text-align: justify\">\n<h1>Os <em>Paragenidens<\/em> Marceniuk et al., 2019<\/h1>\n<p><img loading=\"lazy\" decoding=\"async\" src=\"http:\/\/nossacasa.net\/nossosriachos\/tabuleiros\/wp-content\/uploads\/sites\/13\/2019\/10\/Paragenidens-Marceniuk.png\" alt=\"\" width=\"800\" height=\"283\" class=\"aligncenter size-full wp-image-4256\" srcset=\"http:\/\/nossacasa.net\/nossosriachos\/tabuleiros\/wp-content\/uploads\/sites\/13\/2019\/10\/Paragenidens-Marceniuk.png 800w, http:\/\/nossacasa.net\/nossosriachos\/tabuleiros\/wp-content\/uploads\/sites\/13\/2019\/10\/Paragenidens-Marceniuk-300x106.png 300w, http:\/\/nossacasa.net\/nossosriachos\/tabuleiros\/wp-content\/uploads\/sites\/13\/2019\/10\/Paragenidens-Marceniuk-768x272.png 768w, http:\/\/nossacasa.net\/nossosriachos\/tabuleiros\/wp-content\/uploads\/sites\/13\/2019\/10\/Paragenidens-Marceniuk-500x177.png 500w\" sizes=\"auto, (max-width: 800px) 100vw, 800px\" \/><\/p>\n<p><img loading=\"lazy\" decoding=\"async\" src=\"http:\/\/nossacasa.net\/nossosriachos\/tabuleiros\/wp-content\/uploads\/sites\/13\/2019\/10\/Paragenidens_i.png\" alt=\"\" width=\"800\" height=\"283\" class=\"aligncenter size-full wp-image-4255\" srcset=\"http:\/\/nossacasa.net\/nossosriachos\/tabuleiros\/wp-content\/uploads\/sites\/13\/2019\/10\/Paragenidens_i.png 800w, http:\/\/nossacasa.net\/nossosriachos\/tabuleiros\/wp-content\/uploads\/sites\/13\/2019\/10\/Paragenidens_i-300x106.png 300w, http:\/\/nossacasa.net\/nossosriachos\/tabuleiros\/wp-content\/uploads\/sites\/13\/2019\/10\/Paragenidens_i-768x272.png 768w, http:\/\/nossacasa.net\/nossosriachos\/tabuleiros\/wp-content\/uploads\/sites\/13\/2019\/10\/Paragenidens_i-500x177.png 500w\" sizes=\"auto, (max-width: 800px) 100vw, 800px\" \/><\/p>\n<p>Algumas caracter\u00edsticas do g\u00eanero <strong><em>Paragenidens<\/em><\/strong> est\u00e3o indicadas na figura acima.<\/p>\n<p>S\u00e3o diferenciados de outros bagres nos estu\u00e1rios pelas placas dent\u00edgeras acess\u00f3rias vestigiais. Fontanela craniana posterior longa e estreita. Focinho longo, correspondendo a quase a metade do comprimento da cabe\u00e7a. <\/p>\n<p>O g\u00eanero <strong><em>Paragenidens<\/em><\/strong> \u00e9 um dos quatro g\u00eaneros da fam\u00edlia <a href=\"http:\/\/nossacasa.net\/nossosriachos\/tabuleiros\/ariidae\/\">Ariidae<\/a> representante dos <a href=\"http:\/\/nossacasa.net\/nossosriachos\/tabuleiros\/siluriformes\/\">Siluriformes<\/a> nas regi\u00f5es dos tabuleiros. <\/p>\n<p>Na regi\u00e3o dos tabuleiros da Mata Atl\u00e2ntica encontramos uma \u00fanica esp\u00e9cie do g\u00eanero <strong><em>Paragenidens<\/em><\/strong>: <em><a href=\"http:\/\/nossacasa.net\/nossosriachos\/tabuleiros\/paragenidens-grandoculis\/\">Paragenidens grandoculis<\/a><\/em>.<\/p>\n<hr>\n<\/div>\n","protected":false},"excerpt":{"rendered":"<p>Os Paragenidens Marceniuk et al., 2019 Algumas caracter\u00edsticas do g\u00eanero Paragenidens est\u00e3o indicadas na figura acima. S\u00e3o diferenciados de outros bagres nos estu\u00e1rios pelas placas dent\u00edgeras acess\u00f3rias vestigiais. Fontanela craniana posterior longa e estreita. Focinho longo, correspondendo a quase a &hellip; <a href=\"http:\/\/nossacasa.net\/nossosriachos\/tabuleiros\/paragenidens\/\">Continue lendo <span class=\"meta-nav\">&rarr;<\/span><\/a><\/p>\n","protected":false},"author":1,"featured_media":0,"parent":0,"menu_order":0,"comment_status":"closed","ping_status":"closed","template":"","meta":{"footnotes":""},"class_list":["post-1767","page","type-page","status-publish","hentry"],"_links":{"self":[{"href":"http:\/\/nossacasa.net\/nossosriachos\/tabuleiros\/wp-json\/wp\/v2\/pages\/1767","targetHints":{"allow":["GET"]}}],"collection":[{"href":"http:\/\/nossacasa.net\/nossosriachos\/tabuleiros\/wp-json\/wp\/v2\/pages"}],"about":[{"href":"http:\/\/nossacasa.net\/nossosriachos\/tabuleiros\/wp-json\/wp\/v2\/types\/page"}],"author":[{"embeddable":true,"href":"http:\/\/nossacasa.net\/nossosriachos\/tabuleiros\/wp-json\/wp\/v2\/users\/1"}],"replies":[{"embeddable":true,"href":"http:\/\/nossacasa.net\/nossosriachos\/tabuleiros\/wp-json\/wp\/v2\/comments?post=1767"}],"version-history":[{"count":3,"href":"http:\/\/nossacasa.net\/nossosriachos\/tabuleiros\/wp-json\/wp\/v2\/pages\/1767\/revisions"}],"predecessor-version":[{"id":4257,"href":"http:\/\/nossacasa.net\/nossosriachos\/tabuleiros\/wp-json\/wp\/v2\/pages\/1767\/revisions\/4257"}],"wp:attachment":[{"href":"http:\/\/nossacasa.net\/nossosriachos\/tabuleiros\/wp-json\/wp\/v2\/media?parent=1767"}],"curies":[{"name":"wp","href":"https:\/\/api.w.org\/{rel}","templated":true}]}}