{"id":1769,"date":"2019-09-12T14:12:44","date_gmt":"2019-09-12T17:12:44","guid":{"rendered":"http:\/\/nossacasa.net\/nossosriachos\/rios\/?page_id=1769"},"modified":"2019-10-03T10:10:14","modified_gmt":"2019-10-03T13:10:14","slug":"paragenidens-grandoculis","status":"publish","type":"page","link":"http:\/\/nossacasa.net\/nossosriachos\/tabuleiros\/paragenidens-grandoculis\/","title":{"rendered":"Paragenidens grandoculis"},"content":{"rendered":"<div style=\"text-align: justify\">\n<h1><em>Paragenidens grandoculis<\/em> (Steindachner, 1877)<\/h1>\n<p><img loading=\"lazy\" decoding=\"async\" src=\"http:\/\/nossacasa.net\/nossosriachos\/tabuleiros\/wp-content\/uploads\/sites\/13\/2019\/10\/Paragenidens-Marceniuk.png\" alt=\"\" width=\"800\" height=\"283\" class=\"aligncenter size-full wp-image-4256\" srcset=\"http:\/\/nossacasa.net\/nossosriachos\/tabuleiros\/wp-content\/uploads\/sites\/13\/2019\/10\/Paragenidens-Marceniuk.png 800w, http:\/\/nossacasa.net\/nossosriachos\/tabuleiros\/wp-content\/uploads\/sites\/13\/2019\/10\/Paragenidens-Marceniuk-300x106.png 300w, http:\/\/nossacasa.net\/nossosriachos\/tabuleiros\/wp-content\/uploads\/sites\/13\/2019\/10\/Paragenidens-Marceniuk-768x272.png 768w, http:\/\/nossacasa.net\/nossosriachos\/tabuleiros\/wp-content\/uploads\/sites\/13\/2019\/10\/Paragenidens-Marceniuk-500x177.png 500w\" sizes=\"auto, (max-width: 800px) 100vw, 800px\" \/><\/p>\n<p>Algumas caracter\u00edsticas da esp\u00e9cie <strong><em>Paragenidens grandoculis<\/em><\/strong> est\u00e3o indicadas na figura acima.<\/p>\n<p>S\u00e3o diferenciados de outros bagres nos estu\u00e1rios pelas placas dent\u00edgeras acess\u00f3rias vestigiais. Fontanela craniana posterior longa e estreita. Focinho longo, correspondendo a quase a metade do comprimento da cabe\u00e7a. <\/p>\n<p>Na regi\u00e3o dos tabuleiros, habita estu\u00e1rios e lagoas marginais junto a foz do rio Doce. \u00c9 a esp\u00e9cie de bagre marinho mais amea\u00e7ada do litoral brasileiro, categorizada como criticamente em perigo. As principais amea\u00e7as a sobreviv\u00eancia desta esp\u00e9cie foi a introdu\u00e7\u00e3o de esp\u00e9cies predadoras como a piranha e o tucunar\u00e9 (Marceniuk et al, 2019). <\/p>\n<p>Relatos de pescadores informam que at\u00e9 os anos 70 esse peixe era muito apanhado, n\u00e3o para venda, mas para consumo pr\u00f3prio das fam\u00edlias dos pescadores. No rio Doce ainda ocorre na lagoa nova, em leito profundo, a 30 metros de profundidade. Nas \u00e1guas superficiais h\u00e1 piranhas, e o peixe parece ter encontrado nas \u00e1guas profundas um nicho para continuar a viver na regi\u00e3o lacustre do baixo rio Doce.<\/p>\n<p>A esp\u00e9cie <strong><em>Paragenidens grandoculis<\/em><\/strong> \u00e9 a \u00fanica representante do g\u00eanero <em><a href=\"http:\/\/nossacasa.net\/nossosriachos\/tabuleiros\/paragenidens\/\">Paragenidens<\/a><\/em> da fam\u00edlia <a href=\"http:\/\/nossacasa.net\/nossosriachos\/tabuleiros\/ariidae\/\">Ariidae<\/a> nas regi\u00f5es dos tabuleiros.<\/p>\n<hr \/>\n<\/div>\n<p>. <\/p>\n","protected":false},"excerpt":{"rendered":"<p>Paragenidens grandoculis (Steindachner, 1877) Algumas caracter\u00edsticas da esp\u00e9cie Paragenidens grandoculis est\u00e3o indicadas na figura acima. S\u00e3o diferenciados de outros bagres nos estu\u00e1rios pelas placas dent\u00edgeras acess\u00f3rias vestigiais. Fontanela craniana posterior longa e estreita. Focinho longo, correspondendo a quase a metade &hellip; <a href=\"http:\/\/nossacasa.net\/nossosriachos\/tabuleiros\/paragenidens-grandoculis\/\">Continue lendo <span class=\"meta-nav\">&rarr;<\/span><\/a><\/p>\n","protected":false},"author":1,"featured_media":4256,"parent":0,"menu_order":0,"comment_status":"closed","ping_status":"closed","template":"","meta":{"footnotes":""},"class_list":["post-1769","page","type-page","status-publish","has-post-thumbnail","hentry"],"_links":{"self":[{"href":"http:\/\/nossacasa.net\/nossosriachos\/tabuleiros\/wp-json\/wp\/v2\/pages\/1769","targetHints":{"allow":["GET"]}}],"collection":[{"href":"http:\/\/nossacasa.net\/nossosriachos\/tabuleiros\/wp-json\/wp\/v2\/pages"}],"about":[{"href":"http:\/\/nossacasa.net\/nossosriachos\/tabuleiros\/wp-json\/wp\/v2\/types\/page"}],"author":[{"embeddable":true,"href":"http:\/\/nossacasa.net\/nossosriachos\/tabuleiros\/wp-json\/wp\/v2\/users\/1"}],"replies":[{"embeddable":true,"href":"http:\/\/nossacasa.net\/nossosriachos\/tabuleiros\/wp-json\/wp\/v2\/comments?post=1769"}],"version-history":[{"count":2,"href":"http:\/\/nossacasa.net\/nossosriachos\/tabuleiros\/wp-json\/wp\/v2\/pages\/1769\/revisions"}],"predecessor-version":[{"id":4259,"href":"http:\/\/nossacasa.net\/nossosriachos\/tabuleiros\/wp-json\/wp\/v2\/pages\/1769\/revisions\/4259"}],"wp:featuredmedia":[{"embeddable":true,"href":"http:\/\/nossacasa.net\/nossosriachos\/tabuleiros\/wp-json\/wp\/v2\/media\/4256"}],"wp:attachment":[{"href":"http:\/\/nossacasa.net\/nossosriachos\/tabuleiros\/wp-json\/wp\/v2\/media?parent=1769"}],"curies":[{"name":"wp","href":"https:\/\/api.w.org\/{rel}","templated":true}]}}