{"id":1781,"date":"2019-09-12T14:45:52","date_gmt":"2019-09-12T17:45:52","guid":{"rendered":"http:\/\/nossacasa.net\/nossosriachos\/rios\/?page_id=1781"},"modified":"2019-10-03T10:30:06","modified_gmt":"2019-10-03T13:30:06","slug":"glanidium-botocudo","status":"publish","type":"page","link":"http:\/\/nossacasa.net\/nossosriachos\/tabuleiros\/glanidium-botocudo\/","title":{"rendered":"Glanidium botocudo"},"content":{"rendered":"<div style=\"text-align: justify\">\n<h1><em>Glanidium botocudo<\/em> Sarmento-Soares &amp; Martins-Pinheiro, 2013<\/h1>\n<p><img loading=\"lazy\" decoding=\"async\" src=\"http:\/\/nossacasa.net\/nossosriachos\/tabuleiros\/wp-content\/uploads\/sites\/13\/2019\/10\/Glanidium-botocudo_macho.png\" alt=\"\" width=\"800\" height=\"284\" class=\"aligncenter size-full wp-image-4263\" srcset=\"http:\/\/nossacasa.net\/nossosriachos\/tabuleiros\/wp-content\/uploads\/sites\/13\/2019\/10\/Glanidium-botocudo_macho.png 800w, http:\/\/nossacasa.net\/nossosriachos\/tabuleiros\/wp-content\/uploads\/sites\/13\/2019\/10\/Glanidium-botocudo_macho-300x107.png 300w, http:\/\/nossacasa.net\/nossosriachos\/tabuleiros\/wp-content\/uploads\/sites\/13\/2019\/10\/Glanidium-botocudo_macho-768x273.png 768w, http:\/\/nossacasa.net\/nossosriachos\/tabuleiros\/wp-content\/uploads\/sites\/13\/2019\/10\/Glanidium-botocudo_macho-500x178.png 500w\" sizes=\"auto, (max-width: 800px) 100vw, 800px\" \/><br \/>\n<img loading=\"lazy\" decoding=\"async\" src=\"http:\/\/nossacasa.net\/nossosriachos\/tabuleiros\/wp-content\/uploads\/sites\/13\/2019\/10\/Glanidium-botocudo_femea.png\" alt=\"\" width=\"800\" height=\"262\" class=\"aligncenter size-full wp-image-4262\" srcset=\"http:\/\/nossacasa.net\/nossosriachos\/tabuleiros\/wp-content\/uploads\/sites\/13\/2019\/10\/Glanidium-botocudo_femea.png 800w, http:\/\/nossacasa.net\/nossosriachos\/tabuleiros\/wp-content\/uploads\/sites\/13\/2019\/10\/Glanidium-botocudo_femea-300x98.png 300w, http:\/\/nossacasa.net\/nossosriachos\/tabuleiros\/wp-content\/uploads\/sites\/13\/2019\/10\/Glanidium-botocudo_femea-768x252.png 768w, http:\/\/nossacasa.net\/nossosriachos\/tabuleiros\/wp-content\/uploads\/sites\/13\/2019\/10\/Glanidium-botocudo_femea-500x164.png 500w\" sizes=\"auto, (max-width: 800px) 100vw, 800px\" \/><\/p>\n<p>Algumas caracter\u00edsticas da esp\u00e9cie <strong><em>Glanidium botocudo<\/em><\/strong> est\u00e3o indicadas na figura acima.<\/p>\n<p>Peixes <strong><em>Glanidium botocudo<\/em><\/strong> se diferenciam dos demais <a href=\"http:\/\/nossacasa.net\/nossosriachos\/tabuleiros\/auchenipteridae\/\">Auchenipteridae<\/a> nos rios dos tabuleiros pela nadadeira anal curta, com menos de 8 raios ramificados, e ainda pelas caracter\u00edsticas da nadadeira nala modificada em machos sexualmente maduros. <\/p>\n<p>A f\u00eamea possui a nadadeira indiferenciada, como a de indiv\u00edduos imaturos. O macho quando atinge a matura\u00e7\u00e3o, tem sua nadadeira anal modificada em um condutor de esperma, para fertiliza\u00e7\u00e3o interna da f\u00eamea, uma situa\u00e7\u00e3o pouco comum em bagres.<\/p>\n<p>Em <strong><em>Glanidium botocudo<\/em><\/strong> os raios da nadadeira anal de machos sexualmente maduros orientados posteriormente, em posi\u00e7\u00e3o quase paralela ao eixo longitudinal do corpo. Papila urogenital de machos sexualmente maduros emergindo a partir de dobra de pele, junto a origem da nadadeira anal.<\/p>\n<p>Possuem olhos pequenos menos de 20% no comprimento da cabe\u00e7a; dent\u00edculos retrorsos na margem anterior do espinho da nadadeira peitoral e colora\u00e7\u00e3o do corpo clara, com pequenas m\u00e1culas, o que lhes rendeu o nome popular de pacu branco nas cabeceiras do rio Doce. <\/p>\n<p>S\u00e3o peixes de tamanho m\u00e9dio a grande, alcan\u00e7ando cerca de 90 mm de comprimento padr\u00e3o. <\/p>\n<p>Difere da esp\u00e9cie do rio S\u00e3o Francisco, <em>Glanidium albescens<\/em>, pelo tamanho relativamente menor dos indiv\u00edduos adultos, 80 a 90 mm de comprimento padr\u00e3o (versus. 95 a 120 mm de comprimento em <em>G. albescens<\/em>) e ainda quanto \u00e0 propor\u00e7\u00f5es corporais. <\/p>\n<p>Ocorrem nos rios Doce e Mucuri, com registros para Minas Gerais e Bahia. <\/p>\n<p>Habitam o leito profundo, vivendo na calha central de grandes rios, entrando em atividade pelo crep\u00fasculo e a noite. Apresentam h\u00e1bitos alimentares invert\u00edvoros, consumindo uma grande variedade de insetos, especialmente est\u00e1gios larvais aqu\u00e1ticos.<\/p>\n<p>S\u00e3o pouco conhecidos da popula\u00e7\u00e3o em geral e por serem naturalmente pouco abundantes e frequentes acabam n\u00e3o s\u00e3o utilizados como alimento pela popula\u00e7\u00e3o ribeirinha.<\/p>\n<p>A esp\u00e9cie <strong><em>Glanidium botocudo<\/em><\/strong> \u00e9 a \u00fanica representante do g\u00eanero <em><a href=\"http:\/\/nossacasa.net\/nossosriachos\/tabuleiros\/glanidium\/\">Glanidium<\/a><\/em> da fam\u00edlia <a href=\"http:\/\/nossacasa.net\/nossosriachos\/tabuleiros\/auchenipteridae\/\">Auchenipteridae<\/a> nas regi\u00f5es dos tabuleiros.<\/p>\n<hr \/>\n<\/div>\n<p>. <\/p>\n","protected":false},"excerpt":{"rendered":"<p>Glanidium botocudo Sarmento-Soares &amp; Martins-Pinheiro, 2013 Algumas caracter\u00edsticas da esp\u00e9cie Glanidium botocudo est\u00e3o indicadas na figura acima. Peixes Glanidium botocudo se diferenciam dos demais Auchenipteridae nos rios dos tabuleiros pela nadadeira anal curta, com menos de 8 raios ramificados, e &hellip; <a href=\"http:\/\/nossacasa.net\/nossosriachos\/tabuleiros\/glanidium-botocudo\/\">Continue lendo <span class=\"meta-nav\">&rarr;<\/span><\/a><\/p>\n","protected":false},"author":1,"featured_media":4263,"parent":0,"menu_order":0,"comment_status":"closed","ping_status":"closed","template":"","meta":{"footnotes":""},"class_list":["post-1781","page","type-page","status-publish","has-post-thumbnail","hentry"],"_links":{"self":[{"href":"http:\/\/nossacasa.net\/nossosriachos\/tabuleiros\/wp-json\/wp\/v2\/pages\/1781","targetHints":{"allow":["GET"]}}],"collection":[{"href":"http:\/\/nossacasa.net\/nossosriachos\/tabuleiros\/wp-json\/wp\/v2\/pages"}],"about":[{"href":"http:\/\/nossacasa.net\/nossosriachos\/tabuleiros\/wp-json\/wp\/v2\/types\/page"}],"author":[{"embeddable":true,"href":"http:\/\/nossacasa.net\/nossosriachos\/tabuleiros\/wp-json\/wp\/v2\/users\/1"}],"replies":[{"embeddable":true,"href":"http:\/\/nossacasa.net\/nossosriachos\/tabuleiros\/wp-json\/wp\/v2\/comments?post=1781"}],"version-history":[{"count":3,"href":"http:\/\/nossacasa.net\/nossosriachos\/tabuleiros\/wp-json\/wp\/v2\/pages\/1781\/revisions"}],"predecessor-version":[{"id":4268,"href":"http:\/\/nossacasa.net\/nossosriachos\/tabuleiros\/wp-json\/wp\/v2\/pages\/1781\/revisions\/4268"}],"wp:featuredmedia":[{"embeddable":true,"href":"http:\/\/nossacasa.net\/nossosriachos\/tabuleiros\/wp-json\/wp\/v2\/media\/4263"}],"wp:attachment":[{"href":"http:\/\/nossacasa.net\/nossosriachos\/tabuleiros\/wp-json\/wp\/v2\/media?parent=1781"}],"curies":[{"name":"wp","href":"https:\/\/api.w.org\/{rel}","templated":true}]}}