{"id":1782,"date":"2019-09-12T14:44:05","date_gmt":"2019-09-12T17:44:05","guid":{"rendered":"http:\/\/nossacasa.net\/nossosriachos\/rios\/?page_id=1782"},"modified":"2019-10-03T10:22:54","modified_gmt":"2019-10-03T13:22:54","slug":"glanidium","status":"publish","type":"page","link":"http:\/\/nossacasa.net\/nossosriachos\/tabuleiros\/glanidium\/","title":{"rendered":"Glanidium"},"content":{"rendered":"<div style=\"text-align: justify\">\n<h1>Os <em>Glanidium<\/em> L\u00fctken, 1874<\/h1>\n<p><img loading=\"lazy\" decoding=\"async\" src=\"http:\/\/nossacasa.net\/nossosriachos\/tabuleiros\/wp-content\/uploads\/sites\/13\/2019\/10\/Glanidium.png\" alt=\"\" width=\"800\" height=\"240\" class=\"aligncenter size-full wp-image-4261\" srcset=\"http:\/\/nossacasa.net\/nossosriachos\/tabuleiros\/wp-content\/uploads\/sites\/13\/2019\/10\/Glanidium.png 800w, http:\/\/nossacasa.net\/nossosriachos\/tabuleiros\/wp-content\/uploads\/sites\/13\/2019\/10\/Glanidium-300x90.png 300w, http:\/\/nossacasa.net\/nossosriachos\/tabuleiros\/wp-content\/uploads\/sites\/13\/2019\/10\/Glanidium-768x230.png 768w, http:\/\/nossacasa.net\/nossosriachos\/tabuleiros\/wp-content\/uploads\/sites\/13\/2019\/10\/Glanidium-500x150.png 500w\" sizes=\"auto, (max-width: 800px) 100vw, 800px\" \/><\/p>\n<p><img loading=\"lazy\" decoding=\"async\" src=\"http:\/\/nossacasa.net\/nossosriachos\/tabuleiros\/wp-content\/uploads\/sites\/13\/2019\/10\/Glanidium_i.png\" alt=\"\" width=\"800\" height=\"288\" class=\"aligncenter size-full wp-image-4264\" srcset=\"http:\/\/nossacasa.net\/nossosriachos\/tabuleiros\/wp-content\/uploads\/sites\/13\/2019\/10\/Glanidium_i.png 800w, http:\/\/nossacasa.net\/nossosriachos\/tabuleiros\/wp-content\/uploads\/sites\/13\/2019\/10\/Glanidium_i-300x108.png 300w, http:\/\/nossacasa.net\/nossosriachos\/tabuleiros\/wp-content\/uploads\/sites\/13\/2019\/10\/Glanidium_i-768x276.png 768w, http:\/\/nossacasa.net\/nossosriachos\/tabuleiros\/wp-content\/uploads\/sites\/13\/2019\/10\/Glanidium_i-500x180.png 500w\" sizes=\"auto, (max-width: 800px) 100vw, 800px\" \/><\/p>\n<p>Algumas caracter\u00edsticas do g\u00eanero <strong><em>Glanidium <\/em><\/strong> est\u00e3o indicadas na figura acima.<\/p>\n<p>Se diferenciam dos demais peixes <a href=\"http:\/\/nossacasa.net\/nossosriachos\/tabuleiros\/auchenipteridae\/\">Auchenipteridae<\/a> nos rios dos tabuleiros pela nadadeira anal curta, com menos de 8 raios ramificados, e ainda pelas caracter\u00edsticas da nadadeira nala modificada em machos sexualmente maduros.<\/p>\n<p>Raios da nadadeira anal de machos sexualmente maduros orientados posteriormente, em posi\u00e7\u00e3o quase paralela ao eixo longitudinal do corpo. Papila urogenital de machos sexualmente maduros emergindo a partir de dobra de pele, junto a origem da nadadeira anal.<\/p>\n<p>O g\u00eanero <strong><em>Glanidiums<\/em><\/strong> \u00e9 um dos tr\u00eas g\u00eaneros da fam\u00edlia <a href=\"http:\/\/nossacasa.net\/nossosriachos\/tabuleiros\/auchenipteridae\/\">Auchenipteridae<\/a> representante dos representante dos <a href=\"http:\/\/nossacasa.net\/nossosriachos\/tabuleiros\/siluriformes\/\">Siluriformes<\/a> nas regi\u00f5es dos tabuleiros. <\/p>\n<p>Na regi\u00e3o dos tabuleiros da Mata Atl\u00e2ntica encontramos uma \u00fanica esp\u00e9cie do g\u00eanero <strong><em>Glanidium<\/em><\/strong>: <em><a href=\"http:\/\/nossacasa.net\/nossosriachos\/tabuleiros\/glanidium-botocudo\/\">Glanidium botocudo<\/a><\/em>.<\/p>\n<hr>\n<\/div>\n","protected":false},"excerpt":{"rendered":"<p>Os Glanidium L\u00fctken, 1874 Algumas caracter\u00edsticas do g\u00eanero Glanidium est\u00e3o indicadas na figura acima. Se diferenciam dos demais peixes Auchenipteridae nos rios dos tabuleiros pela nadadeira anal curta, com menos de 8 raios ramificados, e ainda pelas caracter\u00edsticas da nadadeira &hellip; <a href=\"http:\/\/nossacasa.net\/nossosriachos\/tabuleiros\/glanidium\/\">Continue lendo <span class=\"meta-nav\">&rarr;<\/span><\/a><\/p>\n","protected":false},"author":1,"featured_media":0,"parent":0,"menu_order":0,"comment_status":"closed","ping_status":"closed","template":"","meta":{"footnotes":""},"class_list":["post-1782","page","type-page","status-publish","hentry"],"_links":{"self":[{"href":"http:\/\/nossacasa.net\/nossosriachos\/tabuleiros\/wp-json\/wp\/v2\/pages\/1782","targetHints":{"allow":["GET"]}}],"collection":[{"href":"http:\/\/nossacasa.net\/nossosriachos\/tabuleiros\/wp-json\/wp\/v2\/pages"}],"about":[{"href":"http:\/\/nossacasa.net\/nossosriachos\/tabuleiros\/wp-json\/wp\/v2\/types\/page"}],"author":[{"embeddable":true,"href":"http:\/\/nossacasa.net\/nossosriachos\/tabuleiros\/wp-json\/wp\/v2\/users\/1"}],"replies":[{"embeddable":true,"href":"http:\/\/nossacasa.net\/nossosriachos\/tabuleiros\/wp-json\/wp\/v2\/comments?post=1782"}],"version-history":[{"count":3,"href":"http:\/\/nossacasa.net\/nossosriachos\/tabuleiros\/wp-json\/wp\/v2\/pages\/1782\/revisions"}],"predecessor-version":[{"id":4265,"href":"http:\/\/nossacasa.net\/nossosriachos\/tabuleiros\/wp-json\/wp\/v2\/pages\/1782\/revisions\/4265"}],"wp:attachment":[{"href":"http:\/\/nossacasa.net\/nossosriachos\/tabuleiros\/wp-json\/wp\/v2\/media?parent=1782"}],"curies":[{"name":"wp","href":"https:\/\/api.w.org\/{rel}","templated":true}]}}