{"id":1786,"date":"2019-09-12T14:49:11","date_gmt":"2019-09-12T17:49:11","guid":{"rendered":"http:\/\/nossacasa.net\/nossosriachos\/rios\/?page_id=1786"},"modified":"2019-10-03T13:38:55","modified_gmt":"2019-10-03T16:38:55","slug":"pseudauchenipterus-affinis","status":"publish","type":"page","link":"http:\/\/nossacasa.net\/nossosriachos\/tabuleiros\/pseudauchenipterus-affinis\/","title":{"rendered":"Pseudauchenipterus affinis"},"content":{"rendered":"<div style=\"text-align: justify\">\n<h1><em>Pseudauchenipterus affinis<\/em> (Steindachner, 1877)<\/h1>\n<p><img loading=\"lazy\" decoding=\"async\" src=\"http:\/\/nossacasa.net\/nossosriachos\/tabuleiros\/wp-content\/uploads\/sites\/13\/2019\/10\/Pseudauchenipterus-affinis.png\" alt=\"\" width=\"800\" height=\"261\" class=\"aligncenter size-full wp-image-4271\" srcset=\"http:\/\/nossacasa.net\/nossosriachos\/tabuleiros\/wp-content\/uploads\/sites\/13\/2019\/10\/Pseudauchenipterus-affinis.png 800w, http:\/\/nossacasa.net\/nossosriachos\/tabuleiros\/wp-content\/uploads\/sites\/13\/2019\/10\/Pseudauchenipterus-affinis-300x98.png 300w, http:\/\/nossacasa.net\/nossosriachos\/tabuleiros\/wp-content\/uploads\/sites\/13\/2019\/10\/Pseudauchenipterus-affinis-768x251.png 768w, http:\/\/nossacasa.net\/nossosriachos\/tabuleiros\/wp-content\/uploads\/sites\/13\/2019\/10\/Pseudauchenipterus-affinis-500x163.png 500w\" sizes=\"auto, (max-width: 800px) 100vw, 800px\" \/><\/p>\n<p>Algumas caracter\u00edsticas da esp\u00e9cie <strong><em>Pseudauchenipterus affinis<\/em><\/strong> est\u00e3o indicadas na figura acima.<\/p>\n<p>Inclui peixes de m\u00e9dio porte, alcan\u00e7ando at\u00e9 110 mm de comprimento padr\u00e3o. Possuem o corpo prateado, com dorso cinza azulado, tornando-se mais claro abaixo da linha lateral, e as nadadeiras amareladas. <\/p>\n<p>S\u00e3o distinguidos pelo processo humeral curto, n\u00e3o alcan\u00e7a vertical da origem da dorsal. Nadadeira anal longa, com 17-25 raios. Nadadeira p\u00e9lvica com 7 raios ramificados. Espinho da nadadeira peitoral serrilhado apenas no bordo posterior. Papilas d\u00e9rmicas na regi\u00e3o humeral. Nadadeira caudal bifurcada. <\/p>\n<p>Peixes <a href=\"http:\/\/nossacasa.net\/nossosriachos\/tabuleiros\/pseudauchenipterus\/\"><em>Pseudauchenipterus<\/em><\/a> s\u00e3o os \u00fanicos bagres <a href=\"http:\/\/nossacasa.net\/nossosriachos\/tabuleiros\/auchenipteridae\/\">Auchenipteridae<\/a> com toler\u00e2ncia a altas taxas de salinidade.<\/p>\n<p>Poucas esp\u00e9cies de bagres de \u00e1gua doce frequentam \u00e1reas estuarinas, mas <strong><em>Pseudauchenipterus affinis<\/em><\/strong> adentra \u00e1reas de manguezal, sendo uma esp\u00e9cie mais comum no ter\u00e7o inferior dos grandes rios.  Bagres <strong><em>Pseudauchenipterus affinis<\/em><\/strong> chegam a ser capturados em \u00e1reas estuarinas junto com esp\u00e9cies do bagre marinho <a href=\"http:\/\/nossacasa.net\/nossosriachos\/tabuleiros\/genidens-genidens\/\"><em>Genidens genidens<\/em><\/a>, junto a desembocadura de grandes rios, e n\u00e3o raro, h\u00e1 confus\u00e3o no reconhecimento destes bagres de \u00e1gua doce e salgada. <\/p>\n<p><strong><em>Pseudauchenipterus affinis<\/em><\/strong> pode facilmente ser distinguida das esp\u00e9cies marinhas de Ariidae por possuir as narinas anterior e posterior afastadas entre si (versus narinas muito pr\u00f3ximas entre si em Ariidae).<\/p>\n<p><strong><em>Pseudauchenipterus affinis<\/em><\/strong> ocorre nos vales fluviais dos rios Doce e Mucuri, sendo substitu\u00edda por <em>Pseudauchenipterus jequitinhonhae<\/em> no vale dos rios Jequitinhonha e Pardo (Akama &#038; Sarmento-Soares, 2007).<\/p>\n<p>A esp\u00e9cie <strong><em>Pseudauchenipterus affinis<\/em><\/strong> \u00e9 a \u00fanica representante do g\u00eanero <em><a href=\"http:\/\/nossacasa.net\/nossosriachos\/tabuleiros\/pseudauchenipterus\/\">Pseudauchenipterus<\/a><\/em> da fam\u00edlia <a href=\"http:\/\/nossacasa.net\/nossosriachos\/tabuleiros\/auchenipteridae\/\">Auchenipteridae<\/a> nas regi\u00f5es dos tabuleiros.<\/p>\n<hr \/>\n<\/div>\n<p>. <\/p>\n","protected":false},"excerpt":{"rendered":"<p>Pseudauchenipterus affinis (Steindachner, 1877) Algumas caracter\u00edsticas da esp\u00e9cie Pseudauchenipterus affinis est\u00e3o indicadas na figura acima. Inclui peixes de m\u00e9dio porte, alcan\u00e7ando at\u00e9 110 mm de comprimento padr\u00e3o. Possuem o corpo prateado, com dorso cinza azulado, tornando-se mais claro abaixo da &hellip; <a href=\"http:\/\/nossacasa.net\/nossosriachos\/tabuleiros\/pseudauchenipterus-affinis\/\">Continue lendo <span class=\"meta-nav\">&rarr;<\/span><\/a><\/p>\n","protected":false},"author":1,"featured_media":4271,"parent":0,"menu_order":0,"comment_status":"closed","ping_status":"closed","template":"","meta":{"footnotes":""},"class_list":["post-1786","page","type-page","status-publish","has-post-thumbnail","hentry"],"_links":{"self":[{"href":"http:\/\/nossacasa.net\/nossosriachos\/tabuleiros\/wp-json\/wp\/v2\/pages\/1786","targetHints":{"allow":["GET"]}}],"collection":[{"href":"http:\/\/nossacasa.net\/nossosriachos\/tabuleiros\/wp-json\/wp\/v2\/pages"}],"about":[{"href":"http:\/\/nossacasa.net\/nossosriachos\/tabuleiros\/wp-json\/wp\/v2\/types\/page"}],"author":[{"embeddable":true,"href":"http:\/\/nossacasa.net\/nossosriachos\/tabuleiros\/wp-json\/wp\/v2\/users\/1"}],"replies":[{"embeddable":true,"href":"http:\/\/nossacasa.net\/nossosriachos\/tabuleiros\/wp-json\/wp\/v2\/comments?post=1786"}],"version-history":[{"count":2,"href":"http:\/\/nossacasa.net\/nossosriachos\/tabuleiros\/wp-json\/wp\/v2\/pages\/1786\/revisions"}],"predecessor-version":[{"id":4274,"href":"http:\/\/nossacasa.net\/nossosriachos\/tabuleiros\/wp-json\/wp\/v2\/pages\/1786\/revisions\/4274"}],"wp:featuredmedia":[{"embeddable":true,"href":"http:\/\/nossacasa.net\/nossosriachos\/tabuleiros\/wp-json\/wp\/v2\/media\/4271"}],"wp:attachment":[{"href":"http:\/\/nossacasa.net\/nossosriachos\/tabuleiros\/wp-json\/wp\/v2\/media?parent=1786"}],"curies":[{"name":"wp","href":"https:\/\/api.w.org\/{rel}","templated":true}]}}