{"id":1792,"date":"2019-09-12T14:53:38","date_gmt":"2019-09-12T17:53:38","guid":{"rendered":"http:\/\/nossacasa.net\/nossosriachos\/rios\/?page_id=1792"},"modified":"2019-10-03T13:52:15","modified_gmt":"2019-10-03T16:52:15","slug":"trachelyopterus","status":"publish","type":"page","link":"http:\/\/nossacasa.net\/nossosriachos\/tabuleiros\/trachelyopterus\/","title":{"rendered":"Trachelyopterus"},"content":{"rendered":"<div style=\"text-align: justify\">\n<h1>Os <em>Trachelyopterus<\/em> Valenciennes in Cuvier and Valenciennes, 1840 2<\/h1>\n<p><img loading=\"lazy\" decoding=\"async\" src=\"http:\/\/nossacasa.net\/nossosriachos\/tabuleiros\/wp-content\/uploads\/sites\/13\/2019\/10\/Trachelyopterus.png\" alt=\"\" width=\"800\" height=\"280\" class=\"aligncenter size-full wp-image-4276\" srcset=\"http:\/\/nossacasa.net\/nossosriachos\/tabuleiros\/wp-content\/uploads\/sites\/13\/2019\/10\/Trachelyopterus.png 800w, http:\/\/nossacasa.net\/nossosriachos\/tabuleiros\/wp-content\/uploads\/sites\/13\/2019\/10\/Trachelyopterus-300x105.png 300w, http:\/\/nossacasa.net\/nossosriachos\/tabuleiros\/wp-content\/uploads\/sites\/13\/2019\/10\/Trachelyopterus-768x269.png 768w, http:\/\/nossacasa.net\/nossosriachos\/tabuleiros\/wp-content\/uploads\/sites\/13\/2019\/10\/Trachelyopterus-500x175.png 500w\" sizes=\"auto, (max-width: 800px) 100vw, 800px\" \/><\/p>\n<p>Algumas caracter\u00edsticas do g\u00eanero <strong><em>Trachelyopterus<\/em><\/strong> est\u00e3o indicadas na figura acima.<\/p>\n<p>S\u00e3o identificados pelo processo humeral curto, n\u00e3o alcan\u00e7a vertical da origem da dorsal. Nadadeira anal longa, com 27-40 raios. Nadadeira p\u00e9lvica com 6 raios ramificados. Espinho da nadadeira peitoral serrilhado nos bordos anterior e posterior. Nadadeira caudal emarginada. Habitantes das \u00e1guas doces. <\/p>\n<p>Se distinguem dos <a href=\"http:\/\/nossacasa.net\/nossosriachos\/tabuleiros\/glanidium\/\"><em>Glanidium<\/em><\/a> pela posi\u00e7\u00e3o da papila urogenital de machos sexualmente maduros emergindo a partir de tubo, que acompanha os raios anais anteriores com abertura na extremidade distal da nadadeira (versus papila na base da nadadeira em <a href=\"http:\/\/nossacasa.net\/nossosriachos\/tabuleiros\/glanidium\/\"><em>Glanidium<\/em><\/a>). <\/p>\n<p>O g\u00eanero <strong><em>Trachelyopterus<\/em><\/strong> \u00e9 um dos tr\u00eas g\u00eaneros da fam\u00edlia <a href=\"http:\/\/nossacasa.net\/nossosriachos\/tabuleiros\/auchenipteridae\/\">Auchenipteridae<\/a> representante dos representante dos <a href=\"http:\/\/nossacasa.net\/nossosriachos\/tabuleiros\/siluriformes\/\">Siluriformes<\/a> nas regi\u00f5es dos tabuleiros. <\/p>\n<p>Na regi\u00e3o dos tabuleiros da Mata Atl\u00e2ntica encontramos uma \u00fanica esp\u00e9cie do g\u00eanero <strong><em>Trachelyopterus<\/em><\/strong>: <em><a href=\"http:\/\/nossacasa.net\/nossosriachos\/tabuleiros\/trachelyopterus-striatulus\/\">Trachelyopterus striatulus<\/a><\/em>.<\/p>\n<hr \/>\n<\/div>\n","protected":false},"excerpt":{"rendered":"<p>Os Trachelyopterus Valenciennes in Cuvier and Valenciennes, 1840 2 Algumas caracter\u00edsticas do g\u00eanero Trachelyopterus est\u00e3o indicadas na figura acima. S\u00e3o identificados pelo processo humeral curto, n\u00e3o alcan\u00e7a vertical da origem da dorsal. Nadadeira anal longa, com 27-40 raios. Nadadeira p\u00e9lvica &hellip; <a href=\"http:\/\/nossacasa.net\/nossosriachos\/tabuleiros\/trachelyopterus\/\">Continue lendo <span class=\"meta-nav\">&rarr;<\/span><\/a><\/p>\n","protected":false},"author":1,"featured_media":0,"parent":0,"menu_order":0,"comment_status":"closed","ping_status":"closed","template":"","meta":{"footnotes":""},"class_list":["post-1792","page","type-page","status-publish","hentry"],"_links":{"self":[{"href":"http:\/\/nossacasa.net\/nossosriachos\/tabuleiros\/wp-json\/wp\/v2\/pages\/1792","targetHints":{"allow":["GET"]}}],"collection":[{"href":"http:\/\/nossacasa.net\/nossosriachos\/tabuleiros\/wp-json\/wp\/v2\/pages"}],"about":[{"href":"http:\/\/nossacasa.net\/nossosriachos\/tabuleiros\/wp-json\/wp\/v2\/types\/page"}],"author":[{"embeddable":true,"href":"http:\/\/nossacasa.net\/nossosriachos\/tabuleiros\/wp-json\/wp\/v2\/users\/1"}],"replies":[{"embeddable":true,"href":"http:\/\/nossacasa.net\/nossosriachos\/tabuleiros\/wp-json\/wp\/v2\/comments?post=1792"}],"version-history":[{"count":3,"href":"http:\/\/nossacasa.net\/nossosriachos\/tabuleiros\/wp-json\/wp\/v2\/pages\/1792\/revisions"}],"predecessor-version":[{"id":4278,"href":"http:\/\/nossacasa.net\/nossosriachos\/tabuleiros\/wp-json\/wp\/v2\/pages\/1792\/revisions\/4278"}],"wp:attachment":[{"href":"http:\/\/nossacasa.net\/nossosriachos\/tabuleiros\/wp-json\/wp\/v2\/media?parent=1792"}],"curies":[{"name":"wp","href":"https:\/\/api.w.org\/{rel}","templated":true}]}}