{"id":1793,"date":"2019-09-12T14:55:49","date_gmt":"2019-09-12T17:55:49","guid":{"rendered":"http:\/\/nossacasa.net\/nossosriachos\/rios\/?page_id=1793"},"modified":"2019-10-03T13:55:58","modified_gmt":"2019-10-03T16:55:58","slug":"trachelyopterus-striatulus","status":"publish","type":"page","link":"http:\/\/nossacasa.net\/nossosriachos\/tabuleiros\/trachelyopterus-striatulus\/","title":{"rendered":"Trachelyopterus striatulus"},"content":{"rendered":"<div style=\"text-align: justify\">\n<h1><em>Trachelyopterus striatulus<\/em> (Steindachner, 1877 <\/h1>\n<p><img loading=\"lazy\" decoding=\"async\" src=\"http:\/\/nossacasa.net\/nossosriachos\/tabuleiros\/wp-content\/uploads\/sites\/13\/2019\/10\/Trachelyopterus-striatulus.png\" alt=\"\" width=\"800\" height=\"515\" class=\"aligncenter size-full wp-image-4277\" srcset=\"http:\/\/nossacasa.net\/nossosriachos\/tabuleiros\/wp-content\/uploads\/sites\/13\/2019\/10\/Trachelyopterus-striatulus.png 800w, http:\/\/nossacasa.net\/nossosriachos\/tabuleiros\/wp-content\/uploads\/sites\/13\/2019\/10\/Trachelyopterus-striatulus-300x193.png 300w, http:\/\/nossacasa.net\/nossosriachos\/tabuleiros\/wp-content\/uploads\/sites\/13\/2019\/10\/Trachelyopterus-striatulus-768x494.png 768w, http:\/\/nossacasa.net\/nossosriachos\/tabuleiros\/wp-content\/uploads\/sites\/13\/2019\/10\/Trachelyopterus-striatulus-466x300.png 466w\" sizes=\"auto, (max-width: 800px) 100vw, 800px\" \/><\/p>\n<p>Algumas caracter\u00edsticas da esp\u00e9cie <strong><em>Trachelyopterus striatuluss<\/em><\/strong> est\u00e3o indicadas na figura acima.<\/p>\n<p>S\u00e3o identificados pelo processo humeral curto, n\u00e3o alcan\u00e7a vertical da origem da dorsal. Nadadeira anal longa, com 25-28 raios. Nadadeira p\u00e9lvica com 6 raios ramificados. Espinho da nadadeira peitoral serrilhado nos bordos anterior e posterior. Nadadeira caudal emarginada. Habitantes das \u00e1guas doces. <\/p>\n<p>S\u00e3o peixes de corpo robusto, com porte m\u00e9dio, alcan\u00e7ando em m\u00e9dia 200 mm de comprimento padr\u00e3o. A colora\u00e7\u00e3o \u00e9 escura no dorso e na margem das nadadeiras anal e caudal, com manchas irregulares sobre o corpo. <\/p>\n<p>O <strong><em>Trachelyopterus striatuluss<\/em><\/strong> (Judeu) \u00e9 a esp\u00e9cie mais comum de <a href=\"http:\/\/nossacasa.net\/nossosriachos\/tabuleiros\/auchenipteridae\/\">Auchenipteridae<\/a> na Mata Atl\u00e2ntica Nordeste, comum em lagoas marginais e rios de correnteza fraca.<\/p>\n<p>A esp\u00e9cie <strong><em>Trachelyopterus striatulus<\/em><\/strong> \u00e9 a \u00fanica representante do g\u00eanero <em><a href=\"http:\/\/nossacasa.net\/nossosriachos\/tabuleiros\/trachelyopterus\/\">Trachelyopterus<\/a><\/em> da fam\u00edlia <a href=\"http:\/\/nossacasa.net\/nossosriachos\/tabuleiros\/auchenipteridae\/\">Auchenipteridae<\/a> nas regi\u00f5es dos tabuleiros.<\/p>\n<hr \/>\n<\/div>\n<p>. <\/p>\n","protected":false},"excerpt":{"rendered":"<p>Trachelyopterus striatulus (Steindachner, 1877 Algumas caracter\u00edsticas da esp\u00e9cie Trachelyopterus striatuluss est\u00e3o indicadas na figura acima. S\u00e3o identificados pelo processo humeral curto, n\u00e3o alcan\u00e7a vertical da origem da dorsal. Nadadeira anal longa, com 25-28 raios. Nadadeira p\u00e9lvica com 6 raios ramificados. &hellip; <a href=\"http:\/\/nossacasa.net\/nossosriachos\/tabuleiros\/trachelyopterus-striatulus\/\">Continue lendo <span class=\"meta-nav\">&rarr;<\/span><\/a><\/p>\n","protected":false},"author":1,"featured_media":4277,"parent":0,"menu_order":0,"comment_status":"closed","ping_status":"closed","template":"","meta":{"footnotes":""},"class_list":["post-1793","page","type-page","status-publish","has-post-thumbnail","hentry"],"_links":{"self":[{"href":"http:\/\/nossacasa.net\/nossosriachos\/tabuleiros\/wp-json\/wp\/v2\/pages\/1793","targetHints":{"allow":["GET"]}}],"collection":[{"href":"http:\/\/nossacasa.net\/nossosriachos\/tabuleiros\/wp-json\/wp\/v2\/pages"}],"about":[{"href":"http:\/\/nossacasa.net\/nossosriachos\/tabuleiros\/wp-json\/wp\/v2\/types\/page"}],"author":[{"embeddable":true,"href":"http:\/\/nossacasa.net\/nossosriachos\/tabuleiros\/wp-json\/wp\/v2\/users\/1"}],"replies":[{"embeddable":true,"href":"http:\/\/nossacasa.net\/nossosriachos\/tabuleiros\/wp-json\/wp\/v2\/comments?post=1793"}],"version-history":[{"count":3,"href":"http:\/\/nossacasa.net\/nossosriachos\/tabuleiros\/wp-json\/wp\/v2\/pages\/1793\/revisions"}],"predecessor-version":[{"id":4281,"href":"http:\/\/nossacasa.net\/nossosriachos\/tabuleiros\/wp-json\/wp\/v2\/pages\/1793\/revisions\/4281"}],"wp:featuredmedia":[{"embeddable":true,"href":"http:\/\/nossacasa.net\/nossosriachos\/tabuleiros\/wp-json\/wp\/v2\/media\/4277"}],"wp:attachment":[{"href":"http:\/\/nossacasa.net\/nossosriachos\/tabuleiros\/wp-json\/wp\/v2\/media?parent=1793"}],"curies":[{"name":"wp","href":"https:\/\/api.w.org\/{rel}","templated":true}]}}