{"id":1803,"date":"2019-09-12T15:44:35","date_gmt":"2019-09-12T18:44:35","guid":{"rendered":"http:\/\/nossacasa.net\/nossosriachos\/rios\/?page_id=1803"},"modified":"2019-10-05T14:02:39","modified_gmt":"2019-10-05T17:02:39","slug":"aspidoras","status":"publish","type":"page","link":"http:\/\/nossacasa.net\/nossosriachos\/tabuleiros\/aspidoras\/","title":{"rendered":"Aspidoras"},"content":{"rendered":"<div style=\"text-align: justify\">\n<h1>As <em>Aspidoras<\/em> Ihering, 1907 <\/h1>\n<p><img loading=\"lazy\" decoding=\"async\" src=\"http:\/\/nossacasa.net\/nossosriachos\/tabuleiros\/wp-content\/uploads\/sites\/13\/2019\/10\/Aspidoras.png\" alt=\"\" width=\"800\" height=\"445\" class=\"aligncenter size-full wp-image-4288\" srcset=\"http:\/\/nossacasa.net\/nossosriachos\/tabuleiros\/wp-content\/uploads\/sites\/13\/2019\/10\/Aspidoras.png 800w, http:\/\/nossacasa.net\/nossosriachos\/tabuleiros\/wp-content\/uploads\/sites\/13\/2019\/10\/Aspidoras-300x167.png 300w, http:\/\/nossacasa.net\/nossosriachos\/tabuleiros\/wp-content\/uploads\/sites\/13\/2019\/10\/Aspidoras-768x427.png 768w, http:\/\/nossacasa.net\/nossosriachos\/tabuleiros\/wp-content\/uploads\/sites\/13\/2019\/10\/Aspidoras-500x278.png 500w\" sizes=\"auto, (max-width: 800px) 100vw, 800px\" \/><\/p>\n<p><img loading=\"lazy\" decoding=\"async\" src=\"http:\/\/nossacasa.net\/nossosriachos\/tabuleiros\/wp-content\/uploads\/sites\/13\/2019\/10\/Aspidoras_i.png\" alt=\"\" width=\"800\" height=\"390\" class=\"aligncenter size-full wp-image-4289\" srcset=\"http:\/\/nossacasa.net\/nossosriachos\/tabuleiros\/wp-content\/uploads\/sites\/13\/2019\/10\/Aspidoras_i.png 800w, http:\/\/nossacasa.net\/nossosriachos\/tabuleiros\/wp-content\/uploads\/sites\/13\/2019\/10\/Aspidoras_i-300x146.png 300w, http:\/\/nossacasa.net\/nossosriachos\/tabuleiros\/wp-content\/uploads\/sites\/13\/2019\/10\/Aspidoras_i-768x374.png 768w, http:\/\/nossacasa.net\/nossosriachos\/tabuleiros\/wp-content\/uploads\/sites\/13\/2019\/10\/Aspidoras_i-500x244.png 500w\" sizes=\"auto, (max-width: 800px) 100vw, 800px\" \/><\/p>\n<p>Algumas caracter\u00edsticas do g\u00eanero <strong><em>Aspidoras<\/em><\/strong> est\u00e3o indicadas na figura acima.<\/p>\n<p>Peixes <strong><em>Aspidoras<\/em><\/strong> se distinguem dos demais <a href=\"http:\/\/nossacasa.net\/nossosriachos\/tabuleiros\/callichthyidae\/\">Callichthydae<\/a> Corydoradinae por conta do padr\u00e3o de ossifica\u00e7\u00e3o no topo da cabe\u00e7a, onde o supraoccipital n\u00e3o est\u00e1 em contato com a placa nucal. Outra caracter\u00edstica distintiva \u00e9 o espinho da nadadeira peitoral curto, correspondendo a 2\/3 dos demais raios.<\/p>\n<p>O g\u00eanero <strong><em>Aspidoras<\/em><\/strong> \u00e9 um dos tr\u00eas g\u00eaneros da fam\u00edlia <a href=\"http:\/\/nossacasa.net\/nossosriachos\/tabuleiros\/callichthyidae\/\">Callichthyidae<\/a> representante dos representante dos <a href=\"http:\/\/nossacasa.net\/nossosriachos\/tabuleiros\/siluriformes\/\">Siluriformes<\/a> nas regi\u00f5es dos tabuleiros. <\/p>\n<p>Na regi\u00e3o dos tabuleiros da Mata Atl\u00e2ntica encontramos uma \u00fanica esp\u00e9cie do g\u00eanero <strong><em>Aspidoras<\/em><\/strong>: <em><a href=\"http:\/\/nossacasa.net\/nossosriachos\/tabuleiros\/aspidoras-virgulatus\/\">Aspidoras virgulatus<\/a><\/em>.<\/p>\n<hr \/>\n<\/div>\n","protected":false},"excerpt":{"rendered":"<p>As Aspidoras Ihering, 1907 Algumas caracter\u00edsticas do g\u00eanero Aspidoras est\u00e3o indicadas na figura acima. Peixes Aspidoras se distinguem dos demais Callichthydae Corydoradinae por conta do padr\u00e3o de ossifica\u00e7\u00e3o no topo da cabe\u00e7a, onde o supraoccipital n\u00e3o est\u00e1 em contato com &hellip; <a href=\"http:\/\/nossacasa.net\/nossosriachos\/tabuleiros\/aspidoras\/\">Continue lendo <span class=\"meta-nav\">&rarr;<\/span><\/a><\/p>\n","protected":false},"author":1,"featured_media":0,"parent":0,"menu_order":0,"comment_status":"closed","ping_status":"closed","template":"","meta":{"footnotes":""},"class_list":["post-1803","page","type-page","status-publish","hentry"],"_links":{"self":[{"href":"http:\/\/nossacasa.net\/nossosriachos\/tabuleiros\/wp-json\/wp\/v2\/pages\/1803","targetHints":{"allow":["GET"]}}],"collection":[{"href":"http:\/\/nossacasa.net\/nossosriachos\/tabuleiros\/wp-json\/wp\/v2\/pages"}],"about":[{"href":"http:\/\/nossacasa.net\/nossosriachos\/tabuleiros\/wp-json\/wp\/v2\/types\/page"}],"author":[{"embeddable":true,"href":"http:\/\/nossacasa.net\/nossosriachos\/tabuleiros\/wp-json\/wp\/v2\/users\/1"}],"replies":[{"embeddable":true,"href":"http:\/\/nossacasa.net\/nossosriachos\/tabuleiros\/wp-json\/wp\/v2\/comments?post=1803"}],"version-history":[{"count":4,"href":"http:\/\/nossacasa.net\/nossosriachos\/tabuleiros\/wp-json\/wp\/v2\/pages\/1803\/revisions"}],"predecessor-version":[{"id":4292,"href":"http:\/\/nossacasa.net\/nossosriachos\/tabuleiros\/wp-json\/wp\/v2\/pages\/1803\/revisions\/4292"}],"wp:attachment":[{"href":"http:\/\/nossacasa.net\/nossosriachos\/tabuleiros\/wp-json\/wp\/v2\/media?parent=1803"}],"curies":[{"name":"wp","href":"https:\/\/api.w.org\/{rel}","templated":true}]}}