{"id":1806,"date":"2019-09-12T15:46:34","date_gmt":"2019-09-12T18:46:34","guid":{"rendered":"http:\/\/nossacasa.net\/nossosriachos\/rios\/?page_id=1806"},"modified":"2019-10-05T14:11:39","modified_gmt":"2019-10-05T17:11:39","slug":"aspidoras-virgulatus","status":"publish","type":"page","link":"http:\/\/nossacasa.net\/nossosriachos\/tabuleiros\/aspidoras-virgulatus\/","title":{"rendered":"Aspidoras virgulatus"},"content":{"rendered":"<div style=\"text-align: justify\">\n<h1><em>Aspidoras virgulatus<\/em> Nijssen and Isbr\u00fccker, 1980<\/h1>\n<p><img loading=\"lazy\" decoding=\"async\" src=\"http:\/\/nossacasa.net\/nossosriachos\/tabuleiros\/wp-content\/uploads\/sites\/13\/2019\/10\/Aspidoras-virgulatus.png\" alt=\"\" width=\"800\" height=\"445\" class=\"aligncenter size-full wp-image-4290\" srcset=\"http:\/\/nossacasa.net\/nossosriachos\/tabuleiros\/wp-content\/uploads\/sites\/13\/2019\/10\/Aspidoras-virgulatus.png 800w, http:\/\/nossacasa.net\/nossosriachos\/tabuleiros\/wp-content\/uploads\/sites\/13\/2019\/10\/Aspidoras-virgulatus-300x167.png 300w, http:\/\/nossacasa.net\/nossosriachos\/tabuleiros\/wp-content\/uploads\/sites\/13\/2019\/10\/Aspidoras-virgulatus-768x427.png 768w, http:\/\/nossacasa.net\/nossosriachos\/tabuleiros\/wp-content\/uploads\/sites\/13\/2019\/10\/Aspidoras-virgulatus-500x278.png 500w\" sizes=\"auto, (max-width: 800px) 100vw, 800px\" \/><\/p>\n<p>Algumas caracter\u00edsticas da esp\u00e9cie <strong><em>Aspidoras virgulatus<\/em><\/strong> est\u00e3o indicadas na figura acima.<\/p>\n<p>S\u00e3o distinguidos pelo padr\u00e3o de ossifica\u00e7\u00e3o no topo da cabe\u00e7a, onde o supraoccipital n\u00e3o est\u00e1 em contato com a placa nucal. Outra caracter\u00edstica distintiva \u00e9 o espinho da nadadeira peitoral curto, correspondendo a 2\/3 dos demais raios.<\/p>\n<p><strong><em>Aspidoras virgulatus<\/em><\/strong> \u00e9 um peixe de riacho da floresta de tabuleiro. Ocupa bi\u00f3topos espec\u00edficos, vivendo em riachos florestados de \u00e1guas escuras, cor de ch\u00e1 mate, acidificadas. Ali esses peixes consomem alimento de origem al\u00f3ctone, que caem da floresta circundante. Ingerem gr\u00e3os de p\u00f3len e insetos terrestres (M. Bueno, com. pessoal).<\/p>\n<p>A severa fragmenta\u00e7\u00e3o de habitat compromete a sobreviv\u00eancia desta esp\u00e9cie no norte do Esp\u00edrito Santo, onde sua exist\u00eancia est\u00e0 limitada as \u00e1reas protegidas. <\/p>\n<p>A esp\u00e9cie <strong><em>Aspidoras virgulatus<\/em><\/strong> \u00e9 a \u00fanica representante do g\u00eanero <em><a href=\"http:\/\/nossacasa.net\/nossosriachos\/tabuleiros\/aspidoras\/\">Aspidoras<\/a><\/em> da fam\u00edlia <a href=\"http:\/\/nossacasa.net\/nossosriachos\/tabuleiros\/callichthyidae\/\">Callichthyidae<\/a> nas regi\u00f5es dos tabuleiros.<\/p>\n<hr \/>\n<\/div>\n<p>. <\/p>\n","protected":false},"excerpt":{"rendered":"<p>Aspidoras virgulatus Nijssen and Isbr\u00fccker, 1980 Algumas caracter\u00edsticas da esp\u00e9cie Aspidoras virgulatus est\u00e3o indicadas na figura acima. S\u00e3o distinguidos pelo padr\u00e3o de ossifica\u00e7\u00e3o no topo da cabe\u00e7a, onde o supraoccipital n\u00e3o est\u00e1 em contato com a placa nucal. Outra caracter\u00edstica &hellip; <a href=\"http:\/\/nossacasa.net\/nossosriachos\/tabuleiros\/aspidoras-virgulatus\/\">Continue lendo <span class=\"meta-nav\">&rarr;<\/span><\/a><\/p>\n","protected":false},"author":1,"featured_media":4290,"parent":0,"menu_order":0,"comment_status":"closed","ping_status":"closed","template":"","meta":{"footnotes":""},"class_list":["post-1806","page","type-page","status-publish","has-post-thumbnail","hentry"],"_links":{"self":[{"href":"http:\/\/nossacasa.net\/nossosriachos\/tabuleiros\/wp-json\/wp\/v2\/pages\/1806","targetHints":{"allow":["GET"]}}],"collection":[{"href":"http:\/\/nossacasa.net\/nossosriachos\/tabuleiros\/wp-json\/wp\/v2\/pages"}],"about":[{"href":"http:\/\/nossacasa.net\/nossosriachos\/tabuleiros\/wp-json\/wp\/v2\/types\/page"}],"author":[{"embeddable":true,"href":"http:\/\/nossacasa.net\/nossosriachos\/tabuleiros\/wp-json\/wp\/v2\/users\/1"}],"replies":[{"embeddable":true,"href":"http:\/\/nossacasa.net\/nossosriachos\/tabuleiros\/wp-json\/wp\/v2\/comments?post=1806"}],"version-history":[{"count":4,"href":"http:\/\/nossacasa.net\/nossosriachos\/tabuleiros\/wp-json\/wp\/v2\/pages\/1806\/revisions"}],"predecessor-version":[{"id":4294,"href":"http:\/\/nossacasa.net\/nossosriachos\/tabuleiros\/wp-json\/wp\/v2\/pages\/1806\/revisions\/4294"}],"wp:featuredmedia":[{"embeddable":true,"href":"http:\/\/nossacasa.net\/nossosriachos\/tabuleiros\/wp-json\/wp\/v2\/media\/4290"}],"wp:attachment":[{"href":"http:\/\/nossacasa.net\/nossosriachos\/tabuleiros\/wp-json\/wp\/v2\/media?parent=1806"}],"curies":[{"name":"wp","href":"https:\/\/api.w.org\/{rel}","templated":true}]}}