{"id":1810,"date":"2019-09-12T15:50:07","date_gmt":"2019-09-12T18:50:07","guid":{"rendered":"http:\/\/nossacasa.net\/nossosriachos\/rios\/?page_id=1810"},"modified":"2019-10-05T14:10:27","modified_gmt":"2019-10-05T17:10:27","slug":"callichthys-callichthys","status":"publish","type":"page","link":"http:\/\/nossacasa.net\/nossosriachos\/tabuleiros\/callichthys-callichthys\/","title":{"rendered":"Callichthys callichthys"},"content":{"rendered":"<div style=\"text-align: justify\">\n<h1><em>Callichthys callichthys<\/em> (Linnaeus, 1758)<\/h1>\n<p><img loading=\"lazy\" decoding=\"async\" src=\"http:\/\/nossacasa.net\/nossosriachos\/tabuleiros\/wp-content\/uploads\/sites\/13\/2019\/10\/Callichthys-callichthys.png\" alt=\"\" width=\"800\" height=\"193\" class=\"aligncenter size-full wp-image-4285\" srcset=\"http:\/\/nossacasa.net\/nossosriachos\/tabuleiros\/wp-content\/uploads\/sites\/13\/2019\/10\/Callichthys-callichthys.png 800w, http:\/\/nossacasa.net\/nossosriachos\/tabuleiros\/wp-content\/uploads\/sites\/13\/2019\/10\/Callichthys-callichthys-300x72.png 300w, http:\/\/nossacasa.net\/nossosriachos\/tabuleiros\/wp-content\/uploads\/sites\/13\/2019\/10\/Callichthys-callichthys-768x185.png 768w, http:\/\/nossacasa.net\/nossosriachos\/tabuleiros\/wp-content\/uploads\/sites\/13\/2019\/10\/Callichthys-callichthys-500x121.png 500w\" sizes=\"auto, (max-width: 800px) 100vw, 800px\" \/><\/p>\n<p>Algumas caracter\u00edsticas da esp\u00e9cie <strong><em>Callichthys callichthys<\/em><\/strong> est\u00e3o indicadas na figura acima.<\/p>\n<p>S\u00e3o peixes de corpo lateralmente comprimido, especialmente no ped\u00fanculo caudal, relativamente alto. A cabe\u00e7a \u00e9 baixa, deprimida, e os olhos pequenos. Cintura peitoral com ossos corac\u00f3ides recobertos por pele e n\u00e3o expostos ventralmente. Nadadeira caudal truncada ou arredondada. Na boca h\u00e1 dentes no dent\u00e1rio, na arcada inferior, os quais s\u00e3o de dif\u00edcil visualiza\u00e7\u00e3o, as vezes cobertos por muco. O corpo \u00e9 revestido por uma espessa camada de muco.  <\/p>\n<p><strong><em>Callichthys callichthys<\/em><\/strong> vive em ambientes l\u00eanticos, \u00e1guas paradas, sendo comum em ambientes brejosos. Tolera sobreviver em \u00e1guas com baixo teor de oxig\u00eanio, podendo respirar fora d\u00b4\u00e1gua. S\u00e3o capazes de se deslocar de um brejo seco para outro, usando suas nadadeiras peitorais para mover-se no meio terrestre, durante curto per\u00edodo de tempo, at\u00e9 encontrar um outro local com mais \u00e1gua. Resiste viver em ambientes em condi\u00e7\u00f5es de hipoxia tolerando locais inclusive polu\u00eddos, sem oxig\u00eanio, por um per\u00edodo tamb\u00e9m curto de tempo. Nos tabuleiros \u00e9 especialmente encontrada em alagados e brejos, de \u00e1guas escuras e \u00e1cidas. <\/p>\n<p>S\u00e3o peixes ativos a noite, quando saem para se alimentar de peixes, insetos e mat\u00e9ria vegetal. Durante o dia se ocultam sob a densa vegeta\u00e7\u00e3o do brejo. Indiv\u00edduos jovens escavam o substrato em busca de pequenos crust\u00e1ceos e larvas de insetos.<\/p>\n<p>A esp\u00e9cie <strong><em>Callichthys callichthys<\/em><\/strong> \u00e9 a \u00fanica representante do g\u00eanero <em><a href=\"http:\/\/nossacasa.net\/nossosriachos\/tabuleiros\/callichthys\/\">Callichthys<\/a><\/em> da fam\u00edlia <a href=\"http:\/\/nossacasa.net\/nossosriachos\/tabuleiros\/callichthyidae\/\">Callichthyidae<\/a> nas regi\u00f5es dos tabuleiros.<\/p>\n<hr \/>\n<\/div>\n<p>. <\/p>\n","protected":false},"excerpt":{"rendered":"<p>Callichthys callichthys (Linnaeus, 1758) Algumas caracter\u00edsticas da esp\u00e9cie Callichthys callichthys est\u00e3o indicadas na figura acima. S\u00e3o peixes de corpo lateralmente comprimido, especialmente no ped\u00fanculo caudal, relativamente alto. A cabe\u00e7a \u00e9 baixa, deprimida, e os olhos pequenos. Cintura peitoral com ossos &hellip; <a href=\"http:\/\/nossacasa.net\/nossosriachos\/tabuleiros\/callichthys-callichthys\/\">Continue lendo <span class=\"meta-nav\">&rarr;<\/span><\/a><\/p>\n","protected":false},"author":1,"featured_media":4285,"parent":0,"menu_order":0,"comment_status":"closed","ping_status":"closed","template":"","meta":{"footnotes":""},"class_list":["post-1810","page","type-page","status-publish","has-post-thumbnail","hentry"],"_links":{"self":[{"href":"http:\/\/nossacasa.net\/nossosriachos\/tabuleiros\/wp-json\/wp\/v2\/pages\/1810","targetHints":{"allow":["GET"]}}],"collection":[{"href":"http:\/\/nossacasa.net\/nossosriachos\/tabuleiros\/wp-json\/wp\/v2\/pages"}],"about":[{"href":"http:\/\/nossacasa.net\/nossosriachos\/tabuleiros\/wp-json\/wp\/v2\/types\/page"}],"author":[{"embeddable":true,"href":"http:\/\/nossacasa.net\/nossosriachos\/tabuleiros\/wp-json\/wp\/v2\/users\/1"}],"replies":[{"embeddable":true,"href":"http:\/\/nossacasa.net\/nossosriachos\/tabuleiros\/wp-json\/wp\/v2\/comments?post=1810"}],"version-history":[{"count":2,"href":"http:\/\/nossacasa.net\/nossosriachos\/tabuleiros\/wp-json\/wp\/v2\/pages\/1810\/revisions"}],"predecessor-version":[{"id":4298,"href":"http:\/\/nossacasa.net\/nossosriachos\/tabuleiros\/wp-json\/wp\/v2\/pages\/1810\/revisions\/4298"}],"wp:featuredmedia":[{"embeddable":true,"href":"http:\/\/nossacasa.net\/nossosriachos\/tabuleiros\/wp-json\/wp\/v2\/media\/4285"}],"wp:attachment":[{"href":"http:\/\/nossacasa.net\/nossosriachos\/tabuleiros\/wp-json\/wp\/v2\/media?parent=1810"}],"curies":[{"name":"wp","href":"https:\/\/api.w.org\/{rel}","templated":true}]}}