{"id":1816,"date":"2019-09-12T15:53:58","date_gmt":"2019-09-12T18:53:58","guid":{"rendered":"http:\/\/nossacasa.net\/nossosriachos\/rios\/?page_id=1816"},"modified":"2019-10-14T10:42:10","modified_gmt":"2019-10-14T13:42:10","slug":"corydoras-nattereri","status":"publish","type":"page","link":"http:\/\/nossacasa.net\/nossosriachos\/tabuleiros\/corydoras-nattereri\/","title":{"rendered":"Corydoras nattereri"},"content":{"rendered":"<div style=\"text-align: justify\">\n<h1><em>Corydoras nattereri<\/em> Steindachner, 1876 <\/h1>\n<p><img loading=\"lazy\" decoding=\"async\" src=\"http:\/\/nossacasa.net\/nossosriachos\/tabuleiros\/wp-content\/uploads\/sites\/13\/2019\/10\/Corydoras-nattereri.png\" alt=\"\" width=\"800\" height=\"364\" class=\"aligncenter size-full wp-image-4385\" srcset=\"http:\/\/nossacasa.net\/nossosriachos\/tabuleiros\/wp-content\/uploads\/sites\/13\/2019\/10\/Corydoras-nattereri.png 800w, http:\/\/nossacasa.net\/nossosriachos\/tabuleiros\/wp-content\/uploads\/sites\/13\/2019\/10\/Corydoras-nattereri-300x137.png 300w, http:\/\/nossacasa.net\/nossosriachos\/tabuleiros\/wp-content\/uploads\/sites\/13\/2019\/10\/Corydoras-nattereri-768x349.png 768w, http:\/\/nossacasa.net\/nossosriachos\/tabuleiros\/wp-content\/uploads\/sites\/13\/2019\/10\/Corydoras-nattereri-500x228.png 500w\" sizes=\"auto, (max-width: 800px) 100vw, 800px\" \/><\/p>\n<p>Algumas caracter\u00edsticas da esp\u00e9cie <strong><em>Corydoras nattereri<\/em><\/strong> est\u00e3o indicadas na figura acima.<\/p>\n<p>S\u00e3o peixes pequenos, de colorido v\u00edvido, que n\u00e3o ultrapassam 55 mm de comprimento padr\u00e3o. Apresentam o focinho curto e arredondado. Um dos ossos do topo central da cabe\u00e7a, o supraoccipital, est\u00e1 em contato com placa nucal. Espinho da nadadeira peitoral ligeiramente mais curto, ou com o mesmo comprimento dos demais raios, nunca maior. O espinho da peitoral \u00e9 anteriormente liso, e com serrilhas fortes e curtas no bordo posterior. A nadadeira caudal tem o colorido liso, uniforme.<\/p>\n<p>Na floresta de tabuleiros habita c\u00f3rregos com \u00e1guas transparentes, correnteza fraca e substrato de areia e pedrinhas. S\u00e3o peixes de h\u00e1bito alimentar detrit\u00edvoro, consumindo alimento fino particulado e microorganismos associados ao fundo (Oyakawa et al. 2006).<\/p>\n<p>Peixes <em><a href=\"http:\/\/nossacasa.net\/nossosriachos\/tabuleiros\/corydoras\/\">Corydoras<\/a><\/em> despertam o interesse de aquaristas do mundo inteiro, pela sua beleza e h\u00e1bitos de vida detrit\u00edvoros. Em aquariofilia s\u00e3o considerados &#8220;peixes funcionais&#8221; por promoverem a limpeza do fundo.<\/p>\n<p>Esp\u00e9cie distribu\u00edda nas bacias costeiras entre o norte do Esp\u00edrito Santo e o extremo sul da Bahia, entre as bacias do rio Doce at\u00e9 o Buranh\u00e9m. \u00c9 um peixe de riacho, sendo encontrado nos pequenos corpos h\u00eddricos em bi\u00f3topos espec\u00edficos. Prefere \u00e1guas oxigenadas, e n\u00e3o tolera viver em locais polu\u00eddos. <\/p>\n<p><strong><em>Corydoras nattereri<\/em><\/strong> aparentemente tem tamanhos populacionais baixos na regi\u00e3o, sendo sempre encontrada em poucos indiv\u00edduos explorando o substrato. \u00c9 mais ativa ao amanhecer e no crep\u00fasculo.<\/p>\n<p>A esp\u00e9cie <strong><em>Corydoras nattereri<\/em><\/strong> \u00e9 a \u00fanica representante do g\u00eanero <em><a href=\"http:\/\/nossacasa.net\/nossosriachos\/tabuleiros\/corydoras\/\">Corydoras<\/a><\/em> da fam\u00edlia <a href=\"http:\/\/nossacasa.net\/nossosriachos\/tabuleiros\/callichthyidae\/\">Callichthyidae<\/a> nas regi\u00f5es dos tabuleiros.<\/p>\n<hr \/>\n<\/div>\n<p>. <\/p>\n","protected":false},"excerpt":{"rendered":"<p>Corydoras nattereri Steindachner, 1876 Algumas caracter\u00edsticas da esp\u00e9cie Corydoras nattereri est\u00e3o indicadas na figura acima. S\u00e3o peixes pequenos, de colorido v\u00edvido, que n\u00e3o ultrapassam 55 mm de comprimento padr\u00e3o. Apresentam o focinho curto e arredondado. Um dos ossos do topo &hellip; <a href=\"http:\/\/nossacasa.net\/nossosriachos\/tabuleiros\/corydoras-nattereri\/\">Continue lendo <span class=\"meta-nav\">&rarr;<\/span><\/a><\/p>\n","protected":false},"author":1,"featured_media":4385,"parent":0,"menu_order":0,"comment_status":"closed","ping_status":"closed","template":"","meta":{"footnotes":""},"class_list":["post-1816","page","type-page","status-publish","has-post-thumbnail","hentry"],"_links":{"self":[{"href":"http:\/\/nossacasa.net\/nossosriachos\/tabuleiros\/wp-json\/wp\/v2\/pages\/1816","targetHints":{"allow":["GET"]}}],"collection":[{"href":"http:\/\/nossacasa.net\/nossosriachos\/tabuleiros\/wp-json\/wp\/v2\/pages"}],"about":[{"href":"http:\/\/nossacasa.net\/nossosriachos\/tabuleiros\/wp-json\/wp\/v2\/types\/page"}],"author":[{"embeddable":true,"href":"http:\/\/nossacasa.net\/nossosriachos\/tabuleiros\/wp-json\/wp\/v2\/users\/1"}],"replies":[{"embeddable":true,"href":"http:\/\/nossacasa.net\/nossosriachos\/tabuleiros\/wp-json\/wp\/v2\/comments?post=1816"}],"version-history":[{"count":2,"href":"http:\/\/nossacasa.net\/nossosriachos\/tabuleiros\/wp-json\/wp\/v2\/pages\/1816\/revisions"}],"predecessor-version":[{"id":4393,"href":"http:\/\/nossacasa.net\/nossosriachos\/tabuleiros\/wp-json\/wp\/v2\/pages\/1816\/revisions\/4393"}],"wp:featuredmedia":[{"embeddable":true,"href":"http:\/\/nossacasa.net\/nossosriachos\/tabuleiros\/wp-json\/wp\/v2\/media\/4385"}],"wp:attachment":[{"href":"http:\/\/nossacasa.net\/nossosriachos\/tabuleiros\/wp-json\/wp\/v2\/media?parent=1816"}],"curies":[{"name":"wp","href":"https:\/\/api.w.org\/{rel}","templated":true}]}}