{"id":1817,"date":"2019-09-12T15:52:18","date_gmt":"2019-09-12T18:52:18","guid":{"rendered":"http:\/\/nossacasa.net\/nossosriachos\/rios\/?page_id=1817"},"modified":"2019-10-14T10:38:43","modified_gmt":"2019-10-14T13:38:43","slug":"corydoras","status":"publish","type":"page","link":"http:\/\/nossacasa.net\/nossosriachos\/tabuleiros\/corydoras\/","title":{"rendered":"Corydoras"},"content":{"rendered":"<div style=\"text-align: justify\">\n<h1>As <em>Corydoras<\/em> Lacep\u00e8de, 1803<\/h1>\n<p><img loading=\"lazy\" decoding=\"async\" src=\"http:\/\/nossacasa.net\/nossosriachos\/tabuleiros\/wp-content\/uploads\/sites\/13\/2019\/10\/Corydoras.png\" alt=\"\" width=\"800\" height=\"269\" class=\"aligncenter size-full wp-image-4383\" srcset=\"http:\/\/nossacasa.net\/nossosriachos\/tabuleiros\/wp-content\/uploads\/sites\/13\/2019\/10\/Corydoras.png 800w, http:\/\/nossacasa.net\/nossosriachos\/tabuleiros\/wp-content\/uploads\/sites\/13\/2019\/10\/Corydoras-300x101.png 300w, http:\/\/nossacasa.net\/nossosriachos\/tabuleiros\/wp-content\/uploads\/sites\/13\/2019\/10\/Corydoras-768x258.png 768w, http:\/\/nossacasa.net\/nossosriachos\/tabuleiros\/wp-content\/uploads\/sites\/13\/2019\/10\/Corydoras-500x168.png 500w\" sizes=\"auto, (max-width: 800px) 100vw, 800px\" \/><\/p>\n<p><img loading=\"lazy\" decoding=\"async\" src=\"http:\/\/nossacasa.net\/nossosriachos\/tabuleiros\/wp-content\/uploads\/sites\/13\/2019\/10\/Corydoras_i.png\" alt=\"\" width=\"800\" height=\"302\" class=\"aligncenter size-full wp-image-4384\" srcset=\"http:\/\/nossacasa.net\/nossosriachos\/tabuleiros\/wp-content\/uploads\/sites\/13\/2019\/10\/Corydoras_i.png 800w, http:\/\/nossacasa.net\/nossosriachos\/tabuleiros\/wp-content\/uploads\/sites\/13\/2019\/10\/Corydoras_i-300x113.png 300w, http:\/\/nossacasa.net\/nossosriachos\/tabuleiros\/wp-content\/uploads\/sites\/13\/2019\/10\/Corydoras_i-768x290.png 768w, http:\/\/nossacasa.net\/nossosriachos\/tabuleiros\/wp-content\/uploads\/sites\/13\/2019\/10\/Corydoras_i-500x189.png 500w\" sizes=\"auto, (max-width: 800px) 100vw, 800px\" \/><\/p>\n<p>Algumas caracter\u00edsticas do g\u00eanero <strong><em>Corydoras<\/em><\/strong> est\u00e3o indicadas na figura acima.<\/p>\n<p>Inclui peixes de focinho curto e arredondado. Um dos ossos do topo central da cabe\u00e7a, o supraoccipital, est\u00e1 em contato com placa nucal nesses peixes. O espinho da nadadeira peitoral \u00e9 ligeiramente mais curto, ou com o mesmo comprimento dos demais raios, nunca maior. O espinho da peitoral \u00e9 anteriormente liso, e com serrilhas curtas no bordo posterior. A nadadeira caudal tem o colorido liso, uniforme.<\/p>\n<p>Peixes <strong><em>Corydoras<\/em><\/strong> despertam o interesse de aquaristas do mundo inteiro, pela sua beleza e h\u00e1bitos de vida especializados.<\/p>\n<p>O g\u00eanero <strong><em>Corydoras<\/em><\/strong> \u00e9 um dos tr\u00eas g\u00eaneros da fam\u00edlia <a href=\"http:\/\/nossacasa.net\/nossosriachos\/tabuleiros\/callichthyidae\/\">Callichthyidae<\/a> representante dos representante dos <a href=\"http:\/\/nossacasa.net\/nossosriachos\/tabuleiros\/siluriformes\/\">Siluriformes<\/a> nas regi\u00f5es dos tabuleiros. <\/p>\n<p>Na regi\u00e3o dos tabuleiros da Mata Atl\u00e2ntica encontramos uma \u00fanica esp\u00e9cie do g\u00eanero <strong><em>Corydoras<\/em><\/strong>: <em><a href=\"http:\/\/nossacasa.net\/nossosriachos\/tabuleiros\/corydoras-nattereri\/\">Corydoras nattereri<\/a><\/em>.<\/p>\n<hr>\n<\/div>\n","protected":false},"excerpt":{"rendered":"<p>As Corydoras Lacep\u00e8de, 1803 Algumas caracter\u00edsticas do g\u00eanero Corydoras est\u00e3o indicadas na figura acima. Inclui peixes de focinho curto e arredondado. Um dos ossos do topo central da cabe\u00e7a, o supraoccipital, est\u00e1 em contato com placa nucal nesses peixes. O &hellip; <a href=\"http:\/\/nossacasa.net\/nossosriachos\/tabuleiros\/corydoras\/\">Continue lendo <span class=\"meta-nav\">&rarr;<\/span><\/a><\/p>\n","protected":false},"author":1,"featured_media":0,"parent":0,"menu_order":0,"comment_status":"closed","ping_status":"closed","template":"","meta":{"footnotes":""},"class_list":["post-1817","page","type-page","status-publish","hentry"],"_links":{"self":[{"href":"http:\/\/nossacasa.net\/nossosriachos\/tabuleiros\/wp-json\/wp\/v2\/pages\/1817","targetHints":{"allow":["GET"]}}],"collection":[{"href":"http:\/\/nossacasa.net\/nossosriachos\/tabuleiros\/wp-json\/wp\/v2\/pages"}],"about":[{"href":"http:\/\/nossacasa.net\/nossosriachos\/tabuleiros\/wp-json\/wp\/v2\/types\/page"}],"author":[{"embeddable":true,"href":"http:\/\/nossacasa.net\/nossosriachos\/tabuleiros\/wp-json\/wp\/v2\/users\/1"}],"replies":[{"embeddable":true,"href":"http:\/\/nossacasa.net\/nossosriachos\/tabuleiros\/wp-json\/wp\/v2\/comments?post=1817"}],"version-history":[{"count":4,"href":"http:\/\/nossacasa.net\/nossosriachos\/tabuleiros\/wp-json\/wp\/v2\/pages\/1817\/revisions"}],"predecessor-version":[{"id":4391,"href":"http:\/\/nossacasa.net\/nossosriachos\/tabuleiros\/wp-json\/wp\/v2\/pages\/1817\/revisions\/4391"}],"wp:attachment":[{"href":"http:\/\/nossacasa.net\/nossosriachos\/tabuleiros\/wp-json\/wp\/v2\/media?parent=1817"}],"curies":[{"name":"wp","href":"https:\/\/api.w.org\/{rel}","templated":true}]}}