{"id":1823,"date":"2019-09-12T15:56:40","date_gmt":"2019-09-12T18:56:40","guid":{"rendered":"http:\/\/nossacasa.net\/nossosriachos\/rios\/?page_id=1823"},"modified":"2019-10-09T16:30:19","modified_gmt":"2019-10-09T19:30:19","slug":"hoplosternum","status":"publish","type":"page","link":"http:\/\/nossacasa.net\/nossosriachos\/tabuleiros\/hoplosternum\/","title":{"rendered":"Hoplosternum"},"content":{"rendered":"<div style=\"text-align: justify\">\n<h1>Os <em>Hoplosternum<\/em> Gill, 1858<\/h1>\n<p><img loading=\"lazy\" decoding=\"async\" src=\"http:\/\/nossacasa.net\/nossosriachos\/tabuleiros\/wp-content\/uploads\/sites\/13\/2019\/10\/Hoplosternum.png\" alt=\"\" width=\"800\" height=\"274\" class=\"aligncenter size-full wp-image-4303\" srcset=\"http:\/\/nossacasa.net\/nossosriachos\/tabuleiros\/wp-content\/uploads\/sites\/13\/2019\/10\/Hoplosternum.png 800w, http:\/\/nossacasa.net\/nossosriachos\/tabuleiros\/wp-content\/uploads\/sites\/13\/2019\/10\/Hoplosternum-300x103.png 300w, http:\/\/nossacasa.net\/nossosriachos\/tabuleiros\/wp-content\/uploads\/sites\/13\/2019\/10\/Hoplosternum-768x263.png 768w, http:\/\/nossacasa.net\/nossosriachos\/tabuleiros\/wp-content\/uploads\/sites\/13\/2019\/10\/Hoplosternum-500x171.png 500w\" sizes=\"auto, (max-width: 800px) 100vw, 800px\" \/><\/p>\n<p>Algumas caracter\u00edsticas do g\u00eanero <strong><em>Hoplosternum<\/em><\/strong> est\u00e3o indicadas na figura acima.<\/p>\n<p>S\u00e3o peixes de corpo lateralmente comprimido, com cabe\u00e7a relativamente alta, correspondendo a aproximadamente 75% da largura entre os espinhos das nadadeiras peitorais. Cintura peitoral com ossos corac\u00f3ides ventralmente expostos. Nadadeira caudal bifurcada e ped\u00fanculo caudal deprimido. <\/p>\n<p>S\u00e3o reconhecidos dentro da subfam\u00edlia Callichthyinae, compartilhando com <a href=\"http:\/\/nossacasa.net\/nossosriachos\/tabuleiros\/callichthys\/\">Callichthys<\/a> um focinho deprimido; os barbilh\u00f5es maxilares longos, geralmente ultrapassando a abertura branquial; o preop\u00e9rculo revestido por pele. O escudo nucal, que corresponde a \u00e1rea do topo da cabe\u00e7a pr\u00f3ximo a inser\u00e7\u00e3o da nadadeira dorsal, \u00e9 revestido por placas pr\u00e9 dorsais, cobertas por pele. Na boca h\u00e1 dentes no dent\u00e1rio, na arcada inferior, os quais s\u00e3o de dif\u00edcil visualiza\u00e7\u00e3o, as vezes cobertos por muco. O corpo \u00e9 revestido por uma fina capa de muco.<\/p>\n<p>O g\u00eanero <strong><em>Hoplosternum<\/em><\/strong> \u00e9 um dos tr\u00eas g\u00eaneros da fam\u00edlia <a href=\"http:\/\/nossacasa.net\/nossosriachos\/tabuleiros\/callichthyidae\/\">Callichthyidae<\/a> representante dos representante dos <a href=\"http:\/\/nossacasa.net\/nossosriachos\/tabuleiross\/siluriformes\/\">Siluriformes<\/a> nas regi\u00f5es dos tabuleiros. <\/p>\n<p>Na regi\u00e3o dos tabuleiros da Mata Atl\u00e2ntica encontramos uma \u00fanica esp\u00e9cie do g\u00eanero <strong><em>Hoplosternum<\/em><\/strong>: <em><a href=\"http:\/\/nossacasa.net\/nossosriachos\/tabuleiros\/hoplosternum-littorale\/\">Hoplosternum littorale<\/a><\/em>.<\/p>\n<hr>\n<\/div>\n","protected":false},"excerpt":{"rendered":"<p>Os Hoplosternum Gill, 1858 Algumas caracter\u00edsticas do g\u00eanero Hoplosternum est\u00e3o indicadas na figura acima. S\u00e3o peixes de corpo lateralmente comprimido, com cabe\u00e7a relativamente alta, correspondendo a aproximadamente 75% da largura entre os espinhos das nadadeiras peitorais. Cintura peitoral com ossos &hellip; <a href=\"http:\/\/nossacasa.net\/nossosriachos\/tabuleiros\/hoplosternum\/\">Continue lendo <span class=\"meta-nav\">&rarr;<\/span><\/a><\/p>\n","protected":false},"author":1,"featured_media":0,"parent":0,"menu_order":0,"comment_status":"closed","ping_status":"closed","template":"","meta":{"footnotes":""},"class_list":["post-1823","page","type-page","status-publish","hentry"],"_links":{"self":[{"href":"http:\/\/nossacasa.net\/nossosriachos\/tabuleiros\/wp-json\/wp\/v2\/pages\/1823","targetHints":{"allow":["GET"]}}],"collection":[{"href":"http:\/\/nossacasa.net\/nossosriachos\/tabuleiros\/wp-json\/wp\/v2\/pages"}],"about":[{"href":"http:\/\/nossacasa.net\/nossosriachos\/tabuleiros\/wp-json\/wp\/v2\/types\/page"}],"author":[{"embeddable":true,"href":"http:\/\/nossacasa.net\/nossosriachos\/tabuleiros\/wp-json\/wp\/v2\/users\/1"}],"replies":[{"embeddable":true,"href":"http:\/\/nossacasa.net\/nossosriachos\/tabuleiros\/wp-json\/wp\/v2\/comments?post=1823"}],"version-history":[{"count":3,"href":"http:\/\/nossacasa.net\/nossosriachos\/tabuleiros\/wp-json\/wp\/v2\/pages\/1823\/revisions"}],"predecessor-version":[{"id":4304,"href":"http:\/\/nossacasa.net\/nossosriachos\/tabuleiros\/wp-json\/wp\/v2\/pages\/1823\/revisions\/4304"}],"wp:attachment":[{"href":"http:\/\/nossacasa.net\/nossosriachos\/tabuleiros\/wp-json\/wp\/v2\/media?parent=1823"}],"curies":[{"name":"wp","href":"https:\/\/api.w.org\/{rel}","templated":true}]}}