{"id":1828,"date":"2019-09-12T16:03:55","date_gmt":"2019-09-12T19:03:55","guid":{"rendered":"http:\/\/nossacasa.net\/nossosriachos\/rios\/?page_id=1828"},"modified":"2019-10-09T17:14:40","modified_gmt":"2019-10-09T20:14:40","slug":"scleromystax-prionotos","status":"publish","type":"page","link":"http:\/\/nossacasa.net\/nossosriachos\/tabuleiros\/scleromystax-prionotos\/","title":{"rendered":"Scleromystax prionotos"},"content":{"rendered":"<div style=\"text-align: justify\">\n<h1><em>Scleromystax prionotos<\/em> (Nijssen &amp; Isbr\u00fccker, 1980)<\/h1>\n<p><img loading=\"lazy\" decoding=\"async\" src=\"http:\/\/nossacasa.net\/nossosriachos\/tabuleiros\/wp-content\/uploads\/sites\/13\/2019\/10\/Scleromystax-prionotos.png\" alt=\"\" width=\"800\" height=\"537\" class=\"aligncenter size-full wp-image-4313\" srcset=\"http:\/\/nossacasa.net\/nossosriachos\/tabuleiros\/wp-content\/uploads\/sites\/13\/2019\/10\/Scleromystax-prionotos.png 800w, http:\/\/nossacasa.net\/nossosriachos\/tabuleiros\/wp-content\/uploads\/sites\/13\/2019\/10\/Scleromystax-prionotos-300x201.png 300w, http:\/\/nossacasa.net\/nossosriachos\/tabuleiros\/wp-content\/uploads\/sites\/13\/2019\/10\/Scleromystax-prionotos-768x516.png 768w, http:\/\/nossacasa.net\/nossosriachos\/tabuleiros\/wp-content\/uploads\/sites\/13\/2019\/10\/Scleromystax-prionotos-447x300.png 447w\" sizes=\"auto, (max-width: 800px) 100vw, 800px\" \/><\/p>\n<p>Algumas caracter\u00edsticas da esp\u00e9cie <strong><em>Scleromystax prionotos<\/em><\/strong> est\u00e3o indicadas na figura acima.<\/p>\n<p>Inclui peixes de focinho longo e afilado. Um dos ossos do topo central da cabe\u00e7a, o supraoccipital, est\u00e1 em contato com a placa nucal nesses peixes. O espinho da nadadeira peitoral \u00e9 ligeiramente mais curto, ou com o mesmo comprimento dos demais raios. O espinho da peitoral \u00e9 anteriormente liso, e com 16 a 18 serrilhas longas no bordo posterior. A nadadeira caudal tem o colorido vermiculado, com riscos escuros irregularmente dispostos entre os raios.<\/p>\n<p>Na floresta de tabuleiros habita c\u00f3rregos com \u00e1guas transparentes, correnteza fraca e substrato de areia e pedrinhas. S\u00e3o peixes de h\u00e1bito alimentar detrit\u00edvoro, consumindo alimento fino particulado e microorganismos associados ao fundo. <\/p>\n<p>Ocorre entre as bacias do rio Doce at\u00e9 o rio Santo Ant\u00f4nio, ao sul do Jequitinhonha. \u00c9 encontrada nos pequenos corpos h\u00eddricos em bi\u00f3topos espec\u00edficos. Prefere \u00e1guas oxigenadas, claras, levemente \u00e1cidas. <\/p>\n<p>\u00c9 a esp\u00e9cie mais comum de <a href=\"http:\/\/nossacasa.net\/nossosriachos\/tabuleiros\/callichthyidae\/\">Callichthyidae<\/a> nos rios de tabuleiros. <\/p>\n<p>A esp\u00e9cie <strong><em>Scleromystax prionotos<\/em><\/strong> \u00e9 a \u00fanica representante do g\u00eanero <em><a href=\"http:\/\/nossacasa.net\/nossosriachos\/tabuleiros\/scleromystax\/\">Scleromystax<\/a><\/em> da fam\u00edlia <a href=\"http:\/\/nossacasa.net\/nossosriachos\/tabuleiros\/callichthyidae\/\">Callichthyidae<\/a> nas regi\u00f5es dos tabuleiros.<\/p>\n<hr \/>\n<\/div>\n<p>. <\/p>\n","protected":false},"excerpt":{"rendered":"<p>Scleromystax prionotos (Nijssen &amp; Isbr\u00fccker, 1980) Algumas caracter\u00edsticas da esp\u00e9cie Scleromystax prionotos est\u00e3o indicadas na figura acima. Inclui peixes de focinho longo e afilado. Um dos ossos do topo central da cabe\u00e7a, o supraoccipital, est\u00e1 em contato com a placa &hellip; <a href=\"http:\/\/nossacasa.net\/nossosriachos\/tabuleiros\/scleromystax-prionotos\/\">Continue lendo <span class=\"meta-nav\">&rarr;<\/span><\/a><\/p>\n","protected":false},"author":1,"featured_media":4313,"parent":0,"menu_order":0,"comment_status":"closed","ping_status":"closed","template":"","meta":{"footnotes":""},"class_list":["post-1828","page","type-page","status-publish","has-post-thumbnail","hentry"],"_links":{"self":[{"href":"http:\/\/nossacasa.net\/nossosriachos\/tabuleiros\/wp-json\/wp\/v2\/pages\/1828","targetHints":{"allow":["GET"]}}],"collection":[{"href":"http:\/\/nossacasa.net\/nossosriachos\/tabuleiros\/wp-json\/wp\/v2\/pages"}],"about":[{"href":"http:\/\/nossacasa.net\/nossosriachos\/tabuleiros\/wp-json\/wp\/v2\/types\/page"}],"author":[{"embeddable":true,"href":"http:\/\/nossacasa.net\/nossosriachos\/tabuleiros\/wp-json\/wp\/v2\/users\/1"}],"replies":[{"embeddable":true,"href":"http:\/\/nossacasa.net\/nossosriachos\/tabuleiros\/wp-json\/wp\/v2\/comments?post=1828"}],"version-history":[{"count":3,"href":"http:\/\/nossacasa.net\/nossosriachos\/tabuleiros\/wp-json\/wp\/v2\/pages\/1828\/revisions"}],"predecessor-version":[{"id":4317,"href":"http:\/\/nossacasa.net\/nossosriachos\/tabuleiros\/wp-json\/wp\/v2\/pages\/1828\/revisions\/4317"}],"wp:featuredmedia":[{"embeddable":true,"href":"http:\/\/nossacasa.net\/nossosriachos\/tabuleiros\/wp-json\/wp\/v2\/media\/4313"}],"wp:attachment":[{"href":"http:\/\/nossacasa.net\/nossosriachos\/tabuleiros\/wp-json\/wp\/v2\/media?parent=1828"}],"curies":[{"name":"wp","href":"https:\/\/api.w.org\/{rel}","templated":true}]}}