{"id":1829,"date":"2019-09-12T16:02:31","date_gmt":"2019-09-12T19:02:31","guid":{"rendered":"http:\/\/nossacasa.net\/nossosriachos\/rios\/?page_id=1829"},"modified":"2019-10-09T17:10:50","modified_gmt":"2019-10-09T20:10:50","slug":"scleromystax","status":"publish","type":"page","link":"http:\/\/nossacasa.net\/nossosriachos\/tabuleiros\/scleromystax\/","title":{"rendered":"Scleromystax"},"content":{"rendered":"<div style=\"text-align: justify\">\n<h1>Os <em>Scleromystax<\/em> G\u00fcnther, 1864<\/h1>\n<p><img loading=\"lazy\" decoding=\"async\" src=\"http:\/\/nossacasa.net\/nossosriachos\/tabuleiros\/wp-content\/uploads\/sites\/13\/2019\/10\/Scleromystax.png\" alt=\"\" width=\"800\" height=\"537\" class=\"aligncenter size-full wp-image-4312\" srcset=\"http:\/\/nossacasa.net\/nossosriachos\/tabuleiros\/wp-content\/uploads\/sites\/13\/2019\/10\/Scleromystax.png 800w, http:\/\/nossacasa.net\/nossosriachos\/tabuleiros\/wp-content\/uploads\/sites\/13\/2019\/10\/Scleromystax-300x201.png 300w, http:\/\/nossacasa.net\/nossosriachos\/tabuleiros\/wp-content\/uploads\/sites\/13\/2019\/10\/Scleromystax-768x516.png 768w, http:\/\/nossacasa.net\/nossosriachos\/tabuleiros\/wp-content\/uploads\/sites\/13\/2019\/10\/Scleromystax-447x300.png 447w\" sizes=\"auto, (max-width: 800px) 100vw, 800px\" \/><\/p>\n<p>Algumas caracter\u00edsticas do g\u00eanero <strong><em>Scleromystax<\/em><\/strong> est\u00e3o indicadas na figura acima.<\/p>\n<p>Inclui peixes de focinho longo e afilado. Um dos ossos do topo central da cabe\u00e7a, o supraoccipital, est\u00e1 em contato com a placa nucal nesses peixes. O espinho da nadadeira peitoral \u00e9 ligeiramente mais curto, ou com o mesmo comprimento dos demais raios. O espinho da peitoral \u00e9 anteriormente liso, e com 16 a 18 serrilhas longas no bordo posterior. A nadadeira caudal tem o colorido vermiculado, com riscos escuros irregularmente dispostos entre os raios.<\/p>\n<p>O g\u00eanero <strong><em>Scleromystax<\/em><\/strong> \u00e9 um dos cinco g\u00eaneros da fam\u00edlia <a href=\"http:\/\/nossacasa.net\/nossosriachos\/tabuleiros\/callichthyidae\/\">Callichthyidae<\/a> representante dos representante dos <a href=\"http:\/\/nossacasa.net\/nossosriachos\/tabuleiros\/siluriformes\/\">Siluriformes<\/a> nas regi\u00f5es dos tabuleiros. <\/p>\n<p>Na regi\u00e3o dos tabuleiros da Mata Atl\u00e2ntica encontramos uma \u00fanica esp\u00e9cie do g\u00eanero <strong><em>Scleromystax<\/em><\/strong>: <em><a href=\"http:\/\/nossacasa.net\/nossosriachos\/tabuleiros\/scleromystax-prionotos\/\">Scleromystax prionotos<\/a><\/em>.<\/p>\n<hr \/>\n<\/div>\n","protected":false},"excerpt":{"rendered":"<p>Os Scleromystax G\u00fcnther, 1864 Algumas caracter\u00edsticas do g\u00eanero Scleromystax est\u00e3o indicadas na figura acima. Inclui peixes de focinho longo e afilado. Um dos ossos do topo central da cabe\u00e7a, o supraoccipital, est\u00e1 em contato com a placa nucal nesses peixes. &hellip; <a href=\"http:\/\/nossacasa.net\/nossosriachos\/tabuleiros\/scleromystax\/\">Continue lendo <span class=\"meta-nav\">&rarr;<\/span><\/a><\/p>\n","protected":false},"author":1,"featured_media":0,"parent":0,"menu_order":0,"comment_status":"closed","ping_status":"closed","template":"","meta":{"footnotes":""},"class_list":["post-1829","page","type-page","status-publish","hentry"],"_links":{"self":[{"href":"http:\/\/nossacasa.net\/nossosriachos\/tabuleiros\/wp-json\/wp\/v2\/pages\/1829","targetHints":{"allow":["GET"]}}],"collection":[{"href":"http:\/\/nossacasa.net\/nossosriachos\/tabuleiros\/wp-json\/wp\/v2\/pages"}],"about":[{"href":"http:\/\/nossacasa.net\/nossosriachos\/tabuleiros\/wp-json\/wp\/v2\/types\/page"}],"author":[{"embeddable":true,"href":"http:\/\/nossacasa.net\/nossosriachos\/tabuleiros\/wp-json\/wp\/v2\/users\/1"}],"replies":[{"embeddable":true,"href":"http:\/\/nossacasa.net\/nossosriachos\/tabuleiros\/wp-json\/wp\/v2\/comments?post=1829"}],"version-history":[{"count":3,"href":"http:\/\/nossacasa.net\/nossosriachos\/tabuleiros\/wp-json\/wp\/v2\/pages\/1829\/revisions"}],"predecessor-version":[{"id":4314,"href":"http:\/\/nossacasa.net\/nossosriachos\/tabuleiros\/wp-json\/wp\/v2\/pages\/1829\/revisions\/4314"}],"wp:attachment":[{"href":"http:\/\/nossacasa.net\/nossosriachos\/tabuleiros\/wp-json\/wp\/v2\/media?parent=1829"}],"curies":[{"name":"wp","href":"https:\/\/api.w.org\/{rel}","templated":true}]}}