{"id":1843,"date":"2019-09-12T17:01:23","date_gmt":"2019-09-12T20:01:23","guid":{"rendered":"http:\/\/nossacasa.net\/nossosriachos\/rios\/?page_id=1843"},"modified":"2019-10-09T17:17:05","modified_gmt":"2019-10-09T20:17:05","slug":"acentronichthys","status":"publish","type":"page","link":"http:\/\/nossacasa.net\/nossosriachos\/tabuleiros\/acentronichthys\/","title":{"rendered":"Acentronichthys"},"content":{"rendered":"<div style=\"text-align: justify\">\n<h1>Os <em>Acentronichthys<\/em> Eigenmann and Eigenmann, 1889 <\/h1>\n<p><img loading=\"lazy\" decoding=\"async\" src=\"http:\/\/nossacasa.net\/nossosriachos\/tabuleiros\/wp-content\/uploads\/sites\/13\/2019\/10\/Acentronichthys.png\" alt=\"\" width=\"800\" height=\"277\" class=\"aligncenter size-full wp-image-4307\" srcset=\"http:\/\/nossacasa.net\/nossosriachos\/tabuleiros\/wp-content\/uploads\/sites\/13\/2019\/10\/Acentronichthys.png 800w, http:\/\/nossacasa.net\/nossosriachos\/tabuleiros\/wp-content\/uploads\/sites\/13\/2019\/10\/Acentronichthys-300x104.png 300w, http:\/\/nossacasa.net\/nossosriachos\/tabuleiros\/wp-content\/uploads\/sites\/13\/2019\/10\/Acentronichthys-768x266.png 768w, http:\/\/nossacasa.net\/nossosriachos\/tabuleiros\/wp-content\/uploads\/sites\/13\/2019\/10\/Acentronichthys-500x173.png 500w\" sizes=\"auto, (max-width: 800px) 100vw, 800px\" \/><\/p>\n<p><img loading=\"lazy\" decoding=\"async\" src=\"http:\/\/nossacasa.net\/nossosriachos\/tabuleiros\/wp-content\/uploads\/sites\/13\/2019\/10\/Acentronichthys_i.png\" alt=\"\" width=\"800\" height=\"587\" class=\"aligncenter size-full wp-image-4308\" srcset=\"http:\/\/nossacasa.net\/nossosriachos\/tabuleiros\/wp-content\/uploads\/sites\/13\/2019\/10\/Acentronichthys_i.png 800w, http:\/\/nossacasa.net\/nossosriachos\/tabuleiros\/wp-content\/uploads\/sites\/13\/2019\/10\/Acentronichthys_i-300x220.png 300w, http:\/\/nossacasa.net\/nossosriachos\/tabuleiros\/wp-content\/uploads\/sites\/13\/2019\/10\/Acentronichthys_i-768x564.png 768w, http:\/\/nossacasa.net\/nossosriachos\/tabuleiros\/wp-content\/uploads\/sites\/13\/2019\/10\/Acentronichthys_i-409x300.png 409w\" sizes=\"auto, (max-width: 800px) 100vw, 800px\" \/><\/p>\n<p>Algumas caracter\u00edsticas do g\u00eanero <strong><em>Acentronichthys<\/em><\/strong> est\u00e3o indicadas na figura acima.<\/p>\n<p>S\u00e3o peixes de corpo alongado, nadadeiras dorsal e peitorais com raios indivisos flex\u00edveis, sem espinhos. Nadadeira caudal bifurcada. Olhos pequenos, recobertos por pele fina. Barbilh\u00f5es maxilares maiores que o comprimento da cabe\u00e7a, ultrapassando a base da nadadeira peitoral. N\u00e3o apresentam sulco sub-orbital para abrigar os barbilh\u00f5es maxilares, sendo a \u00e1rea de pele abaixo dos olhos desprovida de reentr\u00e2ncias. Nadadeira anal longa, com 18 a 28 raios ramificados.<\/p>\n<p>Inclui peixes pequenos, de colorido escuro com uma estreita faixa lateral desde a caba\u00e7a, na altura dos olhos, at\u00e9 a base da nadadeira caudal. Tamanho inferior a 10 cent\u00edmetros. <\/p>\n<p>O g\u00eanero <strong><em>Acentronichthys<\/em><\/strong> \u00e9 um dos cinco g\u00eaneros da fam\u00edlia <a href=\"http:\/\/nossacasa.net\/nossosriachos\/tabuleiros\/heptapteridae\/\">Heptapteridae<\/a> representante dos <a href=\"http:\/\/nossacasa.net\/nossosriachos\/tabuleiros\/siluriformes\/\">Siluriformes<\/a> nas regi\u00f5es dos tabuleiros. <\/p>\n<p>Na regi\u00e3o dos tabuleiros da Mata Atl\u00e2ntica encontramos uma \u00fanica esp\u00e9cie do g\u00eanero <strong><em>Acentronichthys<\/em><\/strong>: <em><a href=\"http:\/\/nossacasa.net\/nossosriachos\/tabuleiros\/acentronichthys-leptos\/\">Acentronichthys leptos<\/a><\/em>.<\/p>\n<hr>\n<\/div>\n","protected":false},"excerpt":{"rendered":"<p>Os Acentronichthys Eigenmann and Eigenmann, 1889 Algumas caracter\u00edsticas do g\u00eanero Acentronichthys est\u00e3o indicadas na figura acima. S\u00e3o peixes de corpo alongado, nadadeiras dorsal e peitorais com raios indivisos flex\u00edveis, sem espinhos. Nadadeira caudal bifurcada. Olhos pequenos, recobertos por pele fina. &hellip; <a href=\"http:\/\/nossacasa.net\/nossosriachos\/tabuleiros\/acentronichthys\/\">Continue lendo <span class=\"meta-nav\">&rarr;<\/span><\/a><\/p>\n","protected":false},"author":1,"featured_media":0,"parent":0,"menu_order":0,"comment_status":"closed","ping_status":"closed","template":"","meta":{"footnotes":""},"class_list":["post-1843","page","type-page","status-publish","hentry"],"_links":{"self":[{"href":"http:\/\/nossacasa.net\/nossosriachos\/tabuleiros\/wp-json\/wp\/v2\/pages\/1843","targetHints":{"allow":["GET"]}}],"collection":[{"href":"http:\/\/nossacasa.net\/nossosriachos\/tabuleiros\/wp-json\/wp\/v2\/pages"}],"about":[{"href":"http:\/\/nossacasa.net\/nossosriachos\/tabuleiros\/wp-json\/wp\/v2\/types\/page"}],"author":[{"embeddable":true,"href":"http:\/\/nossacasa.net\/nossosriachos\/tabuleiros\/wp-json\/wp\/v2\/users\/1"}],"replies":[{"embeddable":true,"href":"http:\/\/nossacasa.net\/nossosriachos\/tabuleiros\/wp-json\/wp\/v2\/comments?post=1843"}],"version-history":[{"count":3,"href":"http:\/\/nossacasa.net\/nossosriachos\/tabuleiros\/wp-json\/wp\/v2\/pages\/1843\/revisions"}],"predecessor-version":[{"id":4318,"href":"http:\/\/nossacasa.net\/nossosriachos\/tabuleiros\/wp-json\/wp\/v2\/pages\/1843\/revisions\/4318"}],"wp:attachment":[{"href":"http:\/\/nossacasa.net\/nossosriachos\/tabuleiros\/wp-json\/wp\/v2\/media?parent=1843"}],"curies":[{"name":"wp","href":"https:\/\/api.w.org\/{rel}","templated":true}]}}