{"id":1846,"date":"2019-09-12T17:04:05","date_gmt":"2019-09-12T20:04:05","guid":{"rendered":"http:\/\/nossacasa.net\/nossosriachos\/rios\/?page_id=1846"},"modified":"2019-10-09T17:20:31","modified_gmt":"2019-10-09T20:20:31","slug":"acentronichthys-leptos","status":"publish","type":"page","link":"http:\/\/nossacasa.net\/nossosriachos\/tabuleiros\/acentronichthys-leptos\/","title":{"rendered":"Acentronichthys leptos"},"content":{"rendered":"<div style=\"text-align: justify\">\n<h1><em>Acentronichthys leptos<\/em> Eigenmann and Eigenmann, 1889<\/h1>\n<p><img loading=\"lazy\" decoding=\"async\" src=\"http:\/\/nossacasa.net\/nossosriachos\/tabuleiros\/wp-content\/uploads\/sites\/13\/2019\/10\/Acentronichthys-leptos-.png\" alt=\"\" width=\"800\" height=\"244\" class=\"aligncenter size-full wp-image-4306\" srcset=\"http:\/\/nossacasa.net\/nossosriachos\/tabuleiros\/wp-content\/uploads\/sites\/13\/2019\/10\/Acentronichthys-leptos-.png 800w, http:\/\/nossacasa.net\/nossosriachos\/tabuleiros\/wp-content\/uploads\/sites\/13\/2019\/10\/Acentronichthys-leptos--300x92.png 300w, http:\/\/nossacasa.net\/nossosriachos\/tabuleiros\/wp-content\/uploads\/sites\/13\/2019\/10\/Acentronichthys-leptos--768x234.png 768w, http:\/\/nossacasa.net\/nossosriachos\/tabuleiros\/wp-content\/uploads\/sites\/13\/2019\/10\/Acentronichthys-leptos--500x153.png 500w\" sizes=\"auto, (max-width: 800px) 100vw, 800px\" \/><\/p>\n<p>Algumas caracter\u00edsticas da esp\u00e9cie <strong><em>Acentronichthys leptos<\/em><\/strong> est\u00e3o indicadas na figura acima.<\/p>\n<p><strong><em>Acentronichthys leptos<\/em><\/strong> \u00e9 um bagrinho de pequeno tamanho, n\u00e3o ultrapassando os 8 cm de comprimento padr\u00e3o. S\u00e3o peixes de corpo alongado, nadadeiras dorsal e peitorais com raios indivisos flex\u00edveis, sem espinhos. Nadadeira caudal bifurcada. Os olhos s\u00e3o pequenos, cobertos por pele fina. Os barbilh\u00f5es maxilares s\u00e3o maiores que o comprimento da cabe\u00e7a, ultrapassando a base da nadadeira peitoral. Nadadeira anal longa, com 18 a 28 raios ramificados.<\/p>\n<p>A longa nadadeira adiposa \u00e9 cont\u00edgua a cauda. Inclui peixes de colorido escuro com uma estreita faixa lateral desde a cabe\u00e7a, na altura dos olhos, at\u00e9 a base da nadadeira caudal. Dorso com colorido uniforme, levemente escurecido, sem barras transversais nos flancos. <\/p>\n<p>Esses peixes de riacho ocorrem naturalmente nas baixadas litor\u00e2neas entre Santa Catarina e a Bahia, com popula\u00e7\u00f5es disjuntas entre si (Sarmento-Soares et al., 2019). <\/p>\n<p>Ocorre em riachos de primeira e segunda ordem na floresta de tabuleiro e suas prefer\u00eancias de habitat e ecologia podem ser empregadas como indicadores biol\u00f3gicos de qualidade da \u00e1gua (Bizerril, Primo, 2001; Guimar\u00e3es et al., 2019). <\/p>\n<p>Nos rios do tabuleiro ocorrem em riachos cor de ch\u00e1 mate, de correnteza fraca a moderada, associadas \u00e0s pedras, vegeta\u00e7\u00e3o submersa e entorno com cobertura vegetal em dossel semi-aberto. <\/p>\n<p>Em toda sua \u00e1rea de distribui\u00e7\u00e3o, <strong><em>Acentronichthys leptos<\/em><\/strong> apresenta uma baixa abund\u00e2ncia e distribui\u00e7\u00e3o restrita (MMA, 2018). S\u00e3o peixes demersais, de h\u00e1bitos noturnos, que entram em atividade ao entardecer, para alimentarem-se de artr\u00f3podes terrestres que caem na \u00e1gua e invertebrados aqu\u00e1ticos especialmente insetos incluindo larvas, pupas, aracn\u00eddeos e crust\u00e1ceos, al\u00e9m de fragmentos vegetais e detritos. <\/p>\n<p>A principal amea\u00e7a sofrida por <strong><em>Acentronichthys leptos<\/em><\/strong> \u00e9 a perda de habitat. A supress\u00e3o da vegeta\u00e7\u00e3o marginal \u00e9 severamente impactante e compromete a sobreviv\u00eancia da esp\u00e9cie. Os ambientes de vida da esp\u00e9cie, em geral litor\u00e2neos, s\u00e3o altamente suscept\u00edveis \u00e0 degrada\u00e7\u00e3o ambiental, e vem sofrendo decl\u00ednio continuado da qualidade de h\u00e1bitat observando-se severa fragmenta\u00e7\u00e3o (MMA, 2018; Sarmento-Soares; Martins-Pinheiro, 2013). <\/p>\n<p>Localmente esses peixes s\u00e3o pouco conhecidos da popula\u00e7\u00e3o em geral, e nomeados de bagrinho nas regi\u00f5es de Mata Atl\u00e2ntica de tabuleiro onde ocorrem. Somente ribeirinhos e pescadores mais experientes sabem de sua exist\u00eancia. Listada como esp\u00e9cie amea\u00e7ada na lista nacional (MMA, 2018) e nas listas estaduais da Bahia e Esp\u00edrito Santo.<\/p>\n<p>A esp\u00e9cie <strong><em>Acentronichthys leptos<\/em><\/strong> \u00e9 a \u00fanica representante do g\u00eanero <em><a href=\"http:\/\/nossacasa.net\/nossosriachos\/tabuleiros\/acentronichthys\/\">Acentronichthys<\/a><\/em> da fam\u00edlia <a href=\"http:\/\/nossacasa.net\/nossosriachos\/tabuleiros\/heptapteridae\/\">Heptapteridae<\/a> nas regi\u00f5es dos tabuleiros.<\/p>\n<hr \/>\n<\/div>\n<p>. <\/p>\n","protected":false},"excerpt":{"rendered":"<p>Acentronichthys leptos Eigenmann and Eigenmann, 1889 Algumas caracter\u00edsticas da esp\u00e9cie Acentronichthys leptos est\u00e3o indicadas na figura acima. Acentronichthys leptos \u00e9 um bagrinho de pequeno tamanho, n\u00e3o ultrapassando os 8 cm de comprimento padr\u00e3o. S\u00e3o peixes de corpo alongado, nadadeiras dorsal &hellip; <a href=\"http:\/\/nossacasa.net\/nossosriachos\/tabuleiros\/acentronichthys-leptos\/\">Continue lendo <span class=\"meta-nav\">&rarr;<\/span><\/a><\/p>\n","protected":false},"author":1,"featured_media":4306,"parent":0,"menu_order":0,"comment_status":"closed","ping_status":"closed","template":"","meta":{"footnotes":""},"class_list":["post-1846","page","type-page","status-publish","has-post-thumbnail","hentry"],"_links":{"self":[{"href":"http:\/\/nossacasa.net\/nossosriachos\/tabuleiros\/wp-json\/wp\/v2\/pages\/1846","targetHints":{"allow":["GET"]}}],"collection":[{"href":"http:\/\/nossacasa.net\/nossosriachos\/tabuleiros\/wp-json\/wp\/v2\/pages"}],"about":[{"href":"http:\/\/nossacasa.net\/nossosriachos\/tabuleiros\/wp-json\/wp\/v2\/types\/page"}],"author":[{"embeddable":true,"href":"http:\/\/nossacasa.net\/nossosriachos\/tabuleiros\/wp-json\/wp\/v2\/users\/1"}],"replies":[{"embeddable":true,"href":"http:\/\/nossacasa.net\/nossosriachos\/tabuleiros\/wp-json\/wp\/v2\/comments?post=1846"}],"version-history":[{"count":3,"href":"http:\/\/nossacasa.net\/nossosriachos\/tabuleiros\/wp-json\/wp\/v2\/pages\/1846\/revisions"}],"predecessor-version":[{"id":4320,"href":"http:\/\/nossacasa.net\/nossosriachos\/tabuleiros\/wp-json\/wp\/v2\/pages\/1846\/revisions\/4320"}],"wp:featuredmedia":[{"embeddable":true,"href":"http:\/\/nossacasa.net\/nossosriachos\/tabuleiros\/wp-json\/wp\/v2\/media\/4306"}],"wp:attachment":[{"href":"http:\/\/nossacasa.net\/nossosriachos\/tabuleiros\/wp-json\/wp\/v2\/media?parent=1846"}],"curies":[{"name":"wp","href":"https:\/\/api.w.org\/{rel}","templated":true}]}}