{"id":1849,"date":"2019-09-12T17:06:32","date_gmt":"2019-09-12T20:06:32","guid":{"rendered":"http:\/\/nossacasa.net\/nossosriachos\/rios\/?page_id=1849"},"modified":"2019-10-09T18:22:10","modified_gmt":"2019-10-09T21:22:10","slug":"imparfinis","status":"publish","type":"page","link":"http:\/\/nossacasa.net\/nossosriachos\/tabuleiros\/imparfinis\/","title":{"rendered":"Imparfinis"},"content":{"rendered":"<div style=\"text-align: justify\">\n<h1>Os <em>Imparfinis<\/em> Eigenmann and Norris, 1900<\/h1>\n<p><img loading=\"lazy\" decoding=\"async\" src=\"http:\/\/nossacasa.net\/nossosriachos\/tabuleiros\/wp-content\/uploads\/sites\/13\/2019\/10\/Imparfinis.png\" alt=\"\" width=\"800\" height=\"212\" class=\"aligncenter size-full wp-image-4322\" srcset=\"http:\/\/nossacasa.net\/nossosriachos\/tabuleiros\/wp-content\/uploads\/sites\/13\/2019\/10\/Imparfinis.png 800w, http:\/\/nossacasa.net\/nossosriachos\/tabuleiros\/wp-content\/uploads\/sites\/13\/2019\/10\/Imparfinis-300x80.png 300w, http:\/\/nossacasa.net\/nossosriachos\/tabuleiros\/wp-content\/uploads\/sites\/13\/2019\/10\/Imparfinis-768x204.png 768w, http:\/\/nossacasa.net\/nossosriachos\/tabuleiros\/wp-content\/uploads\/sites\/13\/2019\/10\/Imparfinis-500x133.png 500w\" sizes=\"auto, (max-width: 800px) 100vw, 800px\" \/><\/p>\n<p><img loading=\"lazy\" decoding=\"async\" src=\"http:\/\/nossacasa.net\/nossosriachos\/tabuleiros\/wp-content\/uploads\/sites\/13\/2019\/10\/Imparfinis_i.png\" alt=\"\" width=\"800\" height=\"599\" class=\"aligncenter size-full wp-image-4323\" srcset=\"http:\/\/nossacasa.net\/nossosriachos\/tabuleiros\/wp-content\/uploads\/sites\/13\/2019\/10\/Imparfinis_i.png 800w, http:\/\/nossacasa.net\/nossosriachos\/tabuleiros\/wp-content\/uploads\/sites\/13\/2019\/10\/Imparfinis_i-300x225.png 300w, http:\/\/nossacasa.net\/nossosriachos\/tabuleiros\/wp-content\/uploads\/sites\/13\/2019\/10\/Imparfinis_i-768x575.png 768w, http:\/\/nossacasa.net\/nossosriachos\/tabuleiros\/wp-content\/uploads\/sites\/13\/2019\/10\/Imparfinis_i-401x300.png 401w\" sizes=\"auto, (max-width: 800px) 100vw, 800px\" \/><\/p>\n<p>Algumas caracter\u00edsticas do g\u00eanero <strong><em>Imparfinis<\/em><\/strong> est\u00e3o indicadas na figura acima.<\/p>\n<p>S\u00e3o peixes de corpo alongado, cabe\u00e7a baixa e barbilh\u00f5es desenvolvidos. Nadadeiras dorsal e peitorais com raios indivisos flex\u00edveis, sem espinhos. Nadadeira caudal bifurcada. Olhos grandes, 9.5 a 11% no comprimento da cabe\u00e7a, recobertos por pele fina. Barbilh\u00f5es maxilares longos, se extendendo at\u00e9 a nadadeira p\u00e9lvica. Sulco sub-orbital para abrigar os barbilh\u00f5es maxilares, sendo a \u00e1rea de pele abaixo dos olhos com suave reentr\u00e2ncia. Nadadeira anal curta, com 7 a 8 raios ramificados.<\/p>\n<p>Inclui peixes pequenos, com tamanho inferior a 15 cent\u00edmetros. Colorido caracter\u00edstico, diferindo dos demais <a href=\"http:\/\/nossacasa.net\/nossosriachos\/tabuleiros\/heptapteridae\/\">Heptapteridae<\/a> nos rios dos tabuleiros. Faixa lateral inconsp\u00edcua nos lados do corpo (vs. faixa lateral presente nas demais esp\u00e9cies). Barras transversais nos flancos, em um conjunto de 4 ou 5 \u00e1reas retangulares escuras sobre a linha mediana dorsal. <\/p>\n<p>O g\u00eanero <strong><em>Imparfinis<\/em><\/strong> \u00e9 um dos cinco g\u00eaneros da fam\u00edlia <a href=\"http:\/\/nossacasa.net\/nossosriachos\/tabuleiros\/heptapteridae\/\">Heptapteridae<\/a> representante dos <a href=\"http:\/\/nossacasa.net\/nossosriachos\/tabuleiros\/siluriformes\/\">Siluriformes<\/a> nas regi\u00f5es dos tabuleiros. <\/p>\n<p>Na regi\u00e3o dos tabuleiros da Mata Atl\u00e2ntica encontramos uma \u00fanica potencial esp\u00e9cie do g\u00eanero <strong><em>Imparfinis<\/em><\/strong>: <a href=\"http:\/\/nossacasa.net\/nossosriachos\/tabuleiros\/imparfinis\/\"><em>Imparfinis<\/em> aff. <em>minutus<\/em><\/a>.<\/p>\n<hr \/>\n<\/div>\n","protected":false},"excerpt":{"rendered":"<p>Os Imparfinis Eigenmann and Norris, 1900 Algumas caracter\u00edsticas do g\u00eanero Imparfinis est\u00e3o indicadas na figura acima. S\u00e3o peixes de corpo alongado, cabe\u00e7a baixa e barbilh\u00f5es desenvolvidos. Nadadeiras dorsal e peitorais com raios indivisos flex\u00edveis, sem espinhos. Nadadeira caudal bifurcada. Olhos &hellip; <a href=\"http:\/\/nossacasa.net\/nossosriachos\/tabuleiros\/imparfinis\/\">Continue lendo <span class=\"meta-nav\">&rarr;<\/span><\/a><\/p>\n","protected":false},"author":1,"featured_media":0,"parent":0,"menu_order":0,"comment_status":"closed","ping_status":"closed","template":"","meta":{"footnotes":""},"class_list":["post-1849","page","type-page","status-publish","hentry"],"_links":{"self":[{"href":"http:\/\/nossacasa.net\/nossosriachos\/tabuleiros\/wp-json\/wp\/v2\/pages\/1849","targetHints":{"allow":["GET"]}}],"collection":[{"href":"http:\/\/nossacasa.net\/nossosriachos\/tabuleiros\/wp-json\/wp\/v2\/pages"}],"about":[{"href":"http:\/\/nossacasa.net\/nossosriachos\/tabuleiros\/wp-json\/wp\/v2\/types\/page"}],"author":[{"embeddable":true,"href":"http:\/\/nossacasa.net\/nossosriachos\/tabuleiros\/wp-json\/wp\/v2\/users\/1"}],"replies":[{"embeddable":true,"href":"http:\/\/nossacasa.net\/nossosriachos\/tabuleiros\/wp-json\/wp\/v2\/comments?post=1849"}],"version-history":[{"count":4,"href":"http:\/\/nossacasa.net\/nossosriachos\/tabuleiros\/wp-json\/wp\/v2\/pages\/1849\/revisions"}],"predecessor-version":[{"id":4325,"href":"http:\/\/nossacasa.net\/nossosriachos\/tabuleiros\/wp-json\/wp\/v2\/pages\/1849\/revisions\/4325"}],"wp:attachment":[{"href":"http:\/\/nossacasa.net\/nossosriachos\/tabuleiros\/wp-json\/wp\/v2\/media?parent=1849"}],"curies":[{"name":"wp","href":"https:\/\/api.w.org\/{rel}","templated":true}]}}