{"id":1854,"date":"2019-09-12T17:10:27","date_gmt":"2019-09-12T20:10:27","guid":{"rendered":"http:\/\/nossacasa.net\/nossosriachos\/rios\/?page_id=1854"},"modified":"2019-10-09T18:36:39","modified_gmt":"2019-10-09T21:36:39","slug":"pimelodella","status":"publish","type":"page","link":"http:\/\/nossacasa.net\/nossosriachos\/tabuleiros\/pimelodella\/","title":{"rendered":"Pimelodella"},"content":{"rendered":"<div style=\"text-align: justify\">\n<h1>As <em>Pimelodella<\/em> Eigenmann and Eigenmann, 1888<\/h1>\n<p><img loading=\"lazy\" decoding=\"async\" src=\"http:\/\/nossacasa.net\/nossosriachos\/tabuleiros\/wp-content\/uploads\/sites\/13\/2019\/10\/Pimelodella.png\" alt=\"\" width=\"800\" height=\"262\" class=\"aligncenter size-full wp-image-4327\" srcset=\"http:\/\/nossacasa.net\/nossosriachos\/tabuleiros\/wp-content\/uploads\/sites\/13\/2019\/10\/Pimelodella.png 800w, http:\/\/nossacasa.net\/nossosriachos\/tabuleiros\/wp-content\/uploads\/sites\/13\/2019\/10\/Pimelodella-300x98.png 300w, http:\/\/nossacasa.net\/nossosriachos\/tabuleiros\/wp-content\/uploads\/sites\/13\/2019\/10\/Pimelodella-768x252.png 768w, http:\/\/nossacasa.net\/nossosriachos\/tabuleiros\/wp-content\/uploads\/sites\/13\/2019\/10\/Pimelodella-500x164.png 500w\" sizes=\"auto, (max-width: 800px) 100vw, 800px\" \/><\/p>\n<p><img loading=\"lazy\" decoding=\"async\" src=\"http:\/\/nossacasa.net\/nossosriachos\/tabuleiros\/wp-content\/uploads\/sites\/13\/2019\/10\/Pimelodella_i.png\" alt=\"\" width=\"800\" height=\"505\" class=\"aligncenter size-full wp-image-4328\" srcset=\"http:\/\/nossacasa.net\/nossosriachos\/tabuleiros\/wp-content\/uploads\/sites\/13\/2019\/10\/Pimelodella_i.png 800w, http:\/\/nossacasa.net\/nossosriachos\/tabuleiros\/wp-content\/uploads\/sites\/13\/2019\/10\/Pimelodella_i-300x189.png 300w, http:\/\/nossacasa.net\/nossosriachos\/tabuleiros\/wp-content\/uploads\/sites\/13\/2019\/10\/Pimelodella_i-768x485.png 768w, http:\/\/nossacasa.net\/nossosriachos\/tabuleiros\/wp-content\/uploads\/sites\/13\/2019\/10\/Pimelodella_i-475x300.png 475w\" sizes=\"auto, (max-width: 800px) 100vw, 800px\" \/><\/p>\n<p>Algumas caracter\u00edsticas do g\u00eanero <strong><em>Pimelodella<\/em><\/strong> est\u00e3o indicadas na figura acima.<\/p>\n<p>S\u00e3o peixes de corpo alongado, olhos grandes e barbilh\u00f5es desenvolvidos. Nadadeiras dorsal e peitorais com raios indivisos pungentes, com serrilhas nas bordas. Nadadeira caudal bifurcada. O arranjo dos ossos na parte posterior da cabe\u00e7a \u00e9 distintivo para peixes Pimelodella. Processo supra-occipital estendendo-se at\u00e9 o escudo pr\u00e9-dorsal. Fontanela craniana estendendo-se at\u00e9 a base do processo supra-occipital.<br \/>\nInclui peixes pequenos, com tamanho inferior a 15 cent\u00edmetros. Colorido com faixa lateral escura n\u00edtida, ao longo da linha lateral. <\/p>\n<p>O g\u00eanero <strong><em>Pimelodella<\/em><\/strong> \u00e9 um dos cinco g\u00eaneros da fam\u00edlia <a href=\"http:\/\/nossacasa.net\/nossosriachos\/tabuleiros\/heptapteridae\/\">Heptapteridae<\/a> representante dos <a href=\"http:\/\/nossacasa.net\/nossosriachos\/tabuleiros\/siluriformes\/\">Siluriformes<\/a> nas regi\u00f5es dos tabuleiros. <\/p>\n<p>Na regi\u00e3o dos tabuleiros da Mata Atl\u00e2ntica encontramos uma \u00fanica potencial esp\u00e9cie do g\u00eanero <strong><em>Pimelodella<\/em><\/strong>: <em><a href=\"http:\/\/nossacasa.net\/nossosriachos\/tabuleiros\/pimelodella-aff-vitatta\/\">Pimelodella aff. vitatta<\/a><\/em>.<\/p>\n<hr \/>\n<\/div>\n","protected":false},"excerpt":{"rendered":"<p>As Pimelodella Eigenmann and Eigenmann, 1888 Algumas caracter\u00edsticas do g\u00eanero Pimelodella est\u00e3o indicadas na figura acima. S\u00e3o peixes de corpo alongado, olhos grandes e barbilh\u00f5es desenvolvidos. Nadadeiras dorsal e peitorais com raios indivisos pungentes, com serrilhas nas bordas. Nadadeira caudal &hellip; <a href=\"http:\/\/nossacasa.net\/nossosriachos\/tabuleiros\/pimelodella\/\">Continue lendo <span class=\"meta-nav\">&rarr;<\/span><\/a><\/p>\n","protected":false},"author":1,"featured_media":0,"parent":0,"menu_order":0,"comment_status":"closed","ping_status":"closed","template":"","meta":{"footnotes":""},"class_list":["post-1854","page","type-page","status-publish","hentry"],"_links":{"self":[{"href":"http:\/\/nossacasa.net\/nossosriachos\/tabuleiros\/wp-json\/wp\/v2\/pages\/1854","targetHints":{"allow":["GET"]}}],"collection":[{"href":"http:\/\/nossacasa.net\/nossosriachos\/tabuleiros\/wp-json\/wp\/v2\/pages"}],"about":[{"href":"http:\/\/nossacasa.net\/nossosriachos\/tabuleiros\/wp-json\/wp\/v2\/types\/page"}],"author":[{"embeddable":true,"href":"http:\/\/nossacasa.net\/nossosriachos\/tabuleiros\/wp-json\/wp\/v2\/users\/1"}],"replies":[{"embeddable":true,"href":"http:\/\/nossacasa.net\/nossosriachos\/tabuleiros\/wp-json\/wp\/v2\/comments?post=1854"}],"version-history":[{"count":3,"href":"http:\/\/nossacasa.net\/nossosriachos\/tabuleiros\/wp-json\/wp\/v2\/pages\/1854\/revisions"}],"predecessor-version":[{"id":4330,"href":"http:\/\/nossacasa.net\/nossosriachos\/tabuleiros\/wp-json\/wp\/v2\/pages\/1854\/revisions\/4330"}],"wp:attachment":[{"href":"http:\/\/nossacasa.net\/nossosriachos\/tabuleiros\/wp-json\/wp\/v2\/media?parent=1854"}],"curies":[{"name":"wp","href":"https:\/\/api.w.org\/{rel}","templated":true}]}}