{"id":1855,"date":"2019-09-12T17:12:09","date_gmt":"2019-09-12T20:12:09","guid":{"rendered":"http:\/\/nossacasa.net\/nossosriachos\/rios\/?page_id=1855"},"modified":"2019-10-09T18:48:50","modified_gmt":"2019-10-09T21:48:50","slug":"pimelodella-aff-vitatta","status":"publish","type":"page","link":"http:\/\/nossacasa.net\/nossosriachos\/tabuleiros\/pimelodella-aff-vitatta\/","title":{"rendered":"Pimelodella aff. vitatta"},"content":{"rendered":"<div style=\"text-align: justify\">\n<h1><em>Pimelodella<\/em> aff. <em>vitatta<\/em><\/h1>\n<p><img loading=\"lazy\" decoding=\"async\" src=\"http:\/\/nossacasa.net\/nossosriachos\/tabuleiros\/wp-content\/uploads\/sites\/13\/2019\/10\/Pimelodella-aff.-vitatta.png\" alt=\"\" width=\"800\" height=\"246\" class=\"aligncenter size-full wp-image-4329\" srcset=\"http:\/\/nossacasa.net\/nossosriachos\/tabuleiros\/wp-content\/uploads\/sites\/13\/2019\/10\/Pimelodella-aff.-vitatta.png 800w, http:\/\/nossacasa.net\/nossosriachos\/tabuleiros\/wp-content\/uploads\/sites\/13\/2019\/10\/Pimelodella-aff.-vitatta-300x92.png 300w, http:\/\/nossacasa.net\/nossosriachos\/tabuleiros\/wp-content\/uploads\/sites\/13\/2019\/10\/Pimelodella-aff.-vitatta-768x236.png 768w, http:\/\/nossacasa.net\/nossosriachos\/tabuleiros\/wp-content\/uploads\/sites\/13\/2019\/10\/Pimelodella-aff.-vitatta-500x154.png 500w\" sizes=\"auto, (max-width: 800px) 100vw, 800px\" \/><\/p>\n<p>Algumas caracter\u00edsticas da potencial esp\u00e9cie nova <strong><em>Pimelodella<\/em> aff. <em>vitatta<\/em><\/strong> est\u00e3o indicadas na figura acima.<\/p>\n<p>Peixes de corpo alongado, olhos grandes e barbilh\u00f5es desenvolvidos. Nadadeiras dorsal e peitorais com raios indivisos pungentes, com serrilhas nas bordas. Nadadeira caudal bifurcada. O arranjo dos ossos na parte posterior da cabe\u00e7a \u00e9 distintivo para peixes Pimelodella. Processo supra-occipital estendendo-se at\u00e9 o escudo pr\u00e9-dorsal. Fontanela craniana estendendo-se at\u00e9 a base do processo supra-occipital.<br \/>\nIndiv\u00edduos jovens podem ser confundidos com Imparfinis aff. minutus, por conta do perfil afilado do corpo e olhos grandes. Distinguem-se entre si pelo padr\u00e3o de colorido, onde h\u00e1 uma faixa lateral escura n\u00edtida em <strong><em>Pimelodella<\/em> aff. <em>vitatta<\/em><\/strong> (vs. faixa lateral inconsp\u00edcua nos lados do corpo em <em>Imparfinis<\/em> aff. <em>minutus<\/em>) e ainda pela  presen\u00e7a de barras transversais nos flancos em <em>Imparfinis<\/em> aff. <em>minutus<\/em> (vs. dorso acizentado em <a href=\"http:\/\/nossacasa.net\/nossosriachos\/tabuleiros\/pimelodella\/\">Pimelodella<\/a>). <\/p>\n<p>Habitam rios e riachos de \u00e1guas oxigenadas, e correnteza moderada a forte, entrando em atividade no hor\u00e1rio crepuscular a noturno. O mandi corresponde a um bagre que explora o substrato com seus longos barbilh\u00f5es sensoriais. Nos rios de tabuleiro se alimentam de larvas aqu\u00e1ticas de insetos, crust\u00e1ceos e carac\u00f3is.<\/p>\n<p>A esp\u00e9cie potencialmente nova <strong><em>Pimelodella<\/em> aff. <em>vitatta<\/em><\/strong> \u00e9 a \u00fanica representante do g\u00eanero <em><a href=\"http:\/\/nossacasa.net\/nossosriachos\/tabuleiros\/pimelodella\/\">Pimelodella<\/a><\/em> da fam\u00edlia <a href=\"http:\/\/nossacasa.net\/nossosriachos\/tabuleiros\/heptapteridae\/\">Heptapteridae<\/a> nas regi\u00f5es dos tabuleiros.<\/p>\n<hr \/>\n<\/div>\n<p>. <\/p>\n","protected":false},"excerpt":{"rendered":"<p>Pimelodella aff. vitatta Algumas caracter\u00edsticas da potencial esp\u00e9cie nova Pimelodella aff. vitatta est\u00e3o indicadas na figura acima. Peixes de corpo alongado, olhos grandes e barbilh\u00f5es desenvolvidos. Nadadeiras dorsal e peitorais com raios indivisos pungentes, com serrilhas nas bordas. Nadadeira caudal &hellip; <a href=\"http:\/\/nossacasa.net\/nossosriachos\/tabuleiros\/pimelodella-aff-vitatta\/\">Continue lendo <span class=\"meta-nav\">&rarr;<\/span><\/a><\/p>\n","protected":false},"author":1,"featured_media":4329,"parent":0,"menu_order":0,"comment_status":"closed","ping_status":"closed","template":"","meta":{"footnotes":""},"class_list":["post-1855","page","type-page","status-publish","has-post-thumbnail","hentry"],"_links":{"self":[{"href":"http:\/\/nossacasa.net\/nossosriachos\/tabuleiros\/wp-json\/wp\/v2\/pages\/1855","targetHints":{"allow":["GET"]}}],"collection":[{"href":"http:\/\/nossacasa.net\/nossosriachos\/tabuleiros\/wp-json\/wp\/v2\/pages"}],"about":[{"href":"http:\/\/nossacasa.net\/nossosriachos\/tabuleiros\/wp-json\/wp\/v2\/types\/page"}],"author":[{"embeddable":true,"href":"http:\/\/nossacasa.net\/nossosriachos\/tabuleiros\/wp-json\/wp\/v2\/users\/1"}],"replies":[{"embeddable":true,"href":"http:\/\/nossacasa.net\/nossosriachos\/tabuleiros\/wp-json\/wp\/v2\/comments?post=1855"}],"version-history":[{"count":4,"href":"http:\/\/nossacasa.net\/nossosriachos\/tabuleiros\/wp-json\/wp\/v2\/pages\/1855\/revisions"}],"predecessor-version":[{"id":4334,"href":"http:\/\/nossacasa.net\/nossosriachos\/tabuleiros\/wp-json\/wp\/v2\/pages\/1855\/revisions\/4334"}],"wp:featuredmedia":[{"embeddable":true,"href":"http:\/\/nossacasa.net\/nossosriachos\/tabuleiros\/wp-json\/wp\/v2\/media\/4329"}],"wp:attachment":[{"href":"http:\/\/nossacasa.net\/nossosriachos\/tabuleiros\/wp-json\/wp\/v2\/media?parent=1855"}],"curies":[{"name":"wp","href":"https:\/\/api.w.org\/{rel}","templated":true}]}}