{"id":1860,"date":"2019-09-12T17:15:26","date_gmt":"2019-09-12T20:15:26","guid":{"rendered":"http:\/\/nossacasa.net\/nossosriachos\/rios\/?page_id=1860"},"modified":"2019-10-09T18:57:14","modified_gmt":"2019-10-09T21:57:14","slug":"rhamdia-aff-quellen","status":"publish","type":"page","link":"http:\/\/nossacasa.net\/nossosriachos\/tabuleiros\/rhamdia-aff-quellen\/","title":{"rendered":"Rhamdia aff. quellen"},"content":{"rendered":"<div style=\"text-align: justify\">\n<h1><em>Rhamdia<\/em> aff. <em>quellen<\/em><\/h1>\n<p><img loading=\"lazy\" decoding=\"async\" src=\"http:\/\/nossacasa.net\/nossosriachos\/tabuleiros\/wp-content\/uploads\/sites\/13\/2019\/10\/Rhamdia-aff.-quellen.png\" alt=\"\" width=\"800\" height=\"457\" class=\"aligncenter size-full wp-image-4338\" srcset=\"http:\/\/nossacasa.net\/nossosriachos\/tabuleiros\/wp-content\/uploads\/sites\/13\/2019\/10\/Rhamdia-aff.-quellen.png 800w, http:\/\/nossacasa.net\/nossosriachos\/tabuleiros\/wp-content\/uploads\/sites\/13\/2019\/10\/Rhamdia-aff.-quellen-300x171.png 300w, http:\/\/nossacasa.net\/nossosriachos\/tabuleiros\/wp-content\/uploads\/sites\/13\/2019\/10\/Rhamdia-aff.-quellen-768x439.png 768w, http:\/\/nossacasa.net\/nossosriachos\/tabuleiros\/wp-content\/uploads\/sites\/13\/2019\/10\/Rhamdia-aff.-quellen-500x286.png 500w\" sizes=\"auto, (max-width: 800px) 100vw, 800px\" \/><\/p>\n<p>Algumas caracter\u00edsticas da potencial esp\u00e9cie nova <strong><em>Rhamdia<\/em> aff. <em>quellen<\/em><\/strong> est\u00e3o indicadas na figura acima.<\/p>\n<p>S\u00e3o bagres com olhos pequenos, cabe\u00e7a baixa e barbilh\u00f5es alongados. Nadadeiras dorsal e peitorais com raios indivisos pungentes curtos. Nadadeira caudal bifurcada. O arranjo dos ossos na parte posterior da cabe\u00e7a \u00e9 distintivo para peixes <a href=\"http:\/\/nossacasa.net\/nossosriachos\/tabuleiros\/rhamdia\/\"><em>Rhamdia<\/em><\/a>. Processo supra-occipital n\u00e3o alcan\u00e7a o escudo pr\u00e9-dorsal. Fontanela craniana abreviada, n\u00e3o ultrapassando a altura dos olhos.<\/p>\n<p>S\u00e3o esp\u00e9cies bentopel\u00e1gicas, especulando o substrato em busca de alimento. Habita riachos de correnteza fraca, leito arenoso ou lodoso com folhi\u00e7o no fundo. Durante o dia permanece em estado de torpor, ocultando-se sob a vegeta\u00e7\u00e3o rip\u00e1ria. A noite entra em atividade. Consome uma variedade de pequenos organismos, como insetos e crust\u00e1ceos, a caracteizando uma dieta invert\u00edvora.<\/p>\n<p>A esp\u00e9cie potencialmente nova <strong><em>Rhamdia<\/em> aff. <em>quellen<\/em><\/strong> \u00e9 a \u00fanica representante do g\u00eanero <em><a href=\"http:\/\/nossacasa.net\/nossosriachos\/tabuleiros\/rhamdia\/\">Rhamdia<\/a><\/em> da fam\u00edlia <a href=\"http:\/\/nossacasa.net\/nossosriachos\/tabuleiros\/heptapteridae\/\">Heptapteridae<\/a> nas regi\u00f5es dos tabuleiros.<\/p>\n<hr \/>\n<\/div>\n<p>. <\/p>\n","protected":false},"excerpt":{"rendered":"<p>Rhamdia aff. quellen Algumas caracter\u00edsticas da potencial esp\u00e9cie nova Rhamdia aff. quellen est\u00e3o indicadas na figura acima. S\u00e3o bagres com olhos pequenos, cabe\u00e7a baixa e barbilh\u00f5es alongados. Nadadeiras dorsal e peitorais com raios indivisos pungentes curtos. Nadadeira caudal bifurcada. O &hellip; <a href=\"http:\/\/nossacasa.net\/nossosriachos\/tabuleiros\/rhamdia-aff-quellen\/\">Continue lendo <span class=\"meta-nav\">&rarr;<\/span><\/a><\/p>\n","protected":false},"author":1,"featured_media":4338,"parent":0,"menu_order":0,"comment_status":"closed","ping_status":"closed","template":"","meta":{"footnotes":""},"class_list":["post-1860","page","type-page","status-publish","has-post-thumbnail","hentry"],"_links":{"self":[{"href":"http:\/\/nossacasa.net\/nossosriachos\/tabuleiros\/wp-json\/wp\/v2\/pages\/1860","targetHints":{"allow":["GET"]}}],"collection":[{"href":"http:\/\/nossacasa.net\/nossosriachos\/tabuleiros\/wp-json\/wp\/v2\/pages"}],"about":[{"href":"http:\/\/nossacasa.net\/nossosriachos\/tabuleiros\/wp-json\/wp\/v2\/types\/page"}],"author":[{"embeddable":true,"href":"http:\/\/nossacasa.net\/nossosriachos\/tabuleiros\/wp-json\/wp\/v2\/users\/1"}],"replies":[{"embeddable":true,"href":"http:\/\/nossacasa.net\/nossosriachos\/tabuleiros\/wp-json\/wp\/v2\/comments?post=1860"}],"version-history":[{"count":2,"href":"http:\/\/nossacasa.net\/nossosriachos\/tabuleiros\/wp-json\/wp\/v2\/pages\/1860\/revisions"}],"predecessor-version":[{"id":4341,"href":"http:\/\/nossacasa.net\/nossosriachos\/tabuleiros\/wp-json\/wp\/v2\/pages\/1860\/revisions\/4341"}],"wp:featuredmedia":[{"embeddable":true,"href":"http:\/\/nossacasa.net\/nossosriachos\/tabuleiros\/wp-json\/wp\/v2\/media\/4338"}],"wp:attachment":[{"href":"http:\/\/nossacasa.net\/nossosriachos\/tabuleiros\/wp-json\/wp\/v2\/media?parent=1860"}],"curies":[{"name":"wp","href":"https:\/\/api.w.org\/{rel}","templated":true}]}}