{"id":1873,"date":"2019-09-12T17:52:52","date_gmt":"2019-09-12T20:52:52","guid":{"rendered":"http:\/\/nossacasa.net\/nossosriachos\/rios\/?page_id=1873"},"modified":"2019-10-09T19:33:29","modified_gmt":"2019-10-09T22:33:29","slug":"ruryochus-thysanos","status":"publish","type":"page","link":"http:\/\/nossacasa.net\/nossosriachos\/tabuleiros\/ruryochus-thysanos\/","title":{"rendered":"Euryochus thysanos"},"content":{"rendered":"<div style=\"text-align: justify\">\n<h1><em>Euryochus thysanos<\/em> Pereira &amp; Reis, 2017<\/h1>\n<p><img loading=\"lazy\" decoding=\"async\" src=\"http:\/\/nossacasa.net\/nossosriachos\/tabuleiros\/wp-content\/uploads\/sites\/13\/2019\/10\/Euryochus-thysanos.png\" alt=\"\" width=\"800\" height=\"237\" class=\"aligncenter size-full wp-image-4349\" srcset=\"http:\/\/nossacasa.net\/nossosriachos\/tabuleiros\/wp-content\/uploads\/sites\/13\/2019\/10\/Euryochus-thysanos.png 800w, http:\/\/nossacasa.net\/nossosriachos\/tabuleiros\/wp-content\/uploads\/sites\/13\/2019\/10\/Euryochus-thysanos-300x89.png 300w, http:\/\/nossacasa.net\/nossosriachos\/tabuleiros\/wp-content\/uploads\/sites\/13\/2019\/10\/Euryochus-thysanos-768x228.png 768w, http:\/\/nossacasa.net\/nossosriachos\/tabuleiros\/wp-content\/uploads\/sites\/13\/2019\/10\/Euryochus-thysanos-500x148.png 500w\" sizes=\"auto, (max-width: 800px) 100vw, 800px\" \/><\/p>\n<p>Algumas caracter\u00edsticas da esp\u00e9cie <strong><em>Euryochus thysanos<\/em><\/strong> est\u00e3o indicadas na figura acima.<\/p>\n<p>Cascudos de tamanho pequeno a m\u00e9dio, alcan\u00e7ando at\u00e9 120 mm de comprimento padr\u00e3o. Inclui peixes de cabe\u00e7a larga e achatada e olhos latero-dorsais. <\/p>\n<p>Focinho levemente \u00e1spero. Boca com dentes b\u00edfidos assim\u00e9tricos. Abdome liso, destitu\u00eddo de odont\u00f3ides ou placas. Nadadeira adiposa presente. Nadadeira anal com 5 raios ramificados.<\/p>\n<p>S\u00e3o distinguidos dos demais cascudos nos rios de tabuleiro pelo tipo de articula\u00e7\u00e3o da nadadeira dorsal, onde a trava da nadadeira dorsal \u00e9 retangular ou ausente. O sistema de travamento do espinho da nadadeira dorsal nesses peixes n\u00e3o \u00e9 funcional.<br \/>\nOcorrem em rios e riachos com fundo de pedra e correnteza moderada ou forte. <\/p>\n<p>Perifit\u00edvoros, se ancoram as pedras do leito atrav\u00e9s da boca em forma de ventosa para raspar a vegeta\u00e7\u00e3o com seus dentes b\u00edfidos e assim\u00e9tricos.<\/p>\n<p>Apesar de ter sido notada que se tratava de um novo t\u00e1xon, este cascudo carecia de um nome formal. Durante d\u00e9cadas foi nomeada &#8220;baianichthys&#8221; pelas diversas turmas de pesquisadores que visitaram o norte do Esp\u00edrito Santo e o sul da Bahia, at\u00e9 que fosse descrita e recebesse nome formal. <\/p>\n<p>A esp\u00e9cie <strong><em>Euryochus thysanos<\/em><\/strong> \u00e9 a \u00fanica representante do g\u00eanero <em><a href=\"http:\/\/nossacasa.net\/nossosriachos\/tabuleiros\/euryochus\/\">Euryochus<\/a><\/em> da fam\u00edlia <a href=\"http:\/\/nossacasa.net\/nossosriachos\/tabuleiros\/loricariidae\/\">Loricariidae<\/a> nas regi\u00f5es dos tabuleiros.<\/p>\n<hr \/>\n<\/div>\n<p>. <\/p>\n","protected":false},"excerpt":{"rendered":"<p>Euryochus thysanos Pereira &amp; Reis, 2017 Algumas caracter\u00edsticas da esp\u00e9cie Euryochus thysanos est\u00e3o indicadas na figura acima. Cascudos de tamanho pequeno a m\u00e9dio, alcan\u00e7ando at\u00e9 120 mm de comprimento padr\u00e3o. Inclui peixes de cabe\u00e7a larga e achatada e olhos latero-dorsais. &hellip; <a href=\"http:\/\/nossacasa.net\/nossosriachos\/tabuleiros\/ruryochus-thysanos\/\">Continue lendo <span class=\"meta-nav\">&rarr;<\/span><\/a><\/p>\n","protected":false},"author":1,"featured_media":4349,"parent":0,"menu_order":0,"comment_status":"closed","ping_status":"closed","template":"","meta":{"footnotes":""},"class_list":["post-1873","page","type-page","status-publish","has-post-thumbnail","hentry"],"_links":{"self":[{"href":"http:\/\/nossacasa.net\/nossosriachos\/tabuleiros\/wp-json\/wp\/v2\/pages\/1873","targetHints":{"allow":["GET"]}}],"collection":[{"href":"http:\/\/nossacasa.net\/nossosriachos\/tabuleiros\/wp-json\/wp\/v2\/pages"}],"about":[{"href":"http:\/\/nossacasa.net\/nossosriachos\/tabuleiros\/wp-json\/wp\/v2\/types\/page"}],"author":[{"embeddable":true,"href":"http:\/\/nossacasa.net\/nossosriachos\/tabuleiros\/wp-json\/wp\/v2\/users\/1"}],"replies":[{"embeddable":true,"href":"http:\/\/nossacasa.net\/nossosriachos\/tabuleiros\/wp-json\/wp\/v2\/comments?post=1873"}],"version-history":[{"count":3,"href":"http:\/\/nossacasa.net\/nossosriachos\/tabuleiros\/wp-json\/wp\/v2\/pages\/1873\/revisions"}],"predecessor-version":[{"id":4351,"href":"http:\/\/nossacasa.net\/nossosriachos\/tabuleiros\/wp-json\/wp\/v2\/pages\/1873\/revisions\/4351"}],"wp:featuredmedia":[{"embeddable":true,"href":"http:\/\/nossacasa.net\/nossosriachos\/tabuleiros\/wp-json\/wp\/v2\/media\/4349"}],"wp:attachment":[{"href":"http:\/\/nossacasa.net\/nossosriachos\/tabuleiros\/wp-json\/wp\/v2\/media?parent=1873"}],"curies":[{"name":"wp","href":"https:\/\/api.w.org\/{rel}","templated":true}]}}