{"id":1881,"date":"2019-09-12T18:05:42","date_gmt":"2019-09-12T21:05:42","guid":{"rendered":"http:\/\/nossacasa.net\/nossosriachos\/rios\/?page_id=1881"},"modified":"2019-10-10T09:38:29","modified_gmt":"2019-10-10T12:38:29","slug":"harttia","status":"publish","type":"page","link":"http:\/\/nossacasa.net\/nossosriachos\/tabuleiros\/harttia\/","title":{"rendered":"Harttia"},"content":{"rendered":"<div style=\"text-align: justify\">\n<h1>As <em>Harttia<\/em> Steindachner, 1877<\/h1>\n<p><img loading=\"lazy\" decoding=\"async\" src=\"http:\/\/nossacasa.net\/nossosriachos\/tabuleiros\/wp-content\/uploads\/sites\/13\/2019\/10\/Harttia.png\" alt=\"\" width=\"800\" height=\"286\" class=\"aligncenter size-full wp-image-4356\" srcset=\"http:\/\/nossacasa.net\/nossosriachos\/tabuleiros\/wp-content\/uploads\/sites\/13\/2019\/10\/Harttia.png 800w, http:\/\/nossacasa.net\/nossosriachos\/tabuleiros\/wp-content\/uploads\/sites\/13\/2019\/10\/Harttia-300x107.png 300w, http:\/\/nossacasa.net\/nossosriachos\/tabuleiros\/wp-content\/uploads\/sites\/13\/2019\/10\/Harttia-768x275.png 768w, http:\/\/nossacasa.net\/nossosriachos\/tabuleiros\/wp-content\/uploads\/sites\/13\/2019\/10\/Harttia-500x179.png 500w\" sizes=\"auto, (max-width: 800px) 100vw, 800px\" \/><\/p>\n<p>Algumas caracter\u00edsticas do g\u00eanero <strong><em>Harttia<\/em><\/strong> est\u00e3o indicadas na figura acima.<\/p>\n<p>Inclui peixes de cabe\u00e7a e corpo achatados e olhos latero-dorsais. S\u00e3o facilmente distinguidos dos demais cascudos pelo ped\u00fanculo caudal achatado dorso-ventralmente (vs. ped\u00fanculo caudal ovalado) e a nadadeira adiposa ausente (vs. presente nas esp\u00e9cies de cascudos grandes na \u00e1rea, <a href=\"http:\/\/nossacasa.net\/nossosriachos\/tabuleiros\/hypostomus\/\"><em>Hypostomus<\/em><\/a>, <a href=\"http:\/\/nossacasa.net\/nossosriachos\/tabuleiros\/pogonopoma\/\"><em>Pogonopoma<\/em><\/a> e <a href=\"http:\/\/nossacasa.net\/nossosriachos\/tabuleiros\/euryochus\/\"><em>Euryochus<\/em><\/a>). <\/p>\n<p>Caracter\u00edsticas que ajudam em seu reconhecimento s\u00e3o o abdome liso, destitu\u00eddo de odont\u00f3ides ou placas; a nadadeira caudal com 12 raios ramificados; lobos caudais superior e inferior sim\u00e9tricos, raios indivisos do mesmo tamanho.<\/p>\n<p>No vale do rio Doce peixes <strong><em>Harttia<\/em><\/strong> s\u00e3o nomeados cascudo chata pedra.<\/p>\n<p>O g\u00eanero <strong><em>Harttia<\/em><\/strong> \u00e9 um dos seis g\u00eaneros da fam\u00edlia <a href=\"http:\/\/nossacasa.net\/nossosriachos\/tabuleiros\/loricariidae\/\">Loricariidae<\/a> representante dos <a href=\"http:\/\/nossacasa.net\/nossosriachos\/tabuleiros\/siluriformes\/\">Siluriformes<\/a> nas regi\u00f5es dos tabuleiros. <\/p>\n<p>Na regi\u00e3o dos tabuleiros da Mata Atl\u00e2ntica encontramos uma \u00fanica esp\u00e9cie do g\u00eanero <strong><em>Harttia<\/em><\/strong>: <em><a href=\"http:\/\/nossacasa.net\/nossosriachos\/tabuleiros\/harttia-carvalhoi\/\">Harttia carvalhoi<\/a><\/em>.<\/p>\n<hr \/>\n<\/div>\n","protected":false},"excerpt":{"rendered":"<p>As Harttia Steindachner, 1877 Algumas caracter\u00edsticas do g\u00eanero Harttia est\u00e3o indicadas na figura acima. Inclui peixes de cabe\u00e7a e corpo achatados e olhos latero-dorsais. S\u00e3o facilmente distinguidos dos demais cascudos pelo ped\u00fanculo caudal achatado dorso-ventralmente (vs. ped\u00fanculo caudal ovalado) e &hellip; <a href=\"http:\/\/nossacasa.net\/nossosriachos\/tabuleiros\/harttia\/\">Continue lendo <span class=\"meta-nav\">&rarr;<\/span><\/a><\/p>\n","protected":false},"author":1,"featured_media":0,"parent":0,"menu_order":0,"comment_status":"closed","ping_status":"closed","template":"","meta":{"footnotes":""},"class_list":["post-1881","page","type-page","status-publish","hentry"],"_links":{"self":[{"href":"http:\/\/nossacasa.net\/nossosriachos\/tabuleiros\/wp-json\/wp\/v2\/pages\/1881","targetHints":{"allow":["GET"]}}],"collection":[{"href":"http:\/\/nossacasa.net\/nossosriachos\/tabuleiros\/wp-json\/wp\/v2\/pages"}],"about":[{"href":"http:\/\/nossacasa.net\/nossosriachos\/tabuleiros\/wp-json\/wp\/v2\/types\/page"}],"author":[{"embeddable":true,"href":"http:\/\/nossacasa.net\/nossosriachos\/tabuleiros\/wp-json\/wp\/v2\/users\/1"}],"replies":[{"embeddable":true,"href":"http:\/\/nossacasa.net\/nossosriachos\/tabuleiros\/wp-json\/wp\/v2\/comments?post=1881"}],"version-history":[{"count":3,"href":"http:\/\/nossacasa.net\/nossosriachos\/tabuleiros\/wp-json\/wp\/v2\/pages\/1881\/revisions"}],"predecessor-version":[{"id":4363,"href":"http:\/\/nossacasa.net\/nossosriachos\/tabuleiros\/wp-json\/wp\/v2\/pages\/1881\/revisions\/4363"}],"wp:attachment":[{"href":"http:\/\/nossacasa.net\/nossosriachos\/tabuleiros\/wp-json\/wp\/v2\/media?parent=1881"}],"curies":[{"name":"wp","href":"https:\/\/api.w.org\/{rel}","templated":true}]}}