{"id":1882,"date":"2019-09-12T18:07:25","date_gmt":"2019-09-12T21:07:25","guid":{"rendered":"http:\/\/nossacasa.net\/nossosriachos\/rios\/?page_id=1882"},"modified":"2019-10-10T09:44:09","modified_gmt":"2019-10-10T12:44:09","slug":"harttia-carvalhoi","status":"publish","type":"page","link":"http:\/\/nossacasa.net\/nossosriachos\/tabuleiros\/harttia-carvalhoi\/","title":{"rendered":"Harttia carvalhoi"},"content":{"rendered":"<div style=\"text-align: justify\">\n<h1><em>Harttia carvalhoi<\/em> Miranda Ribeiro, 1939<\/h1>\n<p><img loading=\"lazy\" decoding=\"async\" src=\"http:\/\/nossacasa.net\/nossosriachos\/tabuleiros\/wp-content\/uploads\/sites\/13\/2019\/10\/Harttia-carvalhoi.png\" alt=\"\" width=\"800\" height=\"163\" class=\"aligncenter size-full wp-image-4357\" srcset=\"http:\/\/nossacasa.net\/nossosriachos\/tabuleiros\/wp-content\/uploads\/sites\/13\/2019\/10\/Harttia-carvalhoi.png 800w, http:\/\/nossacasa.net\/nossosriachos\/tabuleiros\/wp-content\/uploads\/sites\/13\/2019\/10\/Harttia-carvalhoi-300x61.png 300w, http:\/\/nossacasa.net\/nossosriachos\/tabuleiros\/wp-content\/uploads\/sites\/13\/2019\/10\/Harttia-carvalhoi-768x156.png 768w, http:\/\/nossacasa.net\/nossosriachos\/tabuleiros\/wp-content\/uploads\/sites\/13\/2019\/10\/Harttia-carvalhoi-500x102.png 500w\" sizes=\"auto, (max-width: 800px) 100vw, 800px\" \/><\/p>\n<p><img loading=\"lazy\" decoding=\"async\" src=\"http:\/\/nossacasa.net\/nossosriachos\/tabuleiros\/wp-content\/uploads\/sites\/13\/2019\/10\/Harttia-carvalhoi_i.png\" alt=\"\" width=\"709\" height=\"539\" class=\"aligncenter size-full wp-image-4358\" srcset=\"http:\/\/nossacasa.net\/nossosriachos\/tabuleiros\/wp-content\/uploads\/sites\/13\/2019\/10\/Harttia-carvalhoi_i.png 709w, http:\/\/nossacasa.net\/nossosriachos\/tabuleiros\/wp-content\/uploads\/sites\/13\/2019\/10\/Harttia-carvalhoi_i-300x228.png 300w, http:\/\/nossacasa.net\/nossosriachos\/tabuleiros\/wp-content\/uploads\/sites\/13\/2019\/10\/Harttia-carvalhoi_i-395x300.png 395w\" sizes=\"auto, (max-width: 709px) 100vw, 709px\" \/><\/p>\n<p>Algumas caracter\u00edsticas da esp\u00e9cie <strong><em>Harttia carvalhoi<\/em><\/strong> est\u00e3o indicadas na figura acima.<\/p>\n<p>Inclui peixes de cabe\u00e7a e corpo achatados e olhos latero-dorsais. S\u00e3o facilmente distinguidos dos demais cascudos pelo ped\u00fanculo caudal achatado dorso-ventralmente (vs. ped\u00fanculo caudal ovalado) e a nadadeira adiposa ausente (vs. presente nas esp\u00e9cies de cascudos grandes na \u00e1rea, <a href=\"http:\/\/nossacasa.net\/nossosriachos\/tabuleiros\/hypostomus\/\"><em>Hypostomus<\/em><\/a>, <a href=\"http:\/\/nossacasa.net\/nossosriachos\/tabuleiros\/pogonopoma\/\"><em>Pogonopoma<\/em><\/a> e <a href=\"http:\/\/nossacasa.net\/nossosriachos\/tabuleiros\/euryochus\/\"><em>Euryochus<\/em><\/a>). <\/p>\n<p>Caracter\u00edsticas que ajudam em seu reconhecimento s\u00e3o o abdome liso; olhos grandes, aproximadamente 20% no comprimento da cabe\u00e7a; 4 a 6 placas tor\u00e1xicas; a nadadeira caudal com 12 raios ramificados; lobos caudais superior e inferior sim\u00e9tricos, raios indivisos do mesmo tamanho.<\/p>\n<p>Ocorrem em rios e riachos com fundo de pedra e correnteza moderada ou forte. Perifit\u00edvoros, se ancoram as pedras do leito atrav\u00e9s da boca em forma de ventosa para raspar a vegeta\u00e7\u00e3o com seus dentes b\u00edfidos e assim\u00e9tricos. <\/p>\n<p>Ocorrem apenas no rio Doce e Mucuri, sem registro para as bacias menores dos tabuleiros. O alto rio Jequitinhonha \u00e9 habitado por uma outra esp\u00e9cie de <strong><em>Harttia<\/em><\/strong>: <em>Harttia garavelloi<\/em>, unicamente registrada para a drenagem do rio Ara\u00e7ua\u00ed, no alto Jequitinhonha. <\/p>\n<p>No vale do rio Doce <strong><em>Harttia carvalhoi<\/em><\/strong> s\u00e3o nomeados cascudo chata pedra. <\/p>\n<p>O nome <strong><em>Harttia carvalhoi<\/em><\/strong> foi descrito para os peixes do m\u00e9dio baixo rio Para\u00edba do Sul. A popula\u00e7\u00e3o do Rio Doce se encaixa na diagnose dispon\u00edvel, e assim optamos por adotar o mesmo nome para os peixes que ocorrem ao norte do rio Doce, na sub-bacia do rio S\u00e3o Jos\u00e9.<\/p>\n<p>A esp\u00e9cie <strong><em>Harttia carvalhoi<\/em><\/strong> \u00e9 a \u00fanica representante do g\u00eanero <em><a href=\"http:\/\/nossacasa.net\/nossosriachos\/tabuleiros\/harttia\/\">Harttia<\/a><\/em> da fam\u00edlia <a href=\"http:\/\/nossacasa.net\/nossosriachos\/tabuleiros\/loricariidae\/\">Loricariidae<\/a> nas regi\u00f5es dos tabuleiros.<\/p>\n<hr \/>\n<\/div>\n<p>. <\/p>\n","protected":false},"excerpt":{"rendered":"<p>Harttia carvalhoi Miranda Ribeiro, 1939 Algumas caracter\u00edsticas da esp\u00e9cie Harttia carvalhoi est\u00e3o indicadas na figura acima. Inclui peixes de cabe\u00e7a e corpo achatados e olhos latero-dorsais. S\u00e3o facilmente distinguidos dos demais cascudos pelo ped\u00fanculo caudal achatado dorso-ventralmente (vs. ped\u00fanculo caudal &hellip; <a href=\"http:\/\/nossacasa.net\/nossosriachos\/tabuleiros\/harttia-carvalhoi\/\">Continue lendo <span class=\"meta-nav\">&rarr;<\/span><\/a><\/p>\n","protected":false},"author":1,"featured_media":4357,"parent":0,"menu_order":0,"comment_status":"closed","ping_status":"closed","template":"","meta":{"footnotes":""},"class_list":["post-1882","page","type-page","status-publish","has-post-thumbnail","hentry"],"_links":{"self":[{"href":"http:\/\/nossacasa.net\/nossosriachos\/tabuleiros\/wp-json\/wp\/v2\/pages\/1882","targetHints":{"allow":["GET"]}}],"collection":[{"href":"http:\/\/nossacasa.net\/nossosriachos\/tabuleiros\/wp-json\/wp\/v2\/pages"}],"about":[{"href":"http:\/\/nossacasa.net\/nossosriachos\/tabuleiros\/wp-json\/wp\/v2\/types\/page"}],"author":[{"embeddable":true,"href":"http:\/\/nossacasa.net\/nossosriachos\/tabuleiros\/wp-json\/wp\/v2\/users\/1"}],"replies":[{"embeddable":true,"href":"http:\/\/nossacasa.net\/nossosriachos\/tabuleiros\/wp-json\/wp\/v2\/comments?post=1882"}],"version-history":[{"count":3,"href":"http:\/\/nossacasa.net\/nossosriachos\/tabuleiros\/wp-json\/wp\/v2\/pages\/1882\/revisions"}],"predecessor-version":[{"id":4366,"href":"http:\/\/nossacasa.net\/nossosriachos\/tabuleiros\/wp-json\/wp\/v2\/pages\/1882\/revisions\/4366"}],"wp:featuredmedia":[{"embeddable":true,"href":"http:\/\/nossacasa.net\/nossosriachos\/tabuleiros\/wp-json\/wp\/v2\/media\/4357"}],"wp:attachment":[{"href":"http:\/\/nossacasa.net\/nossosriachos\/tabuleiros\/wp-json\/wp\/v2\/media?parent=1882"}],"curies":[{"name":"wp","href":"https:\/\/api.w.org\/{rel}","templated":true}]}}