{"id":1886,"date":"2019-09-12T18:13:48","date_gmt":"2019-09-12T21:13:48","guid":{"rendered":"http:\/\/nossacasa.net\/nossosriachos\/rios\/?page_id=1886"},"modified":"2019-10-10T09:57:55","modified_gmt":"2019-10-10T12:57:55","slug":"hypostomus-scabriceps","status":"publish","type":"page","link":"http:\/\/nossacasa.net\/nossosriachos\/tabuleiros\/hypostomus-scabriceps\/","title":{"rendered":"Hypostomus scabriceps"},"content":{"rendered":"<div style=\"text-align: justify\">\n<h1><em>Hypostomus scabriceps<\/em> (Eigenmann and Eigenmann, 1888<\/h1>\n<p><img loading=\"lazy\" decoding=\"async\" src=\"http:\/\/nossacasa.net\/nossosriachos\/tabuleiros\/wp-content\/uploads\/sites\/13\/2019\/10\/Hypostomus-scabriceps.png\" alt=\"\" width=\"800\" height=\"395\" class=\"aligncenter size-full wp-image-4361\" srcset=\"http:\/\/nossacasa.net\/nossosriachos\/tabuleiros\/wp-content\/uploads\/sites\/13\/2019\/10\/Hypostomus-scabriceps.png 800w, http:\/\/nossacasa.net\/nossosriachos\/tabuleiros\/wp-content\/uploads\/sites\/13\/2019\/10\/Hypostomus-scabriceps-300x148.png 300w, http:\/\/nossacasa.net\/nossosriachos\/tabuleiros\/wp-content\/uploads\/sites\/13\/2019\/10\/Hypostomus-scabriceps-768x379.png 768w, http:\/\/nossacasa.net\/nossosriachos\/tabuleiros\/wp-content\/uploads\/sites\/13\/2019\/10\/Hypostomus-scabriceps-500x247.png 500w\" sizes=\"auto, (max-width: 800px) 100vw, 800px\" \/><\/p>\n<p><img loading=\"lazy\" decoding=\"async\" src=\"http:\/\/nossacasa.net\/nossosriachos\/tabuleiros\/wp-content\/uploads\/sites\/13\/2019\/10\/Hypostomus-scabriceps_i.png\" alt=\"\" width=\"800\" height=\"610\" class=\"aligncenter size-full wp-image-4362\" srcset=\"http:\/\/nossacasa.net\/nossosriachos\/tabuleiros\/wp-content\/uploads\/sites\/13\/2019\/10\/Hypostomus-scabriceps_i.png 800w, http:\/\/nossacasa.net\/nossosriachos\/tabuleiros\/wp-content\/uploads\/sites\/13\/2019\/10\/Hypostomus-scabriceps_i-300x229.png 300w, http:\/\/nossacasa.net\/nossosriachos\/tabuleiros\/wp-content\/uploads\/sites\/13\/2019\/10\/Hypostomus-scabriceps_i-768x586.png 768w, http:\/\/nossacasa.net\/nossosriachos\/tabuleiros\/wp-content\/uploads\/sites\/13\/2019\/10\/Hypostomus-scabriceps_i-393x300.png 393w\" sizes=\"auto, (max-width: 800px) 100vw, 800px\" \/><\/p>\n<p>Algumas caracter\u00edsticas da esp\u00e9cie <strong><em>Hypostomus scabriceps<\/em><\/strong> est\u00e3o indicadas na figura acima.<\/p>\n<p>Inclui os cascudos mais comuns nos rios do tabuleiro. <em><a href=\"http:\/\/nossacasa.net\/nossosriachos\/tabuleiros\/hypostomus-scabriceps\/\">Hypostomus scabriceps<\/a><\/em> possui o ventre claro, com manchas apagadas ou sem manchas; a regi\u00e3o abdominal \u00e9 levemente \u00e1spera, revestida por pequenos odont\u00f3ides. Cabe\u00e7a alta, com tr\u00eas linhas de quilhas, a frente de cada um dos olhos e a frente da dorsal, moldando a cabe\u00e7a, dorsal e lateralmente. Corpo alto com duas linhas de quilha longitudinais, acompanhando a s\u00e9rie de placas medio-dorsal e medio-ventral. Manchas sobre o corpo grandes, do tamanho da pupila. Uma a duas m\u00e1culas entre as membranas interdigitais na nadadeira dorsal.<\/p>\n<p>Caracter\u00edsticas que ajudam em seu reconhecimento em rela\u00e7\u00e3o as demais esp\u00e9cies na nas drenagens costeiras s\u00e3o o colorido do corpo com manchas arredondadas aproximadamente iguais ao tamanho da pupila (vs. manchas menores que a pupila em <em>H. affinis<\/em>); olhos relativamente pequenos, aproximadamente 15 a 18% no comprimento da cabe\u00e7a (vs. olhos grandes aproximadamente 20% no comprimento da cabe\u00e7a em <a href=\"http:\/\/nossacasa.net\/nossosriachos\/tabuleiros\/hypostomus-sp-n\/\"><em>Hypostomus<\/em> sp.n.<\/a>); 7 placas entre dorsal e adiposa (vs. 6 placas em <a href=\"http:\/\/nossacasa.net\/nossosriachos\/tabuleiros\/hypostomus-sp-n\/\"><em>Hypostomus<\/em> sp.n.<\/a>); a nadadeira caudal com 12 raios ramificados; lobos caudais superior e inferior sim\u00e9tricos, raios indivisos do mesmo tamanho.<\/p>\n<p><a href=\"http:\/\/nossacasa.net\/nossosriachos\/tabuleiros\/hypostomus-sp-n\/\"><em>Hypostomus<\/em> sp.n.<\/a> pode ser distinguida de <em><a href=\"http:\/\/nossacasa.net\/nossosriachos\/tabuleiros\/hypostomus-scabriceps\/\">Hypostomus scabriceps<\/a><\/em> por apresentar abdome claro com manchas apagadas, sem placas (vs. abdome \u00e1spero, revestido com odont\u00f3ides, sem manchas). Olhos relativamente pequenos, aproximadamente 15 a 18% no comprimento da cabe\u00e7a.  (vs. olhos grandes, 20% no comprimento da cabe\u00e7a em <a href=\"http:\/\/nossacasa.net\/nossosriachos\/tabuleiros\/hypostomus-sp-n\/\"><em>Hypostomus<\/em> sp.n.<\/a>). Corpo alto, altura do corpo na origem da nadadeira dorsal  19 a 20% no comprimento padr\u00e3o (vs. corpo baixo, 15 a 17% no comprimento em <a href=\"http:\/\/nossacasa.net\/nossosriachos\/tabuleiros\/hypostomus-sp-n\/\"><em>Hypostomus<\/em> sp.n.<\/a>) e cabe\u00e7a baixa sem quilhas (vs. cabe\u00e7a alta quilhada). Difere de H. affinis por apresentas aus\u00eancia de processo occipital proeminente na cabe\u00e7a (vs. processo occipital pontiagudo). Parte ventral da cabe\u00e7a e abdome liso, sem placas (vs. pequenos odont\u00f3ides esparsos). Apresenta cabe\u00e7a achatada e larga, sem quilhas marcantes (vs.). Difere ainda por apresentar manchas sobre o corpo abdome \u00e1spero, revestido com odont\u00f3ides, sem manchas<br \/>\nOcorrem em rios e riachos com fundo de pedra e correnteza moderada ou forte. Perifit\u00edvoros, se ancoram as pedras do leito atrav\u00e9s da boca em forma de ventosa para raspar a vegeta\u00e7\u00e3o com seus dentes b\u00edfidos e assim\u00e9tricos. <\/p>\n<p><em><a href=\"http:\/\/nossacasa.net\/nossosriachos\/tabuleiros\/hypostomus-scabriceps\/\">Hypostomus scabriceps<\/a><\/em> \u00e9 reconhecido para a sub-bacia do rio S\u00e3o Jos\u00e9 na drenagem do rio Doce e tem registros para as bacias ao norte do Esp\u00edrito Santo, at\u00e9 o rio dos Frades, no extremo sul da Bahia. <\/p>\n<p>A esp\u00e9cie <strong><em>Hypostomus scabriceps<\/em><\/strong> \u00e9 uma das duas representantes do g\u00eanero <em><a href=\"http:\/\/nossacasa.net\/nossosriachos\/tabuleiros\/hypostomus\/\">Hypostomus<\/a><\/em> da fam\u00edlia <a href=\"http:\/\/nossacasa.net\/nossosriachos\/tabuleiros\/loricariidae\/\">Loricariidae<\/a> nas regi\u00f5es dos tabuleiros.<\/p>\n<hr \/>\n<\/div>\n<p>. <\/p>\n","protected":false},"excerpt":{"rendered":"<p>Hypostomus scabriceps (Eigenmann and Eigenmann, 1888 Algumas caracter\u00edsticas da esp\u00e9cie Hypostomus scabriceps est\u00e3o indicadas na figura acima. Inclui os cascudos mais comuns nos rios do tabuleiro. Hypostomus scabriceps possui o ventre claro, com manchas apagadas ou sem manchas; a regi\u00e3o &hellip; <a href=\"http:\/\/nossacasa.net\/nossosriachos\/tabuleiros\/hypostomus-scabriceps\/\">Continue lendo <span class=\"meta-nav\">&rarr;<\/span><\/a><\/p>\n","protected":false},"author":1,"featured_media":4361,"parent":0,"menu_order":0,"comment_status":"closed","ping_status":"closed","template":"","meta":{"footnotes":""},"class_list":["post-1886","page","type-page","status-publish","has-post-thumbnail","hentry"],"_links":{"self":[{"href":"http:\/\/nossacasa.net\/nossosriachos\/tabuleiros\/wp-json\/wp\/v2\/pages\/1886","targetHints":{"allow":["GET"]}}],"collection":[{"href":"http:\/\/nossacasa.net\/nossosriachos\/tabuleiros\/wp-json\/wp\/v2\/pages"}],"about":[{"href":"http:\/\/nossacasa.net\/nossosriachos\/tabuleiros\/wp-json\/wp\/v2\/types\/page"}],"author":[{"embeddable":true,"href":"http:\/\/nossacasa.net\/nossosriachos\/tabuleiros\/wp-json\/wp\/v2\/users\/1"}],"replies":[{"embeddable":true,"href":"http:\/\/nossacasa.net\/nossosriachos\/tabuleiros\/wp-json\/wp\/v2\/comments?post=1886"}],"version-history":[{"count":3,"href":"http:\/\/nossacasa.net\/nossosriachos\/tabuleiros\/wp-json\/wp\/v2\/pages\/1886\/revisions"}],"predecessor-version":[{"id":4372,"href":"http:\/\/nossacasa.net\/nossosriachos\/tabuleiros\/wp-json\/wp\/v2\/pages\/1886\/revisions\/4372"}],"wp:featuredmedia":[{"embeddable":true,"href":"http:\/\/nossacasa.net\/nossosriachos\/tabuleiros\/wp-json\/wp\/v2\/media\/4361"}],"wp:attachment":[{"href":"http:\/\/nossacasa.net\/nossosriachos\/tabuleiros\/wp-json\/wp\/v2\/media?parent=1886"}],"curies":[{"name":"wp","href":"https:\/\/api.w.org\/{rel}","templated":true}]}}