{"id":1887,"date":"2019-09-12T18:10:19","date_gmt":"2019-09-12T21:10:19","guid":{"rendered":"http:\/\/nossacasa.net\/nossosriachos\/rios\/?page_id=1887"},"modified":"2019-10-10T10:00:25","modified_gmt":"2019-10-10T13:00:25","slug":"hypostomus","status":"publish","type":"page","link":"http:\/\/nossacasa.net\/nossosriachos\/tabuleiros\/hypostomus\/","title":{"rendered":"Hypostomus"},"content":{"rendered":"<div style=\"text-align: justify\">\n<h1>Os <em>Hypostomus<\/em> Lacep\u00e8de, 1803<\/h1>\n<p><img loading=\"lazy\" decoding=\"async\" src=\"http:\/\/nossacasa.net\/nossosriachos\/tabuleiros\/wp-content\/uploads\/sites\/13\/2019\/10\/Hypostomus.png\" alt=\"\" width=\"800\" height=\"687\" class=\"aligncenter size-full wp-image-4359\" srcset=\"http:\/\/nossacasa.net\/nossosriachos\/tabuleiros\/wp-content\/uploads\/sites\/13\/2019\/10\/Hypostomus.png 800w, http:\/\/nossacasa.net\/nossosriachos\/tabuleiros\/wp-content\/uploads\/sites\/13\/2019\/10\/Hypostomus-300x258.png 300w, http:\/\/nossacasa.net\/nossosriachos\/tabuleiros\/wp-content\/uploads\/sites\/13\/2019\/10\/Hypostomus-768x660.png 768w, http:\/\/nossacasa.net\/nossosriachos\/tabuleiros\/wp-content\/uploads\/sites\/13\/2019\/10\/Hypostomus-349x300.png 349w\" sizes=\"auto, (max-width: 800px) 100vw, 800px\" \/><\/p>\n<p><img loading=\"lazy\" decoding=\"async\" src=\"http:\/\/nossacasa.net\/nossosriachos\/tabuleiros\/wp-content\/uploads\/sites\/13\/2019\/10\/Hypostomus_i.png\" alt=\"\" width=\"800\" height=\"413\" class=\"aligncenter size-full wp-image-4360\" srcset=\"http:\/\/nossacasa.net\/nossosriachos\/tabuleiros\/wp-content\/uploads\/sites\/13\/2019\/10\/Hypostomus_i.png 800w, http:\/\/nossacasa.net\/nossosriachos\/tabuleiros\/wp-content\/uploads\/sites\/13\/2019\/10\/Hypostomus_i-300x155.png 300w, http:\/\/nossacasa.net\/nossosriachos\/tabuleiros\/wp-content\/uploads\/sites\/13\/2019\/10\/Hypostomus_i-768x396.png 768w, http:\/\/nossacasa.net\/nossosriachos\/tabuleiros\/wp-content\/uploads\/sites\/13\/2019\/10\/Hypostomus_i-500x258.png 500w\" sizes=\"auto, (max-width: 800px) 100vw, 800px\" \/><\/p>\n<p>Algumas caracter\u00edsticas do g\u00eanero <strong><em>Hypostomus<\/em><\/strong> est\u00e3o indicadas na figura acima.<\/p>\n<p>Inclui os mais comuns peixes da fam\u00edlia Loricariidae nos rios da Mata Atl\u00e2ntica. <\/p>\n<p>Abriga muitas esp\u00e9cies com m\u00e1culas sobre o corpo cujo reconhecimento umas das outras \u00e9 tarefa dificultosa. <\/p>\n<p>Os <strong><em>Hypostomus<\/em><\/strong> s\u00e3o cascudos de focinho liso, sem placas; ped\u00fanculo caudal ovalado, nadadeira adiposa presente . Trava da nadadeira dorsal em formato de &#8220;V&#8221;, sistema de travamento do espinho da nadadeira dorsal funcional, uma condi\u00e7\u00e3o tamb\u00e9m compartilhada com peixes <a href=\"http:\/\/nossacasa.net\/nossosriachos\/tabuleiros\/pogonopoma\/\"><em>Pogonopoma<\/em><\/a>.<\/p>\n<p>Caracter\u00edsticas que ajudam em seu reconhecimento s\u00e3o o abdome \u00e1spero, com pequenos odont\u00f3ides; a nadadeira caudal com 12 raios ramificados; lobos caudais superior e inferior sim\u00e9tricos, raios indivisos do mesmo tamanho.<\/p>\n<p>O g\u00eanero <strong><em>Hypostomus<\/em><\/strong> \u00e9 um dos seis g\u00eaneros da fam\u00edlia <a href=\"http:\/\/nossacasa.net\/nossosriachos\/tabuleiros\/loricariidae\/\">Loricariidae<\/a> representante dos <a href=\"http:\/\/nossacasa.net\/nossosriachos\/tabuleiros\/siluriformes\/\">Siluriformes<\/a> nas regi\u00f5es dos tabuleiros. <\/p>\n<p>Na regi\u00e3o dos tabuleiros da Mata Atl\u00e2ntica encontramos duas esp\u00e9cies do g\u00eanero <strong><em>Hypostomus<\/em><\/strong>: <em><a href=\"http:\/\/nossacasa.net\/nossosriachos\/tabuleiros\/hypostomus-scabriceps\/\">Hypostomus scabriceps<\/a><\/em> e <a href=\"http:\/\/nossacasa.net\/nossosriachos\/tabuleiros\/hypostomus-sp-n\/\">Hypostomus sp.n.<\/a>.<\/p>\n<hr \/>\n<p><strong><a href=\"http:\/\/nossacasa.net\/nossosriachos\/tabuleiros\/chave-de-hypostomus\/\">CHAVE DE <em>HYPOSTOMUS<\/a><\/em><\/strong><\/p>\n<hr \/>\n<\/div>\n","protected":false},"excerpt":{"rendered":"<p>Os Hypostomus Lacep\u00e8de, 1803 Algumas caracter\u00edsticas do g\u00eanero Hypostomus est\u00e3o indicadas na figura acima. Inclui os mais comuns peixes da fam\u00edlia Loricariidae nos rios da Mata Atl\u00e2ntica. Abriga muitas esp\u00e9cies com m\u00e1culas sobre o corpo cujo reconhecimento umas das outras &hellip; <a href=\"http:\/\/nossacasa.net\/nossosriachos\/tabuleiros\/hypostomus\/\">Continue lendo <span class=\"meta-nav\">&rarr;<\/span><\/a><\/p>\n","protected":false},"author":1,"featured_media":0,"parent":0,"menu_order":0,"comment_status":"closed","ping_status":"closed","template":"","meta":{"footnotes":""},"class_list":["post-1887","page","type-page","status-publish","hentry"],"_links":{"self":[{"href":"http:\/\/nossacasa.net\/nossosriachos\/tabuleiros\/wp-json\/wp\/v2\/pages\/1887","targetHints":{"allow":["GET"]}}],"collection":[{"href":"http:\/\/nossacasa.net\/nossosriachos\/tabuleiros\/wp-json\/wp\/v2\/pages"}],"about":[{"href":"http:\/\/nossacasa.net\/nossosriachos\/tabuleiros\/wp-json\/wp\/v2\/types\/page"}],"author":[{"embeddable":true,"href":"http:\/\/nossacasa.net\/nossosriachos\/tabuleiros\/wp-json\/wp\/v2\/users\/1"}],"replies":[{"embeddable":true,"href":"http:\/\/nossacasa.net\/nossosriachos\/tabuleiros\/wp-json\/wp\/v2\/comments?post=1887"}],"version-history":[{"count":6,"href":"http:\/\/nossacasa.net\/nossosriachos\/tabuleiros\/wp-json\/wp\/v2\/pages\/1887\/revisions"}],"predecessor-version":[{"id":4373,"href":"http:\/\/nossacasa.net\/nossosriachos\/tabuleiros\/wp-json\/wp\/v2\/pages\/1887\/revisions\/4373"}],"wp:attachment":[{"href":"http:\/\/nossacasa.net\/nossosriachos\/tabuleiros\/wp-json\/wp\/v2\/media?parent=1887"}],"curies":[{"name":"wp","href":"https:\/\/api.w.org\/{rel}","templated":true}]}}