{"id":1891,"date":"2019-09-12T18:17:53","date_gmt":"2019-09-12T21:17:53","guid":{"rendered":"http:\/\/nossacasa.net\/nossosriachos\/rios\/?page_id=1891"},"modified":"2019-10-10T17:34:53","modified_gmt":"2019-10-10T20:34:53","slug":"hypostomus-sp-n","status":"publish","type":"page","link":"http:\/\/nossacasa.net\/nossosriachos\/tabuleiros\/hypostomus-sp-n\/","title":{"rendered":"Hypostomus sp.n."},"content":{"rendered":"<div style=\"text-align: justify\">\n<h1><em>Hypostomus<\/em> sp.n.<\/h1>\n<p><img loading=\"lazy\" decoding=\"async\" src=\"http:\/\/nossacasa.net\/nossosriachos\/tabuleiros\/wp-content\/uploads\/sites\/13\/2019\/10\/Hypostomus-spn.png\" alt=\"\" width=\"800\" height=\"219\" class=\"aligncenter size-full wp-image-4377\" srcset=\"http:\/\/nossacasa.net\/nossosriachos\/tabuleiros\/wp-content\/uploads\/sites\/13\/2019\/10\/Hypostomus-spn.png 800w, http:\/\/nossacasa.net\/nossosriachos\/tabuleiros\/wp-content\/uploads\/sites\/13\/2019\/10\/Hypostomus-spn-300x82.png 300w, http:\/\/nossacasa.net\/nossosriachos\/tabuleiros\/wp-content\/uploads\/sites\/13\/2019\/10\/Hypostomus-spn-768x210.png 768w, http:\/\/nossacasa.net\/nossosriachos\/tabuleiros\/wp-content\/uploads\/sites\/13\/2019\/10\/Hypostomus-spn-500x137.png 500w\" sizes=\"auto, (max-width: 800px) 100vw, 800px\" \/><\/p>\n<p><img loading=\"lazy\" decoding=\"async\" src=\"http:\/\/nossacasa.net\/nossosriachos\/tabuleiros\/wp-content\/uploads\/sites\/13\/2019\/10\/Hypostomus-spn_i.png\" alt=\"\" width=\"800\" height=\"237\" class=\"aligncenter size-full wp-image-4378\" srcset=\"http:\/\/nossacasa.net\/nossosriachos\/tabuleiros\/wp-content\/uploads\/sites\/13\/2019\/10\/Hypostomus-spn_i.png 800w, http:\/\/nossacasa.net\/nossosriachos\/tabuleiros\/wp-content\/uploads\/sites\/13\/2019\/10\/Hypostomus-spn_i-300x89.png 300w, http:\/\/nossacasa.net\/nossosriachos\/tabuleiros\/wp-content\/uploads\/sites\/13\/2019\/10\/Hypostomus-spn_i-768x228.png 768w, http:\/\/nossacasa.net\/nossosriachos\/tabuleiros\/wp-content\/uploads\/sites\/13\/2019\/10\/Hypostomus-spn_i-500x148.png 500w\" sizes=\"auto, (max-width: 800px) 100vw, 800px\" \/><\/p>\n<p>Algumas caracter\u00edsticas da esp\u00e9cie potencialmente nova <strong><em>Hypostomus<\/em> sp.n.<\/strong> est\u00e3o indicadas na figura acima.<\/p>\n<p>Inclui cascudos encontrados em trechos de cabeceira fluvial. S\u00e3o pouco comuns, e o morfotipo carece de descri\u00e7\u00e3o formal. Nesses peixes a regi\u00e3o abdominal \u00e9 lisa, sem odont\u00f3ides. Cabe\u00e7a baixa, sem quilhas. Corpo baixo, altura do corpo 14 a 17% no comprimento padr\u00e3o. Corpo baixo sem quilhas longitudinais. Manchas sobre o corpo grandes, do tamanho da pupila, como na cong\u00eanere geograficamente pr\u00f3xima, <a href=\"http:\/\/nossacasa.net\/nossosriachos\/tabuleiros\/hypostomus-scabriceps\/\"><em>H. scabriceps<\/em><\/a>. Uma m\u00e1cula entre as membranas interdigitais na nadadeira dorsal, como ilustrado.<\/p>\n<p>Caracter\u00edsticas que ajudam em seu reconhecimento em rela\u00e7\u00e3o as demais esp\u00e9cies na nas drenagens costeiras s\u00e3o o colorido do corpo com manchas arredondadas aproximadamente iguais ao tamanho da pupila (vs. manchas menores que a pupila em <em>H. affinis<\/em>); olhos relativamente grandes, aproximadamente 18 a 20% no comprimento da cabe\u00e7a (vs. olhos proporcionalmente menores, aproximadamente 15 a 18% no comprimento da cabe\u00e7a em <a href=\"http:\/\/nossacasa.net\/nossosriachos\/tabuleiros\/hypostomus-scabriceps\/\"><em>H. scabriceps<\/em><\/a>); 6 placas entre dorsal e adiposa (vs. 7 placas em <a href=\"http:\/\/nossacasa.net\/nossosriachos\/tabuleiros\/hypostomus-scabriceps\/\"><em>H. scabriceps<\/em><\/a>).<\/p>\n<p>Ocorrem em rios e riachos com fundo de pedra e correnteza moderada ou forte. Perifit\u00edvoros, se ancoram as pedras do leito atrav\u00e9s da boca em forma de ventosa para raspar a vegeta\u00e7\u00e3o com seus dentes b\u00edfidos e assim\u00e9tricos. <\/p>\n<p><strong><em>Hypostomus<\/em> sp.n.<\/strong> \u00e9 reconhecido para a sub-bacia dos rios Doce e S\u00e3o Mateus, em trechos de cabeceira. <\/p>\n<p>A esp\u00e9cie potencialmente nova <strong><em>Hypostomus<\/em> sp.n.<\/strong> \u00e9 uma das duas representantes do g\u00eanero <em><a href=\"http:\/\/nossacasa.net\/nossosriachos\/tabuleiros\/hypostomus\/\">Hypostomus<\/a><\/em> da fam\u00edlia <a href=\"http:\/\/nossacasa.net\/nossosriachos\/tabuleiros\/loricariidae\/\">Loricariidae<\/a> nas regi\u00f5es dos tabuleiros.<\/p>\n<hr \/>\n<\/div>\n<p>. <\/p>\n","protected":false},"excerpt":{"rendered":"<p>Hypostomus sp.n. Algumas caracter\u00edsticas da esp\u00e9cie potencialmente nova Hypostomus sp.n. est\u00e3o indicadas na figura acima. Inclui cascudos encontrados em trechos de cabeceira fluvial. S\u00e3o pouco comuns, e o morfotipo carece de descri\u00e7\u00e3o formal. Nesses peixes a regi\u00e3o abdominal \u00e9 lisa, &hellip; <a href=\"http:\/\/nossacasa.net\/nossosriachos\/tabuleiros\/hypostomus-sp-n\/\">Continue lendo <span class=\"meta-nav\">&rarr;<\/span><\/a><\/p>\n","protected":false},"author":1,"featured_media":4377,"parent":0,"menu_order":0,"comment_status":"closed","ping_status":"closed","template":"","meta":{"footnotes":""},"class_list":["post-1891","page","type-page","status-publish","has-post-thumbnail","hentry"],"_links":{"self":[{"href":"http:\/\/nossacasa.net\/nossosriachos\/tabuleiros\/wp-json\/wp\/v2\/pages\/1891","targetHints":{"allow":["GET"]}}],"collection":[{"href":"http:\/\/nossacasa.net\/nossosriachos\/tabuleiros\/wp-json\/wp\/v2\/pages"}],"about":[{"href":"http:\/\/nossacasa.net\/nossosriachos\/tabuleiros\/wp-json\/wp\/v2\/types\/page"}],"author":[{"embeddable":true,"href":"http:\/\/nossacasa.net\/nossosriachos\/tabuleiros\/wp-json\/wp\/v2\/users\/1"}],"replies":[{"embeddable":true,"href":"http:\/\/nossacasa.net\/nossosriachos\/tabuleiros\/wp-json\/wp\/v2\/comments?post=1891"}],"version-history":[{"count":2,"href":"http:\/\/nossacasa.net\/nossosriachos\/tabuleiros\/wp-json\/wp\/v2\/pages\/1891\/revisions"}],"predecessor-version":[{"id":4379,"href":"http:\/\/nossacasa.net\/nossosriachos\/tabuleiros\/wp-json\/wp\/v2\/pages\/1891\/revisions\/4379"}],"wp:featuredmedia":[{"embeddable":true,"href":"http:\/\/nossacasa.net\/nossosriachos\/tabuleiros\/wp-json\/wp\/v2\/media\/4377"}],"wp:attachment":[{"href":"http:\/\/nossacasa.net\/nossosriachos\/tabuleiros\/wp-json\/wp\/v2\/media?parent=1891"}],"curies":[{"name":"wp","href":"https:\/\/api.w.org\/{rel}","templated":true}]}}