{"id":1895,"date":"2019-09-12T18:25:40","date_gmt":"2019-09-12T21:25:40","guid":{"rendered":"http:\/\/nossacasa.net\/nossosriachos\/rios\/?page_id=1895"},"modified":"2019-10-14T10:45:03","modified_gmt":"2019-10-14T13:45:03","slug":"otothyris","status":"publish","type":"page","link":"http:\/\/nossacasa.net\/nossosriachos\/tabuleiros\/otothyris\/","title":{"rendered":"Otothyris"},"content":{"rendered":"<div style=\"text-align: justify\">\n<h1>Os <em>Otothyris<\/em> Myers, 19278<\/h1>\n<p><img loading=\"lazy\" decoding=\"async\" src=\"http:\/\/nossacasa.net\/nossosriachos\/tabuleiros\/wp-content\/uploads\/sites\/13\/2019\/10\/Otothyris.png\" alt=\"\" width=\"800\" height=\"217\" class=\"aligncenter size-full wp-image-4386\" srcset=\"http:\/\/nossacasa.net\/nossosriachos\/tabuleiros\/wp-content\/uploads\/sites\/13\/2019\/10\/Otothyris.png 800w, http:\/\/nossacasa.net\/nossosriachos\/tabuleiros\/wp-content\/uploads\/sites\/13\/2019\/10\/Otothyris-300x81.png 300w, http:\/\/nossacasa.net\/nossosriachos\/tabuleiros\/wp-content\/uploads\/sites\/13\/2019\/10\/Otothyris-768x208.png 768w, http:\/\/nossacasa.net\/nossosriachos\/tabuleiros\/wp-content\/uploads\/sites\/13\/2019\/10\/Otothyris-500x136.png 500w\" sizes=\"auto, (max-width: 800px) 100vw, 800px\" \/><\/p>\n<p><img loading=\"lazy\" decoding=\"async\" src=\"http:\/\/nossacasa.net\/nossosriachos\/tabuleiros\/wp-content\/uploads\/sites\/13\/2019\/10\/Otothyris_i.png\" alt=\"\" width=\"800\" height=\"371\" class=\"aligncenter size-full wp-image-4387\" srcset=\"http:\/\/nossacasa.net\/nossosriachos\/tabuleiros\/wp-content\/uploads\/sites\/13\/2019\/10\/Otothyris_i.png 800w, http:\/\/nossacasa.net\/nossosriachos\/tabuleiros\/wp-content\/uploads\/sites\/13\/2019\/10\/Otothyris_i-300x139.png 300w, http:\/\/nossacasa.net\/nossosriachos\/tabuleiros\/wp-content\/uploads\/sites\/13\/2019\/10\/Otothyris_i-768x356.png 768w, http:\/\/nossacasa.net\/nossosriachos\/tabuleiros\/wp-content\/uploads\/sites\/13\/2019\/10\/Otothyris_i-500x232.png 500w\" sizes=\"auto, (max-width: 800px) 100vw, 800px\" \/><\/p>\n<p>Algumas caracter\u00edsticas do g\u00eanero <strong><em>Otothyris<\/em><\/strong> est\u00e3o indicadas na figura acima.<\/p>\n<p>Superf\u00edcie ventral da cintura peitoral exposta (com odont\u00f3ides sobre a pele pelo menos parcialmente). Doze raios ramificados na nadadeira caudal. Nadadeira adiposa ausente. Odont\u00f3ides na regi\u00e3o postero-dorsal da cabe\u00e7a dispostos em tr\u00eas fileiras destacadas em relevo na parte posterior da cabe\u00e7a. <\/p>\n<p>O g\u00eanero <strong><em>Otothyris<\/em><\/strong> \u00e9 um dos peixes nomeados como cascudinhos, por seu pequeno tamanho, raramente ultrapassando os 30 mm de comprimento padr\u00e3o.<\/p>\n<p>O g\u00eanero <strong><em>Otothyris<\/em><\/strong> \u00e9 um dos seis g\u00eaneros da fam\u00edlia <a href=\"http:\/\/nossacasa.net\/nossosriachos\/tabuleiros\/loricariidae\/\">Loricariidae<\/a> representante dos <a href=\"http:\/\/nossacasa.net\/nossosriachos\/tabuleiros\/siluriformes\/\">Siluriformes<\/a> nas regi\u00f5es dos tabuleiros. <\/p>\n<p>Na regi\u00e3o dos tabuleiros da Mata Atl\u00e2ntica encontramos uma \u00fanica esp\u00e9cie do g\u00eanero <strong><em>Otothyris<\/em><\/strong>: <em><a href=\"http:\/\/nossacasa.net\/nossosriachos\/tabuleiros\/otothyris-travassosi\/\">Otothyris travassosi<\/a><\/em>.<\/p>\n<hr \/>\n<\/div>\n","protected":false},"excerpt":{"rendered":"<p>Os Otothyris Myers, 19278 Algumas caracter\u00edsticas do g\u00eanero Otothyris est\u00e3o indicadas na figura acima. Superf\u00edcie ventral da cintura peitoral exposta (com odont\u00f3ides sobre a pele pelo menos parcialmente). Doze raios ramificados na nadadeira caudal. Nadadeira adiposa ausente. Odont\u00f3ides na regi\u00e3o &hellip; <a href=\"http:\/\/nossacasa.net\/nossosriachos\/tabuleiros\/otothyris\/\">Continue lendo <span class=\"meta-nav\">&rarr;<\/span><\/a><\/p>\n","protected":false},"author":1,"featured_media":0,"parent":0,"menu_order":0,"comment_status":"closed","ping_status":"closed","template":"","meta":{"footnotes":""},"class_list":["post-1895","page","type-page","status-publish","hentry"],"_links":{"self":[{"href":"http:\/\/nossacasa.net\/nossosriachos\/tabuleiros\/wp-json\/wp\/v2\/pages\/1895","targetHints":{"allow":["GET"]}}],"collection":[{"href":"http:\/\/nossacasa.net\/nossosriachos\/tabuleiros\/wp-json\/wp\/v2\/pages"}],"about":[{"href":"http:\/\/nossacasa.net\/nossosriachos\/tabuleiros\/wp-json\/wp\/v2\/types\/page"}],"author":[{"embeddable":true,"href":"http:\/\/nossacasa.net\/nossosriachos\/tabuleiros\/wp-json\/wp\/v2\/users\/1"}],"replies":[{"embeddable":true,"href":"http:\/\/nossacasa.net\/nossosriachos\/tabuleiros\/wp-json\/wp\/v2\/comments?post=1895"}],"version-history":[{"count":4,"href":"http:\/\/nossacasa.net\/nossosriachos\/tabuleiros\/wp-json\/wp\/v2\/pages\/1895\/revisions"}],"predecessor-version":[{"id":4396,"href":"http:\/\/nossacasa.net\/nossosriachos\/tabuleiros\/wp-json\/wp\/v2\/pages\/1895\/revisions\/4396"}],"wp:attachment":[{"href":"http:\/\/nossacasa.net\/nossosriachos\/tabuleiros\/wp-json\/wp\/v2\/media?parent=1895"}],"curies":[{"name":"wp","href":"https:\/\/api.w.org\/{rel}","templated":true}]}}