{"id":1896,"date":"2019-09-12T18:26:51","date_gmt":"2019-09-12T21:26:51","guid":{"rendered":"http:\/\/nossacasa.net\/nossosriachos\/rios\/?page_id=1896"},"modified":"2019-10-14T10:48:28","modified_gmt":"2019-10-14T13:48:28","slug":"otothyris-travassosi","status":"publish","type":"page","link":"http:\/\/nossacasa.net\/nossosriachos\/tabuleiros\/otothyris-travassosi\/","title":{"rendered":"Otothyris travassosi"},"content":{"rendered":"<div style=\"text-align: justify\">\n<h1><em>Otothyris travassosi<\/em> Garavello, Britski and Schaefer, 1998<\/h1>\n<p><img loading=\"lazy\" decoding=\"async\" src=\"http:\/\/nossacasa.net\/nossosriachos\/tabuleiros\/wp-content\/uploads\/sites\/13\/2019\/10\/Otothyris-travassosi.png\" alt=\"\" width=\"800\" height=\"291\" class=\"aligncenter size-full wp-image-4388\" srcset=\"http:\/\/nossacasa.net\/nossosriachos\/tabuleiros\/wp-content\/uploads\/sites\/13\/2019\/10\/Otothyris-travassosi.png 800w, http:\/\/nossacasa.net\/nossosriachos\/tabuleiros\/wp-content\/uploads\/sites\/13\/2019\/10\/Otothyris-travassosi-300x109.png 300w, http:\/\/nossacasa.net\/nossosriachos\/tabuleiros\/wp-content\/uploads\/sites\/13\/2019\/10\/Otothyris-travassosi-768x279.png 768w, http:\/\/nossacasa.net\/nossosriachos\/tabuleiros\/wp-content\/uploads\/sites\/13\/2019\/10\/Otothyris-travassosi-500x182.png 500w\" sizes=\"auto, (max-width: 800px) 100vw, 800px\" \/><\/p>\n<p><img loading=\"lazy\" decoding=\"async\" src=\"http:\/\/nossacasa.net\/nossosriachos\/tabuleiros\/wp-content\/uploads\/sites\/13\/2019\/10\/Otothyris-travassosi_i.png\" alt=\"\" width=\"800\" height=\"428\" class=\"aligncenter size-full wp-image-4389\" srcset=\"http:\/\/nossacasa.net\/nossosriachos\/tabuleiros\/wp-content\/uploads\/sites\/13\/2019\/10\/Otothyris-travassosi_i.png 800w, http:\/\/nossacasa.net\/nossosriachos\/tabuleiros\/wp-content\/uploads\/sites\/13\/2019\/10\/Otothyris-travassosi_i-300x161.png 300w, http:\/\/nossacasa.net\/nossosriachos\/tabuleiros\/wp-content\/uploads\/sites\/13\/2019\/10\/Otothyris-travassosi_i-768x411.png 768w, http:\/\/nossacasa.net\/nossosriachos\/tabuleiros\/wp-content\/uploads\/sites\/13\/2019\/10\/Otothyris-travassosi_i-500x268.png 500w\" sizes=\"auto, (max-width: 800px) 100vw, 800px\" \/><\/p>\n<p>Algumas caracter\u00edsticas da esp\u00e9cie <strong><em>Otothyris travassosi<\/em><\/strong> est\u00e3o indicadas na figura acima.<\/p>\n<p>Possuem doze raios ramificados na nadadeira caudal, diferindo de outros cascudinhos na regi\u00e3o como <a href=\"http:\/\/nossacasa.net\/nossosriachos\/tabuleiros\/parotocinclus\/\"><em>Parotocinclus<\/em><\/a>, que possuem 14 raios na caudal. Nadadeira adiposa ausente. Odont\u00f3ides na regi\u00e3o postero-dorsal da cabe\u00e7a dispostos em tr\u00eas fileiras destacadas em relevo na parte posterior da cabe\u00e7a. <\/p>\n<p>Peixes pequenos, com tamanho m\u00e9dio de 20 mm de comprimento padr\u00e3o. Indiv\u00edduos grandes, com tamanho de 30 mm, se assemelham superficialmente a <em>Pseudotothyris<\/em>, um grupo de cascudinhos que n\u00e3o ocorre nos rios de Tabuleiro.<\/p>\n<p>O cascudinho <strong><em>Otothyris travassosi<\/em><\/strong> vive em ambientes da baixada litor\u00e2nea, em riachos de correnteza fraca, ocultando-se sob a vegeta\u00e7\u00e3o ciliar, e ali se alimenta raspando algas perif\u00edticas e microorganismos aderidos a substratos variados, como rochas, troncos e vegetais submersos. \u00c9 encontrado em \u00e1reas florestadas em ambientes sombreados e de \u00e1guas \u00e1cidas.<\/p>\n<p>A esp\u00e9cie <em>Otothyris travassosi<\/em> \u00e9 uma das duas representantes do g\u00eanero <em><a href=\"http:\/\/nossacasa.net\/nossosriachos\/tabuleiros\/otothyris\/\">Otothyris<\/a><\/em> da fam\u00edlia <a href=\"http:\/\/nossacasa.net\/nossosriachos\/tabuleiros\/loricariidae\/\">Loricariidae<\/a> nas regi\u00f5es dos tabuleiros.<\/p>\n<hr \/>\n<\/div>\n<p>. <\/p>\n","protected":false},"excerpt":{"rendered":"<p>Otothyris travassosi Garavello, Britski and Schaefer, 1998 Algumas caracter\u00edsticas da esp\u00e9cie Otothyris travassosi est\u00e3o indicadas na figura acima. Possuem doze raios ramificados na nadadeira caudal, diferindo de outros cascudinhos na regi\u00e3o como Parotocinclus, que possuem 14 raios na caudal. Nadadeira &hellip; <a href=\"http:\/\/nossacasa.net\/nossosriachos\/tabuleiros\/otothyris-travassosi\/\">Continue lendo <span class=\"meta-nav\">&rarr;<\/span><\/a><\/p>\n","protected":false},"author":1,"featured_media":4388,"parent":0,"menu_order":0,"comment_status":"closed","ping_status":"closed","template":"","meta":{"footnotes":""},"class_list":["post-1896","page","type-page","status-publish","has-post-thumbnail","hentry"],"_links":{"self":[{"href":"http:\/\/nossacasa.net\/nossosriachos\/tabuleiros\/wp-json\/wp\/v2\/pages\/1896","targetHints":{"allow":["GET"]}}],"collection":[{"href":"http:\/\/nossacasa.net\/nossosriachos\/tabuleiros\/wp-json\/wp\/v2\/pages"}],"about":[{"href":"http:\/\/nossacasa.net\/nossosriachos\/tabuleiros\/wp-json\/wp\/v2\/types\/page"}],"author":[{"embeddable":true,"href":"http:\/\/nossacasa.net\/nossosriachos\/tabuleiros\/wp-json\/wp\/v2\/users\/1"}],"replies":[{"embeddable":true,"href":"http:\/\/nossacasa.net\/nossosriachos\/tabuleiros\/wp-json\/wp\/v2\/comments?post=1896"}],"version-history":[{"count":2,"href":"http:\/\/nossacasa.net\/nossosriachos\/tabuleiros\/wp-json\/wp\/v2\/pages\/1896\/revisions"}],"predecessor-version":[{"id":4398,"href":"http:\/\/nossacasa.net\/nossosriachos\/tabuleiros\/wp-json\/wp\/v2\/pages\/1896\/revisions\/4398"}],"wp:featuredmedia":[{"embeddable":true,"href":"http:\/\/nossacasa.net\/nossosriachos\/tabuleiros\/wp-json\/wp\/v2\/media\/4388"}],"wp:attachment":[{"href":"http:\/\/nossacasa.net\/nossosriachos\/tabuleiros\/wp-json\/wp\/v2\/media?parent=1896"}],"curies":[{"name":"wp","href":"https:\/\/api.w.org\/{rel}","templated":true}]}}