{"id":1900,"date":"2019-09-12T18:30:35","date_gmt":"2019-09-12T21:30:35","guid":{"rendered":"http:\/\/nossacasa.net\/nossosriachos\/rios\/?page_id=1900"},"modified":"2019-10-14T11:16:44","modified_gmt":"2019-10-14T14:16:44","slug":"parotocinclus","status":"publish","type":"page","link":"http:\/\/nossacasa.net\/nossosriachos\/tabuleiros\/parotocinclus\/","title":{"rendered":"Parotocinclus"},"content":{"rendered":"<div style=\"text-align: justify\">\n<h1>Os <em>Parotocinclus<\/em> Eigenmann and Eigenmann, 1889<\/h1>\n<p><img loading=\"lazy\" decoding=\"async\" src=\"http:\/\/nossacasa.net\/nossosriachos\/tabuleiros\/wp-content\/uploads\/sites\/13\/2019\/10\/Parotocinclus.png\" alt=\"\" width=\"800\" height=\"224\" class=\"aligncenter size-full wp-image-4399\" srcset=\"http:\/\/nossacasa.net\/nossosriachos\/tabuleiros\/wp-content\/uploads\/sites\/13\/2019\/10\/Parotocinclus.png 800w, http:\/\/nossacasa.net\/nossosriachos\/tabuleiros\/wp-content\/uploads\/sites\/13\/2019\/10\/Parotocinclus-300x84.png 300w, http:\/\/nossacasa.net\/nossosriachos\/tabuleiros\/wp-content\/uploads\/sites\/13\/2019\/10\/Parotocinclus-768x215.png 768w, http:\/\/nossacasa.net\/nossosriachos\/tabuleiros\/wp-content\/uploads\/sites\/13\/2019\/10\/Parotocinclus-500x140.png 500w\" sizes=\"auto, (max-width: 800px) 100vw, 800px\" \/><br \/>\n<img loading=\"lazy\" decoding=\"async\" src=\"http:\/\/nossacasa.net\/nossosriachos\/tabuleiros\/wp-content\/uploads\/sites\/13\/2019\/10\/Parotocinclus_i.png\" alt=\"\" width=\"800\" height=\"520\" class=\"aligncenter size-full wp-image-4404\" srcset=\"http:\/\/nossacasa.net\/nossosriachos\/tabuleiros\/wp-content\/uploads\/sites\/13\/2019\/10\/Parotocinclus_i.png 800w, http:\/\/nossacasa.net\/nossosriachos\/tabuleiros\/wp-content\/uploads\/sites\/13\/2019\/10\/Parotocinclus_i-300x195.png 300w, http:\/\/nossacasa.net\/nossosriachos\/tabuleiros\/wp-content\/uploads\/sites\/13\/2019\/10\/Parotocinclus_i-768x499.png 768w, http:\/\/nossacasa.net\/nossosriachos\/tabuleiros\/wp-content\/uploads\/sites\/13\/2019\/10\/Parotocinclus_i-462x300.png 462w\" sizes=\"auto, (max-width: 800px) 100vw, 800px\" \/><\/p>\n<p>Algumas caracter\u00edsticas do g\u00eanero <strong><em>Parotocinclus<\/em><\/strong> est\u00e3o indicadas na figura acima.<\/p>\n<p>Superf\u00edcie ventral da cintura peitoral exposta (com odont\u00f3ides sobre a pele pelo menos parcialmente). Catorze raios ramificados na nadadeira caudal. Nadadeira adiposa presente. Odont\u00f3ides na regi\u00e3o postero-dorsal da cabe\u00e7a irregularmente dispostos. <\/p>\n<p>O g\u00eanero <strong><em>Parotocinclus<\/em><\/strong> \u00e9 um dos peixes nomeados como cascudinhos, por seu pequeno tamanho, entre 20 e 40 mm de comprimento padr\u00e3o. <\/p>\n<p>O g\u00eanero <strong><em>Parotocinclus<\/em><\/strong> \u00e9 um dos seis g\u00eaneros da fam\u00edlia <a href=\"http:\/\/nossacasa.net\/nossosriachos\/tabuleiros\/loricariidae\/\">Loricariidae<\/a> representante dos <a href=\"http:\/\/nossacasa.net\/nossosriachos\/tabuleiros\/siluriformes\/\">Siluriformes<\/a> nas regi\u00f5es dos tabuleiros. <\/p>\n<p>Na regi\u00e3o dos tabuleiros da Mata Atl\u00e2ntica encontramos duas esp\u00e9cies do g\u00eanero <strong><em>Parotocinclus<\/em><\/strong>: <em><a href=\"http:\/\/nossacasa.net\/nossosriachos\/tabuleiros\/parotocinclus-doceanus\/\">Parotocinclus doceanus<\/a><\/em> e <em><a href=\"http:\/\/nossacasa.net\/nossosriachos\/tabuleiros\/parotocinclus-arandai\/\">Parotocinclus arandai<\/a><\/em>.<\/p>\n<hr \/>\n<p><strong><a href=\"http:\/\/nossacasa.net\/nossosriachos\/tabuleiros\/chave-de-parotocinclus\/\">CHAVE DE <em>PAROTOCINCLUS<\/em><\/a><\/strong><\/p>\n<hr \/>\n<\/div>\n","protected":false},"excerpt":{"rendered":"<p>Os Parotocinclus Eigenmann and Eigenmann, 1889 Algumas caracter\u00edsticas do g\u00eanero Parotocinclus est\u00e3o indicadas na figura acima. Superf\u00edcie ventral da cintura peitoral exposta (com odont\u00f3ides sobre a pele pelo menos parcialmente). Catorze raios ramificados na nadadeira caudal. Nadadeira adiposa presente. Odont\u00f3ides &hellip; <a href=\"http:\/\/nossacasa.net\/nossosriachos\/tabuleiros\/parotocinclus\/\">Continue lendo <span class=\"meta-nav\">&rarr;<\/span><\/a><\/p>\n","protected":false},"author":1,"featured_media":0,"parent":0,"menu_order":0,"comment_status":"closed","ping_status":"closed","template":"","meta":{"footnotes":""},"class_list":["post-1900","page","type-page","status-publish","hentry"],"_links":{"self":[{"href":"http:\/\/nossacasa.net\/nossosriachos\/tabuleiros\/wp-json\/wp\/v2\/pages\/1900","targetHints":{"allow":["GET"]}}],"collection":[{"href":"http:\/\/nossacasa.net\/nossosriachos\/tabuleiros\/wp-json\/wp\/v2\/pages"}],"about":[{"href":"http:\/\/nossacasa.net\/nossosriachos\/tabuleiros\/wp-json\/wp\/v2\/types\/page"}],"author":[{"embeddable":true,"href":"http:\/\/nossacasa.net\/nossosriachos\/tabuleiros\/wp-json\/wp\/v2\/users\/1"}],"replies":[{"embeddable":true,"href":"http:\/\/nossacasa.net\/nossosriachos\/tabuleiros\/wp-json\/wp\/v2\/comments?post=1900"}],"version-history":[{"count":4,"href":"http:\/\/nossacasa.net\/nossosriachos\/tabuleiros\/wp-json\/wp\/v2\/pages\/1900\/revisions"}],"predecessor-version":[{"id":4409,"href":"http:\/\/nossacasa.net\/nossosriachos\/tabuleiros\/wp-json\/wp\/v2\/pages\/1900\/revisions\/4409"}],"wp:attachment":[{"href":"http:\/\/nossacasa.net\/nossosriachos\/tabuleiros\/wp-json\/wp\/v2\/media?parent=1900"}],"curies":[{"name":"wp","href":"https:\/\/api.w.org\/{rel}","templated":true}]}}