{"id":1909,"date":"2019-09-12T18:43:04","date_gmt":"2019-09-12T21:43:04","guid":{"rendered":"http:\/\/nossacasa.net\/nossosriachos\/rios\/?page_id=1909"},"modified":"2019-10-14T13:52:42","modified_gmt":"2019-10-14T16:52:42","slug":"pogonopoma","status":"publish","type":"page","link":"http:\/\/nossacasa.net\/nossosriachos\/tabuleiros\/pogonopoma\/","title":{"rendered":"Pogonopoma"},"content":{"rendered":"<div style=\"text-align: justify\">\n<h1>Os <em>Pogonopoma<\/em> Regan, 1904<\/h1>\n<p><img loading=\"lazy\" decoding=\"async\" src=\"http:\/\/nossacasa.net\/nossosriachos\/tabuleiros\/wp-content\/uploads\/sites\/13\/2019\/10\/Pogonopoma.png\" alt=\"\" width=\"800\" height=\"255\" class=\"aligncenter size-full wp-image-4419\" srcset=\"http:\/\/nossacasa.net\/nossosriachos\/tabuleiros\/wp-content\/uploads\/sites\/13\/2019\/10\/Pogonopoma.png 800w, http:\/\/nossacasa.net\/nossosriachos\/tabuleiros\/wp-content\/uploads\/sites\/13\/2019\/10\/Pogonopoma-300x96.png 300w, http:\/\/nossacasa.net\/nossosriachos\/tabuleiros\/wp-content\/uploads\/sites\/13\/2019\/10\/Pogonopoma-768x245.png 768w, http:\/\/nossacasa.net\/nossosriachos\/tabuleiros\/wp-content\/uploads\/sites\/13\/2019\/10\/Pogonopoma-500x159.png 500w\" sizes=\"auto, (max-width: 800px) 100vw, 800px\" \/><\/p>\n<p>Algumas caracter\u00edsticas do g\u00eanero <strong><em>Pogonopoma<\/em><\/strong> est\u00e3o indicadas na figura acima.<\/p>\n<p>Inclui peixes que habitam os rios encaichoeirados da floresta de tabuleiro. <\/p>\n<p>Recebe o nome de cascudo preto, pela sua cor castanho escura, quase negra. <\/p>\n<p>S\u00e3o cascudos de focinho \u00e1spero; ped\u00fanculo caudal ovalado, nadadeira adiposa presente . Trava da nadadeira dorsal em formato de &#8220;V&#8221;, sistema de travamento do espinho da nadadeira dorsal funcional, uma condi\u00e7\u00e3o tamb\u00e9m compartilhada com peixes <a href=\"http:\/\/nossacasa.net\/nossosriachos\/tabuleiros\/hypostomus\/\"><em>Hypostomus<\/em><\/a>.<\/p>\n<p>Odontoides hipertrofiados na altura do op\u00e9rculo em machos sexualmente maduros. Olhos grandes, com suave quilha p\u00f3s orbital.<\/p>\n<p>O g\u00eanero <strong><em>Pogonopoma<\/em><\/strong> \u00e9 um dos seis g\u00eaneros da fam\u00edlia <a href=\"http:\/\/nossacasa.net\/nossosriachos\/tabuleiros\/loricariidae\/\">Loricariidae<\/a> representante dos <a href=\"http:\/\/nossacasa.net\/nossosriachos\/tabuleiros\/siluriformes\/\">Siluriformes<\/a> nas regi\u00f5es dos tabuleiros. <\/p>\n<p>Na regi\u00e3o dos tabuleiros da Mata Atl\u00e2ntica encontramos uma \u00fanica esp\u00e9cie do g\u00eanero<strong> <em>Pogonopoma<\/em><\/strong>: <em><a href=\"http:\/\/nossacasa.net\/nossosriachos\/tabuleiros\/pogonopoma-wertheimeri\/\">Pogonopoma wertheimeri<\/a><\/em>.<\/p>\n<hr>\n<\/div>\n","protected":false},"excerpt":{"rendered":"<p>Os Pogonopoma Regan, 1904 Algumas caracter\u00edsticas do g\u00eanero Pogonopoma est\u00e3o indicadas na figura acima. Inclui peixes que habitam os rios encaichoeirados da floresta de tabuleiro. Recebe o nome de cascudo preto, pela sua cor castanho escura, quase negra. S\u00e3o cascudos &hellip; <a href=\"http:\/\/nossacasa.net\/nossosriachos\/tabuleiros\/pogonopoma\/\">Continue lendo <span class=\"meta-nav\">&rarr;<\/span><\/a><\/p>\n","protected":false},"author":1,"featured_media":0,"parent":0,"menu_order":0,"comment_status":"closed","ping_status":"closed","template":"","meta":{"footnotes":""},"class_list":["post-1909","page","type-page","status-publish","hentry"],"_links":{"self":[{"href":"http:\/\/nossacasa.net\/nossosriachos\/tabuleiros\/wp-json\/wp\/v2\/pages\/1909","targetHints":{"allow":["GET"]}}],"collection":[{"href":"http:\/\/nossacasa.net\/nossosriachos\/tabuleiros\/wp-json\/wp\/v2\/pages"}],"about":[{"href":"http:\/\/nossacasa.net\/nossosriachos\/tabuleiros\/wp-json\/wp\/v2\/types\/page"}],"author":[{"embeddable":true,"href":"http:\/\/nossacasa.net\/nossosriachos\/tabuleiros\/wp-json\/wp\/v2\/users\/1"}],"replies":[{"embeddable":true,"href":"http:\/\/nossacasa.net\/nossosriachos\/tabuleiros\/wp-json\/wp\/v2\/comments?post=1909"}],"version-history":[{"count":3,"href":"http:\/\/nossacasa.net\/nossosriachos\/tabuleiros\/wp-json\/wp\/v2\/pages\/1909\/revisions"}],"predecessor-version":[{"id":4421,"href":"http:\/\/nossacasa.net\/nossosriachos\/tabuleiros\/wp-json\/wp\/v2\/pages\/1909\/revisions\/4421"}],"wp:attachment":[{"href":"http:\/\/nossacasa.net\/nossosriachos\/tabuleiros\/wp-json\/wp\/v2\/media?parent=1909"}],"curies":[{"name":"wp","href":"https:\/\/api.w.org\/{rel}","templated":true}]}}