{"id":1930,"date":"2019-09-12T22:11:50","date_gmt":"2019-09-13T01:11:50","guid":{"rendered":"http:\/\/nossacasa.net\/nossosriachos\/rios\/?page_id=1930"},"modified":"2019-10-15T15:48:20","modified_gmt":"2019-10-15T18:48:20","slug":"pimelodus-maculatus","status":"publish","type":"page","link":"http:\/\/nossacasa.net\/nossosriachos\/tabuleiros\/pimelodus-maculatus\/","title":{"rendered":"Pimelodus maculatus"},"content":{"rendered":"<div style=\"text-align: justify\">\n<h1><em>Pimelodus maculatus<\/em> Lacep\u00e8de, 1803<\/h1>\n<p><img loading=\"lazy\" decoding=\"async\" src=\"http:\/\/nossacasa.net\/nossosriachos\/tabuleiros\/wp-content\/uploads\/sites\/13\/2019\/10\/Pimelodus-maculatus.png\" alt=\"\" width=\"800\" height=\"214\" class=\"aligncenter size-full wp-image-4426\" srcset=\"http:\/\/nossacasa.net\/nossosriachos\/tabuleiros\/wp-content\/uploads\/sites\/13\/2019\/10\/Pimelodus-maculatus.png 800w, http:\/\/nossacasa.net\/nossosriachos\/tabuleiros\/wp-content\/uploads\/sites\/13\/2019\/10\/Pimelodus-maculatus-300x80.png 300w, http:\/\/nossacasa.net\/nossosriachos\/tabuleiros\/wp-content\/uploads\/sites\/13\/2019\/10\/Pimelodus-maculatus-768x205.png 768w, http:\/\/nossacasa.net\/nossosriachos\/tabuleiros\/wp-content\/uploads\/sites\/13\/2019\/10\/Pimelodus-maculatus-500x134.png 500w\" sizes=\"auto, (max-width: 800px) 100vw, 800px\" \/><\/p>\n<p>Algumas caracter\u00edsticas da esp\u00e9cie <strong><em>Pimelodus maculatus<\/em><\/strong> est\u00e3o indicadas na figura acima.<\/p>\n<p>Peixes <strong><em>Pimelodus maculatus<\/em><\/strong> conhecidos como Mandi no vale do rio Doce, possuem de tr\u00eas a cinco fileiras de manchas nas laterais do corpo. M\u00e1culas sobre o corpo iguais ou maiores que o tamanho da \u00f3rbita. N\u00e3o possuem dentes no palato. <\/p>\n<p>Inclui peixes de tamanho grande, alcan\u00e7ando entre 150 a 350 mm de comprimento padr\u00e3o, sendo considerada o maior dos mandis (Britski et al. 1999). <\/p>\n<p>\u00c9 uma esp\u00e9cie de nata\u00e7\u00e3o ativa, a meia \u00e1gua ou fundo, com prefer\u00eancia por ambientes l\u00eanticos Sua alimenta\u00e7\u00e3o \u00e9 variada, consumindo pequenos invertebrados, insetos aqu\u00e1ticos e at\u00e9 outros peixes, sendo considerada uma esp\u00e9cie oportunista, consumindo o que est\u00e1 mais abundante. Realizam migra\u00e7\u00f5es reprodutivas e a fertiliza\u00e7\u00e3o \u00e9 externa. Barramentos por hidrel\u00e9tricas prejudicam as popula\u00e7\u00f5es na fase migradora. <\/p>\n<p>Utilizada para fins de aquicultura, e valorizada na pescaria artesanal, nas comunidades de pescadores, como em Mascarenhas, no rio Doce.<\/p>\n<p>Nos rios dos tabuleiros<strong> <em>Pimelodus maculatus<\/em><\/strong> \u00e9 registrada unicamente para o rio Doce. <\/p>\n<p>A popula\u00e7\u00e3o do rio Doce, ainda que nomeada <strong><em>P. maculatus<\/em><\/strong> est\u00e1 provisoriamente com este nome, pois n\u00e3o se tem certeza quanto a sua real identidade. <\/p>\n<p>As popula\u00e7\u00f5es do rio Paran\u00e1 e rio S\u00e3o Francisco necessitam revis\u00e3o. <\/p>\n<p>A popula\u00e7\u00e3o do rio Doce difere daquela do rio S\u00e3o Francisco, divergindo pelo tamanho da \u00f3rbita e arranjo das manchas nas laterais do corpo.<\/p>\n<p>A esp\u00e9cie <strong><em>Pimelodus maculatus<\/em><\/strong> \u00e9 a \u00fanica representante do g\u00eanero <em><a href=\"http:\/\/nossacasa.net\/nossosriachos\/tabuleiros\/pimelodus\/\">Pimelodus<\/a><\/em> da fam\u00edlia <a href=\"http:\/\/nossacasa.net\/nossosriachos\/tabuleiros\/pimelodidae\/\">Pimelodidae<\/a> nas regi\u00f5es dos tabuleiros.<\/p>\n<hr \/>\n<\/div>\n<p>. <\/p>\n","protected":false},"excerpt":{"rendered":"<p>Pimelodus maculatus Lacep\u00e8de, 1803 Algumas caracter\u00edsticas da esp\u00e9cie Pimelodus maculatus est\u00e3o indicadas na figura acima. Peixes Pimelodus maculatus conhecidos como Mandi no vale do rio Doce, possuem de tr\u00eas a cinco fileiras de manchas nas laterais do corpo. M\u00e1culas sobre &hellip; <a href=\"http:\/\/nossacasa.net\/nossosriachos\/tabuleiros\/pimelodus-maculatus\/\">Continue lendo <span class=\"meta-nav\">&rarr;<\/span><\/a><\/p>\n","protected":false},"author":1,"featured_media":4426,"parent":0,"menu_order":0,"comment_status":"closed","ping_status":"closed","template":"","meta":{"footnotes":""},"class_list":["post-1930","page","type-page","status-publish","has-post-thumbnail","hentry"],"_links":{"self":[{"href":"http:\/\/nossacasa.net\/nossosriachos\/tabuleiros\/wp-json\/wp\/v2\/pages\/1930","targetHints":{"allow":["GET"]}}],"collection":[{"href":"http:\/\/nossacasa.net\/nossosriachos\/tabuleiros\/wp-json\/wp\/v2\/pages"}],"about":[{"href":"http:\/\/nossacasa.net\/nossosriachos\/tabuleiros\/wp-json\/wp\/v2\/types\/page"}],"author":[{"embeddable":true,"href":"http:\/\/nossacasa.net\/nossosriachos\/tabuleiros\/wp-json\/wp\/v2\/users\/1"}],"replies":[{"embeddable":true,"href":"http:\/\/nossacasa.net\/nossosriachos\/tabuleiros\/wp-json\/wp\/v2\/comments?post=1930"}],"version-history":[{"count":3,"href":"http:\/\/nossacasa.net\/nossosriachos\/tabuleiros\/wp-json\/wp\/v2\/pages\/1930\/revisions"}],"predecessor-version":[{"id":4430,"href":"http:\/\/nossacasa.net\/nossosriachos\/tabuleiros\/wp-json\/wp\/v2\/pages\/1930\/revisions\/4430"}],"wp:featuredmedia":[{"embeddable":true,"href":"http:\/\/nossacasa.net\/nossosriachos\/tabuleiros\/wp-json\/wp\/v2\/media\/4426"}],"wp:attachment":[{"href":"http:\/\/nossacasa.net\/nossosriachos\/tabuleiros\/wp-json\/wp\/v2\/media?parent=1930"}],"curies":[{"name":"wp","href":"https:\/\/api.w.org\/{rel}","templated":true}]}}