{"id":1935,"date":"2019-09-12T22:15:13","date_gmt":"2019-09-13T01:15:13","guid":{"rendered":"http:\/\/nossacasa.net\/nossosriachos\/rios\/?page_id=1935"},"modified":"2019-10-16T07:21:06","modified_gmt":"2019-10-16T10:21:06","slug":"steindachneridion","status":"publish","type":"page","link":"http:\/\/nossacasa.net\/nossosriachos\/tabuleiros\/steindachneridion\/","title":{"rendered":"Steindachneridion"},"content":{"rendered":"<div style=\"text-align: justify\">\n<h1><em>Steindachneridion<\/em> Eigenmann &amp; Eigenmann 1919<\/h1>\n<div id=\"attachment_4434\" style=\"width: 810px\" class=\"wp-caption aligncenter\"><img loading=\"lazy\" decoding=\"async\" aria-describedby=\"caption-attachment-4434\" src=\"http:\/\/nossacasa.net\/nossosriachos\/tabuleiros\/wp-content\/uploads\/sites\/13\/2019\/10\/Steindachneridion_s.png\" alt=\"\" width=\"800\" height=\"198\" class=\"size-full wp-image-4434\" srcset=\"http:\/\/nossacasa.net\/nossosriachos\/tabuleiros\/wp-content\/uploads\/sites\/13\/2019\/10\/Steindachneridion_s.png 800w, http:\/\/nossacasa.net\/nossosriachos\/tabuleiros\/wp-content\/uploads\/sites\/13\/2019\/10\/Steindachneridion_s-300x74.png 300w, http:\/\/nossacasa.net\/nossosriachos\/tabuleiros\/wp-content\/uploads\/sites\/13\/2019\/10\/Steindachneridion_s-768x190.png 768w, http:\/\/nossacasa.net\/nossosriachos\/tabuleiros\/wp-content\/uploads\/sites\/13\/2019\/10\/Steindachneridion_s-500x124.png 500w\" sizes=\"auto, (max-width: 800px) 100vw, 800px\" \/><p id=\"caption-attachment-4434\" class=\"wp-caption-text\">Imagem: Garavello (2005)<\/p><\/div>\n<div id=\"attachment_4433\" style=\"width: 810px\" class=\"wp-caption aligncenter\"><img loading=\"lazy\" decoding=\"async\" aria-describedby=\"caption-attachment-4433\" src=\"http:\/\/nossacasa.net\/nossosriachos\/tabuleiros\/wp-content\/uploads\/sites\/13\/2019\/10\/Steindachneridion_m.png\" alt=\"\" width=\"800\" height=\"200\" class=\"size-full wp-image-4433\" srcset=\"http:\/\/nossacasa.net\/nossosriachos\/tabuleiros\/wp-content\/uploads\/sites\/13\/2019\/10\/Steindachneridion_m.png 800w, http:\/\/nossacasa.net\/nossosriachos\/tabuleiros\/wp-content\/uploads\/sites\/13\/2019\/10\/Steindachneridion_m-300x75.png 300w, http:\/\/nossacasa.net\/nossosriachos\/tabuleiros\/wp-content\/uploads\/sites\/13\/2019\/10\/Steindachneridion_m-768x192.png 768w, http:\/\/nossacasa.net\/nossosriachos\/tabuleiros\/wp-content\/uploads\/sites\/13\/2019\/10\/Steindachneridion_m-500x125.png 500w\" sizes=\"auto, (max-width: 800px) 100vw, 800px\" \/><p id=\"caption-attachment-4433\" class=\"wp-caption-text\">Imagem: Garavello (2005)<\/p><\/div>\n<div id=\"attachment_4432\" style=\"width: 810px\" class=\"wp-caption aligncenter\"><img loading=\"lazy\" decoding=\"async\" aria-describedby=\"caption-attachment-4432\" src=\"http:\/\/nossacasa.net\/nossosriachos\/tabuleiros\/wp-content\/uploads\/sites\/13\/2019\/10\/Steindachneridion_i.png\" alt=\"\" width=\"800\" height=\"301\" class=\"size-full wp-image-4432\" srcset=\"http:\/\/nossacasa.net\/nossosriachos\/tabuleiros\/wp-content\/uploads\/sites\/13\/2019\/10\/Steindachneridion_i.png 800w, http:\/\/nossacasa.net\/nossosriachos\/tabuleiros\/wp-content\/uploads\/sites\/13\/2019\/10\/Steindachneridion_i-300x113.png 300w, http:\/\/nossacasa.net\/nossosriachos\/tabuleiros\/wp-content\/uploads\/sites\/13\/2019\/10\/Steindachneridion_i-768x289.png 768w, http:\/\/nossacasa.net\/nossosriachos\/tabuleiros\/wp-content\/uploads\/sites\/13\/2019\/10\/Steindachneridion_i-500x188.png 500w\" sizes=\"auto, (max-width: 800px) 100vw, 800px\" \/><p id=\"caption-attachment-4432\" class=\"wp-caption-text\">Imagem: Vieira et al (2008)<\/p><\/div>\n<p>Algumas caracter\u00edsticas do g\u00eanero <strong><em>Steindachneridion<\/em><\/strong> est\u00e3o indicadas na figura acima.<\/p>\n<p>Abriga grandes bagres, alcan\u00e7ando entre 600 a 1000 mm de comprimento padr\u00e3o, que habitam ambientes de corredeiras com pedras em grandes rios. Todas as esp\u00e9cies encontram-se sob amea\u00e7a de extin\u00e7\u00e3o pela perda de habitat.<\/p>\n<p>Peixes <strong><em>Steindachneridion<\/em><\/strong> apresentam o palato com dentes sobre placas vomerianas e\/ou palatinas. O colorido do corpo cont\u00e9m vermicula\u00e7\u00f5es, inclusive sobre as nadadeiras. O barbilh\u00e3o maxilar curto, menor que o comprimento da cabe\u00e7a ou alcan\u00e7ando a vertical da nadadeira dorsal. Olhos pequenos, latero-dorsais.<\/p>\n<p>O g\u00eanero <strong><em>Steindachneridions<\/em><\/strong> \u00e9 um dos dois g\u00eaneros da fam\u00edlia <a href=\"http:\/\/nossacasa.net\/nossosriachos\/tabuleiros\/pimelodidae\/\">Pimelodidae<\/a> representante dos <a href=\"http:\/\/nossacasa.net\/nossosriachos\/tabuleiros\/siluriformes\/\">Siluriformes<\/a> nas regi\u00f5es dos tabuleiros. <\/p>\n<p>Na regi\u00e3o dos tabuleiros da Mata Atl\u00e2ntica encontramos uma \u00fanica esp\u00e9cie do g\u00eanero <strong><em>Steindachneridion<\/em><\/strong>: <em><a href=\"http:\/\/nossacasa.net\/nossosriachos\/tabuleiros\/steindachneridion-doceanum\/\">Steindachneridion doceanum<\/a><\/em><\/p>\n<hr>\n<\/div>\n","protected":false},"excerpt":{"rendered":"<p>Steindachneridion Eigenmann &amp; Eigenmann 1919 Algumas caracter\u00edsticas do g\u00eanero Steindachneridion est\u00e3o indicadas na figura acima. Abriga grandes bagres, alcan\u00e7ando entre 600 a 1000 mm de comprimento padr\u00e3o, que habitam ambientes de corredeiras com pedras em grandes rios. Todas as esp\u00e9cies &hellip; <a href=\"http:\/\/nossacasa.net\/nossosriachos\/tabuleiros\/steindachneridion\/\">Continue lendo <span class=\"meta-nav\">&rarr;<\/span><\/a><\/p>\n","protected":false},"author":1,"featured_media":0,"parent":0,"menu_order":0,"comment_status":"closed","ping_status":"closed","template":"","meta":{"footnotes":""},"class_list":["post-1935","page","type-page","status-publish","hentry"],"_links":{"self":[{"href":"http:\/\/nossacasa.net\/nossosriachos\/tabuleiros\/wp-json\/wp\/v2\/pages\/1935","targetHints":{"allow":["GET"]}}],"collection":[{"href":"http:\/\/nossacasa.net\/nossosriachos\/tabuleiros\/wp-json\/wp\/v2\/pages"}],"about":[{"href":"http:\/\/nossacasa.net\/nossosriachos\/tabuleiros\/wp-json\/wp\/v2\/types\/page"}],"author":[{"embeddable":true,"href":"http:\/\/nossacasa.net\/nossosriachos\/tabuleiros\/wp-json\/wp\/v2\/users\/1"}],"replies":[{"embeddable":true,"href":"http:\/\/nossacasa.net\/nossosriachos\/tabuleiros\/wp-json\/wp\/v2\/comments?post=1935"}],"version-history":[{"count":3,"href":"http:\/\/nossacasa.net\/nossosriachos\/tabuleiros\/wp-json\/wp\/v2\/pages\/1935\/revisions"}],"predecessor-version":[{"id":4437,"href":"http:\/\/nossacasa.net\/nossosriachos\/tabuleiros\/wp-json\/wp\/v2\/pages\/1935\/revisions\/4437"}],"wp:attachment":[{"href":"http:\/\/nossacasa.net\/nossosriachos\/tabuleiros\/wp-json\/wp\/v2\/media?parent=1935"}],"curies":[{"name":"wp","href":"https:\/\/api.w.org\/{rel}","templated":true}]}}