{"id":1946,"date":"2019-09-13T08:23:50","date_gmt":"2019-09-13T11:23:50","guid":{"rendered":"http:\/\/nossacasa.net\/nossosriachos\/rios\/?page_id=1946"},"modified":"2019-10-16T10:41:01","modified_gmt":"2019-10-16T13:41:01","slug":"lophiosilurus-alexandri","status":"publish","type":"page","link":"http:\/\/nossacasa.net\/nossosriachos\/tabuleiros\/lophiosilurus-alexandri\/","title":{"rendered":"Lophiosilurus alexandri"},"content":{"rendered":"<div style=\"text-align: justify\">\n<h1><em>Lophiosilurus alexandri<\/em> Steindachner, 1876<\/h1>\n<p><img loading=\"lazy\" decoding=\"async\" src=\"http:\/\/nossacasa.net\/nossosriachos\/tabuleiros\/wp-content\/uploads\/sites\/13\/2019\/10\/Lophiosilurus-alexandri.png\" alt=\"\" width=\"800\" height=\"420\" class=\"aligncenter size-full wp-image-4443\" srcset=\"http:\/\/nossacasa.net\/nossosriachos\/tabuleiros\/wp-content\/uploads\/sites\/13\/2019\/10\/Lophiosilurus-alexandri.png 800w, http:\/\/nossacasa.net\/nossosriachos\/tabuleiros\/wp-content\/uploads\/sites\/13\/2019\/10\/Lophiosilurus-alexandri-300x158.png 300w, http:\/\/nossacasa.net\/nossosriachos\/tabuleiros\/wp-content\/uploads\/sites\/13\/2019\/10\/Lophiosilurus-alexandri-768x403.png 768w, http:\/\/nossacasa.net\/nossosriachos\/tabuleiros\/wp-content\/uploads\/sites\/13\/2019\/10\/Lophiosilurus-alexandri-500x263.png 500w\" sizes=\"auto, (max-width: 800px) 100vw, 800px\" \/><\/p>\n<p>Algumas caracter\u00edsticas da esp\u00e9cie <strong><em>Lophiosilurus alexandri<\/em><\/strong> est\u00e3o indicadas na figura acima.<\/p>\n<p>Peixes <strong><em>Lophiosilurus alexandri<\/em><\/strong>  conhecidos como Pacum\u00e3 no vale do rio Doce, possuem cabe\u00e7a muito larga e achatada, e a boca ampla terminal, com a mand\u00edbula se projetando al\u00e9m da maxila superior. Olhos diminutos, dorsais. O topo da cabe\u00e7a \u00e9 rugoso, com cristas \u00f3sseas, e as nadadeiras curtas. <\/p>\n<p>Inclui peixes de tamanho grande, alcan\u00e7ando entre 250 a 300 mm de comprimento padr\u00e3o. \u00c9 um peixe sedent\u00e1rio, de h\u00e1bitos demersais, vivendo associados ao fundo, com prefer\u00eancia por ambientes l\u00eanticos. Ficam enterrados durante o dia no leito fluvial e a noite saem para se alimentar. \u00c9 considerado um predador de emboscada, ficando semi- enterrados no leito a espreita de pequenos peixes, seu principal alimento.  <\/p>\n<p>Nos rios dos tabuleiros o &#8220;pacum\u00e3&#8221;, <strong><em>Lophiosilurus alexandri<\/em><\/strong>, \u00e9 registrado unicamente para o rio Doce. <\/p>\n<p>Natural do rio S\u00e3o Francisco, consta como esp\u00e9cie amea\u00e7ada na lista vermelha de Minas Gerais. <\/p>\n<p>A popula\u00e7\u00e3o do rio Doce \u00e9 considerada como translocada a partir dos estoques do S\u00e3o Francisco (Alves <em>et al<\/em>., 2007). Apesar desta informa\u00e7\u00e3o, os pescadores e ribeirinhos acreditam que este peixe sempre existiu no vale do Rio Doce. Alguns dizem que esta esp\u00e9cie teria chegado no Rio Doce durante a grande enchente de 1974. A hip\u00f3tese de passagens naturais entre S\u00e3o Francisco e Doce ainda necessita maiores investiga\u00e7\u00f5es. No rio Doce Peixes <a href=\"http:\/\/nossacasa.net\/nossosriachos\/tabuleiros\/lophiosilurus\/\"><em>Lophiosilurus<\/em><\/a> s\u00e3o abundantes e frequentes (MMA, 2018).<\/p>\n<p>O &#8220;pacum\u00e3&#8221; \u00e9 muito valorizado como alimento no m\u00e9dio e baixo vale do rio Doce. Considerada uma iguaria e alvo da pesca artesanal e comercial.<\/p>\n<p>A esp\u00e9cie <strong><em>Lophiosilurus alexandri<\/em><\/strong> \u00e9 a \u00fanica representante do g\u00eanero <em><a href=\"http:\/\/nossacasa.net\/nossosriachos\/tabuleiros\/lophiosilurus\/\">Lophiosilurus<\/a><\/em> da fam\u00edlia <a href=\"http:\/\/nossacasa.net\/nossosriachos\/tabuleiros\/pseudopimelodidae\/\">Pseudopimelodidae<\/a> nas regi\u00f5es dos tabuleiros.<\/p>\n<hr \/>\n<p><strong>Alves, C.B.; Vieira, F.; Magalh\u00e3es, A.L.B., &#038; Brito, M.F.G.<\/strong> 2007. Impacts of Non-Native Fish Species in Minas Gerais, Brazil: Present Situation and Prospects. p. 291\u2013314. In: Reviews: Methods and Technologies in Fish Biology and Fisheries &#8211; Ecological and Genetic Implications of Aquaculture Activities. Edited by Bert, T.M.. p.  314 p. Dispon\u00edvel em: <http:\/\/www.sfrancisco.bio.br\/arquivos\/Alves%20CBM004.pdf>. <\/p>\n<hr \/>\n<\/div>\n","protected":false},"excerpt":{"rendered":"<p>Lophiosilurus alexandri Steindachner, 1876 Algumas caracter\u00edsticas da esp\u00e9cie Lophiosilurus alexandri est\u00e3o indicadas na figura acima. Peixes Lophiosilurus alexandri conhecidos como Pacum\u00e3 no vale do rio Doce, possuem cabe\u00e7a muito larga e achatada, e a boca ampla terminal, com a mand\u00edbula &hellip; <a href=\"http:\/\/nossacasa.net\/nossosriachos\/tabuleiros\/lophiosilurus-alexandri\/\">Continue lendo <span class=\"meta-nav\">&rarr;<\/span><\/a><\/p>\n","protected":false},"author":1,"featured_media":4443,"parent":0,"menu_order":0,"comment_status":"closed","ping_status":"closed","template":"","meta":{"footnotes":""},"class_list":["post-1946","page","type-page","status-publish","has-post-thumbnail","hentry"],"_links":{"self":[{"href":"http:\/\/nossacasa.net\/nossosriachos\/tabuleiros\/wp-json\/wp\/v2\/pages\/1946","targetHints":{"allow":["GET"]}}],"collection":[{"href":"http:\/\/nossacasa.net\/nossosriachos\/tabuleiros\/wp-json\/wp\/v2\/pages"}],"about":[{"href":"http:\/\/nossacasa.net\/nossosriachos\/tabuleiros\/wp-json\/wp\/v2\/types\/page"}],"author":[{"embeddable":true,"href":"http:\/\/nossacasa.net\/nossosriachos\/tabuleiros\/wp-json\/wp\/v2\/users\/1"}],"replies":[{"embeddable":true,"href":"http:\/\/nossacasa.net\/nossosriachos\/tabuleiros\/wp-json\/wp\/v2\/comments?post=1946"}],"version-history":[{"count":4,"href":"http:\/\/nossacasa.net\/nossosriachos\/tabuleiros\/wp-json\/wp\/v2\/pages\/1946\/revisions"}],"predecessor-version":[{"id":4448,"href":"http:\/\/nossacasa.net\/nossosriachos\/tabuleiros\/wp-json\/wp\/v2\/pages\/1946\/revisions\/4448"}],"wp:featuredmedia":[{"embeddable":true,"href":"http:\/\/nossacasa.net\/nossosriachos\/tabuleiros\/wp-json\/wp\/v2\/media\/4443"}],"wp:attachment":[{"href":"http:\/\/nossacasa.net\/nossosriachos\/tabuleiros\/wp-json\/wp\/v2\/media?parent=1946"}],"curies":[{"name":"wp","href":"https:\/\/api.w.org\/{rel}","templated":true}]}}