{"id":1952,"date":"2019-09-13T08:26:13","date_gmt":"2019-09-13T11:26:13","guid":{"rendered":"http:\/\/nossacasa.net\/nossosriachos\/rios\/?page_id=1952"},"modified":"2019-10-17T11:15:52","modified_gmt":"2019-10-17T14:15:52","slug":"microglanis","status":"publish","type":"page","link":"http:\/\/nossacasa.net\/nossosriachos\/tabuleiros\/microglanis\/","title":{"rendered":"Microglanis"},"content":{"rendered":"<div style=\"text-align: justify\">\n<h1><em>Microglanis<\/em> Eigenmann, 1912 <\/h1>\n<p><img loading=\"lazy\" decoding=\"async\" src=\"http:\/\/nossacasa.net\/nossosriachos\/tabuleiros\/wp-content\/uploads\/sites\/13\/2019\/10\/Microglanis.png\" alt=\"\" width=\"800\" height=\"427\" class=\"aligncenter size-full wp-image-4449\" srcset=\"http:\/\/nossacasa.net\/nossosriachos\/tabuleiros\/wp-content\/uploads\/sites\/13\/2019\/10\/Microglanis.png 800w, http:\/\/nossacasa.net\/nossosriachos\/tabuleiros\/wp-content\/uploads\/sites\/13\/2019\/10\/Microglanis-300x160.png 300w, http:\/\/nossacasa.net\/nossosriachos\/tabuleiros\/wp-content\/uploads\/sites\/13\/2019\/10\/Microglanis-768x410.png 768w, http:\/\/nossacasa.net\/nossosriachos\/tabuleiros\/wp-content\/uploads\/sites\/13\/2019\/10\/Microglanis-500x267.png 500w\" sizes=\"auto, (max-width: 800px) 100vw, 800px\" \/><\/p>\n<p>Algumas caracter\u00edsticas do g\u00eanero <strong><em>Microglanis<\/em><\/strong> est\u00e3o indicadas na figura acima.<\/p>\n<p>Peixes <strong><em>Microglanis<\/em><\/strong> possuem a cabe\u00e7a larga e achatada. Faixa dent\u00edgera do pr\u00e9-maxilar em arco, sem prolongamento na extremidade. Olhos pequenos, latero-dorsais. Nadadeiras dorsal e peitoral com raio indiviso formando espinho seguido de raios ramificados moles. Linha lateral completa, com perfura\u00e7\u00f5es vis\u00edveis apenas na parte anterior do corpo e na cabe\u00e7a (Mees, 1974).<\/p>\n<p>Inclui peixes muito coloridos, com faixas escuras sobre a cabe\u00e7a e linha mediana dorsal, uma faixa clara n\u00edtida na parte posterior da cabe\u00e7a e os tons claros e escuros no corpo alternando com manchas irregulares castanho claras (Sarmento-Soares et al., 2006). <\/p>\n<p><strong><em>Microglanis<\/em><\/strong> abriga bagrinhos que n\u00e3o ultrapassam os 80 mm de comprimento padr\u00e3o (Shibatta, 2003) e habitam os riachos da floresta de tabuleiro. <\/p>\n<p>O g\u00eanero <strong><em>Microglanis<\/em><\/strong> \u00e9 um dos tr\u00eas g\u00eaneros da fam\u00edlia <a href=\"http:\/\/nossacasa.net\/nossosriachos\/tabuleiros\/pseudopimelodidae\/\">Pseudopimelodidae<\/a> representante dos <a href=\"http:\/\/nossacasa.net\/nossosriachos\/tabuleiros\/siluriformes\/\">Siluriformes<\/a> nas regi\u00f5es dos tabuleiros. <\/p>\n<p>Na regi\u00e3o dos tabuleiros da Mata Atl\u00e2ntica encontramos duas esp\u00e9cies do g\u00eanero <strong><em>Microglanis<\/em><\/strong>: <em><a href=\"http:\/\/nossacasa.net\/nossosriachos\/tabuleiros\/microglanis-minutus\/\">Microglanis minutus<\/a><\/em> e <em><a href=\"http:\/\/nossacasa.net\/nossosriachos\/tabuleiros\/microglanis-pataxo\/\">Microglanis pataxo<\/a><\/em><\/p>\n<p><em><a href=\"http:\/\/nossacasa.net\/nossosriachos\/tabuleiros\/microglanis-minutus\/\">Microglanis minutus<\/a><\/em> foi descrita para o rio Barra Seca, no norte do Esp\u00edrito Santo . A distin\u00e7\u00e3o em rela\u00e7\u00e3o a cong\u00eanere <em><a href=\"http:\/\/nossacasa.net\/nossosriachos\/tabuleiros\/microglanis-pataxo\/\">Microglanis pataxo<\/a><\/em>, anteriormente descrita para o extremo sul da Bahia \u00e9 sutil, uma vez que se baseia em detalhes vari\u00e1veis, tanto de colorido como de propor\u00e7\u00f5es corporais, e n\u00e3o se tem seguran\u00e7a quanto a separa\u00e7\u00e3o destas, sendo poss\u00edvel tratar-se de um sin\u00f4nimo junior. <\/p>\n<hr \/>\n<p><strong><a href=\"http:\/\/nossacasa.net\/nossosriachos\/tabuleiros\/chave-de-microglanis\/\">CHAVE DE <em>MICROGLANIS<\/em><\/a><\/strong><\/p>\n<hr \/>\n<\/div>\n","protected":false},"excerpt":{"rendered":"<p>Microglanis Eigenmann, 1912 Algumas caracter\u00edsticas do g\u00eanero Microglanis est\u00e3o indicadas na figura acima. Peixes Microglanis possuem a cabe\u00e7a larga e achatada. Faixa dent\u00edgera do pr\u00e9-maxilar em arco, sem prolongamento na extremidade. Olhos pequenos, latero-dorsais. Nadadeiras dorsal e peitoral com raio &hellip; <a href=\"http:\/\/nossacasa.net\/nossosriachos\/tabuleiros\/microglanis\/\">Continue lendo <span class=\"meta-nav\">&rarr;<\/span><\/a><\/p>\n","protected":false},"author":1,"featured_media":0,"parent":0,"menu_order":0,"comment_status":"closed","ping_status":"closed","template":"","meta":{"footnotes":""},"class_list":["post-1952","page","type-page","status-publish","hentry"],"_links":{"self":[{"href":"http:\/\/nossacasa.net\/nossosriachos\/tabuleiros\/wp-json\/wp\/v2\/pages\/1952","targetHints":{"allow":["GET"]}}],"collection":[{"href":"http:\/\/nossacasa.net\/nossosriachos\/tabuleiros\/wp-json\/wp\/v2\/pages"}],"about":[{"href":"http:\/\/nossacasa.net\/nossosriachos\/tabuleiros\/wp-json\/wp\/v2\/types\/page"}],"author":[{"embeddable":true,"href":"http:\/\/nossacasa.net\/nossosriachos\/tabuleiros\/wp-json\/wp\/v2\/users\/1"}],"replies":[{"embeddable":true,"href":"http:\/\/nossacasa.net\/nossosriachos\/tabuleiros\/wp-json\/wp\/v2\/comments?post=1952"}],"version-history":[{"count":5,"href":"http:\/\/nossacasa.net\/nossosriachos\/tabuleiros\/wp-json\/wp\/v2\/pages\/1952\/revisions"}],"predecessor-version":[{"id":4458,"href":"http:\/\/nossacasa.net\/nossosriachos\/tabuleiros\/wp-json\/wp\/v2\/pages\/1952\/revisions\/4458"}],"wp:attachment":[{"href":"http:\/\/nossacasa.net\/nossosriachos\/tabuleiros\/wp-json\/wp\/v2\/media?parent=1952"}],"curies":[{"name":"wp","href":"https:\/\/api.w.org\/{rel}","templated":true}]}}