{"id":1953,"date":"2019-09-13T08:27:44","date_gmt":"2019-09-13T11:27:44","guid":{"rendered":"http:\/\/nossacasa.net\/nossosriachos\/rios\/?page_id=1953"},"modified":"2019-10-17T11:34:19","modified_gmt":"2019-10-17T14:34:19","slug":"microglanis-minutus","status":"publish","type":"page","link":"http:\/\/nossacasa.net\/nossosriachos\/tabuleiros\/microglanis-minutus\/","title":{"rendered":"Microglanis minutus"},"content":{"rendered":"<div style=\"text-align: justify\">\n<h1><em>Microglanis minutus<\/em> Ottoni, Mattos &amp; Barbosa 2010 <\/h1>\n<p><img loading=\"lazy\" decoding=\"async\" src=\"http:\/\/nossacasa.net\/nossosriachos\/tabuleiros\/wp-content\/uploads\/sites\/13\/2019\/10\/Microglanis-minutus.png\" alt=\"\" width=\"800\" height=\"297\" class=\"aligncenter size-full wp-image-4453\" srcset=\"http:\/\/nossacasa.net\/nossosriachos\/tabuleiros\/wp-content\/uploads\/sites\/13\/2019\/10\/Microglanis-minutus.png 800w, http:\/\/nossacasa.net\/nossosriachos\/tabuleiros\/wp-content\/uploads\/sites\/13\/2019\/10\/Microglanis-minutus-300x111.png 300w, http:\/\/nossacasa.net\/nossosriachos\/tabuleiros\/wp-content\/uploads\/sites\/13\/2019\/10\/Microglanis-minutus-768x285.png 768w, http:\/\/nossacasa.net\/nossosriachos\/tabuleiros\/wp-content\/uploads\/sites\/13\/2019\/10\/Microglanis-minutus-500x186.png 500w\" sizes=\"auto, (max-width: 800px) 100vw, 800px\" \/><\/p>\n<p>Algumas caracter\u00edsticas da esp\u00e9cie <strong><em>Microglanis minutus<\/em><\/strong> est\u00e3o indicadas na figura acima.<\/p>\n<p>Peixes <a href=\"http:\/\/nossacasa.net\/nossosriachos\/tabuleiros\/microglanis\/\">Microglanis<\/a> possuem a cabe\u00e7a larga e achatada. Faixa dent\u00edgera do pr\u00e9-maxilar em arco, sem prolongamento na extremidade. <\/p>\n<p>Os bagrinhos nomeados como <strong><em>Microglanis minutus<\/em><\/strong> foram descritos como tendo uma cabe\u00e7a mais estreita, largura entre 45 a 62% no comprimento da cabe\u00e7a; nadadeira peitoral com extremidade \u00f3ssea, com 16 serrilhas antrorsas recurvadas para fora, pequenas, menores que a largura do espinho no bordo anterior e com 7 serrilhas retrorsas, recurvadas para dentro, no bordo posterior do espinho.  Extremidade distal do espinho pungente. Ped\u00fanculo caudal com mancha irregular (vs. triangular em <a href=\"http:\/\/nossacasa.net\/nossosriachos\/tabuleiros\/microglanis-pataxo\/\"><em>M. pataxo<\/em><\/a>) (Ottoni et al. 2010). <\/p>\n<p>Os pequenos e coloridos <a href=\"http:\/\/nossacasa.net\/nossosriachos\/tabuleiros\/microglanis\/\">Microglanis<\/a> habitam riachos costeiros com \u00e1guas rasas, de com profundidade inferior a dois metros, no m\u00e9dio vale fluvial,  baixada litor\u00e2nea. Esses peixes s\u00e3o encontrados no ter\u00e7o m\u00e9dio dos rios, em correnteza moderada, \u00e1guas claras ou escuras cor de ch\u00e1 mate e leito de cascalho e areia. S\u00e3o peixes demersais e exploram o substrato em busca de pequenos insetos que lhes servem de alimento.<\/p>\n<p><strong><em>Microglanis minutus<\/em><\/strong> foi descrita para o rio Barra Seca, no norte do Esp\u00edrito Santo . A distin\u00e7\u00e3o em rela\u00e7\u00e3o a cong\u00eanere <a href=\"http:\/\/nossacasa.net\/nossosriachos\/tabuleiros\/microglanis-pataxo\/\"><em>Microglanis pataxo<\/em><\/a> anteriormente descrita para o extremo sul da Bahia \u00e9 sutil, uma vez que se baseia em detalhes vari\u00e1veis, tanto de colorido como de propor\u00e7\u00f5es corporais, e n\u00e3o se tem seguran\u00e7a quanto a separa\u00e7\u00e3o destas, sendo poss\u00edvel tratar-se de um sin\u00f4nimo junior. <\/p>\n<p>A esp\u00e9cie <em>Microglanis minutus<\/em> \u00e9 uma das duas representante do g\u00eanero <em><a href=\"http:\/\/nossacasa.net\/nossosriachos\/tabuleiros\/microglanis\/\">Microglanis<\/a><\/em> da fam\u00edlia <a href=\"http:\/\/nossacasa.net\/nossosriachos\/tabuleiros\/pseudopimelodidae\/\">Pseudopimelodidae<\/a> nas regi\u00f5es dos tabuleiros.<\/p>\n<hr \/>\n<\/div>\n","protected":false},"excerpt":{"rendered":"<p>Microglanis minutus Ottoni, Mattos &amp; Barbosa 2010 Algumas caracter\u00edsticas da esp\u00e9cie Microglanis minutus est\u00e3o indicadas na figura acima. Peixes Microglanis possuem a cabe\u00e7a larga e achatada. Faixa dent\u00edgera do pr\u00e9-maxilar em arco, sem prolongamento na extremidade. Os bagrinhos nomeados como &hellip; <a href=\"http:\/\/nossacasa.net\/nossosriachos\/tabuleiros\/microglanis-minutus\/\">Continue lendo <span class=\"meta-nav\">&rarr;<\/span><\/a><\/p>\n","protected":false},"author":1,"featured_media":4453,"parent":0,"menu_order":0,"comment_status":"closed","ping_status":"closed","template":"","meta":{"footnotes":""},"class_list":["post-1953","page","type-page","status-publish","has-post-thumbnail","hentry"],"_links":{"self":[{"href":"http:\/\/nossacasa.net\/nossosriachos\/tabuleiros\/wp-json\/wp\/v2\/pages\/1953","targetHints":{"allow":["GET"]}}],"collection":[{"href":"http:\/\/nossacasa.net\/nossosriachos\/tabuleiros\/wp-json\/wp\/v2\/pages"}],"about":[{"href":"http:\/\/nossacasa.net\/nossosriachos\/tabuleiros\/wp-json\/wp\/v2\/types\/page"}],"author":[{"embeddable":true,"href":"http:\/\/nossacasa.net\/nossosriachos\/tabuleiros\/wp-json\/wp\/v2\/users\/1"}],"replies":[{"embeddable":true,"href":"http:\/\/nossacasa.net\/nossosriachos\/tabuleiros\/wp-json\/wp\/v2\/comments?post=1953"}],"version-history":[{"count":2,"href":"http:\/\/nossacasa.net\/nossosriachos\/tabuleiros\/wp-json\/wp\/v2\/pages\/1953\/revisions"}],"predecessor-version":[{"id":4463,"href":"http:\/\/nossacasa.net\/nossosriachos\/tabuleiros\/wp-json\/wp\/v2\/pages\/1953\/revisions\/4463"}],"wp:featuredmedia":[{"embeddable":true,"href":"http:\/\/nossacasa.net\/nossosriachos\/tabuleiros\/wp-json\/wp\/v2\/media\/4453"}],"wp:attachment":[{"href":"http:\/\/nossacasa.net\/nossosriachos\/tabuleiros\/wp-json\/wp\/v2\/media?parent=1953"}],"curies":[{"name":"wp","href":"https:\/\/api.w.org\/{rel}","templated":true}]}}