{"id":1957,"date":"2019-09-13T08:29:23","date_gmt":"2019-09-13T11:29:23","guid":{"rendered":"http:\/\/nossacasa.net\/nossosriachos\/rios\/?page_id=1957"},"modified":"2019-10-17T11:21:53","modified_gmt":"2019-10-17T14:21:53","slug":"microglanis-pataxo","status":"publish","type":"page","link":"http:\/\/nossacasa.net\/nossosriachos\/tabuleiros\/microglanis-pataxo\/","title":{"rendered":"Microglanis pataxo"},"content":{"rendered":"<div style=\"text-align: justify\">\n<h1><em>Microglanis pataxo<\/em> Sarmento-Soares, Martins-Pinheiro, Aranda &amp; Chamon 2006<\/h1>\n<p><img loading=\"lazy\" decoding=\"async\" src=\"http:\/\/nossacasa.net\/nossosriachos\/tabuleiros\/wp-content\/uploads\/sites\/13\/2019\/10\/Microglanis-pataxo.png\" alt=\"\" width=\"800\" height=\"309\" class=\"aligncenter size-full wp-image-4454\" srcset=\"http:\/\/nossacasa.net\/nossosriachos\/tabuleiros\/wp-content\/uploads\/sites\/13\/2019\/10\/Microglanis-pataxo.png 800w, http:\/\/nossacasa.net\/nossosriachos\/tabuleiros\/wp-content\/uploads\/sites\/13\/2019\/10\/Microglanis-pataxo-300x116.png 300w, http:\/\/nossacasa.net\/nossosriachos\/tabuleiros\/wp-content\/uploads\/sites\/13\/2019\/10\/Microglanis-pataxo-768x297.png 768w, http:\/\/nossacasa.net\/nossosriachos\/tabuleiros\/wp-content\/uploads\/sites\/13\/2019\/10\/Microglanis-pataxo-500x193.png 500w\" sizes=\"auto, (max-width: 800px) 100vw, 800px\" \/><\/p>\n<p><img loading=\"lazy\" decoding=\"async\" src=\"http:\/\/nossacasa.net\/nossosriachos\/tabuleiros\/wp-content\/uploads\/sites\/13\/2019\/10\/Microglanis-pataxo_i.png\" alt=\"\" width=\"800\" height=\"490\" class=\"aligncenter size-full wp-image-4455\" srcset=\"http:\/\/nossacasa.net\/nossosriachos\/tabuleiros\/wp-content\/uploads\/sites\/13\/2019\/10\/Microglanis-pataxo_i.png 800w, http:\/\/nossacasa.net\/nossosriachos\/tabuleiros\/wp-content\/uploads\/sites\/13\/2019\/10\/Microglanis-pataxo_i-300x184.png 300w, http:\/\/nossacasa.net\/nossosriachos\/tabuleiros\/wp-content\/uploads\/sites\/13\/2019\/10\/Microglanis-pataxo_i-768x470.png 768w, http:\/\/nossacasa.net\/nossosriachos\/tabuleiros\/wp-content\/uploads\/sites\/13\/2019\/10\/Microglanis-pataxo_i-490x300.png 490w\" sizes=\"auto, (max-width: 800px) 100vw, 800px\" \/><\/p>\n<p>Algumas caracter\u00edsticas da esp\u00e9cie <strong><em>Microglanis pataxo<\/em><\/strong> est\u00e3o indicadas na figura acima.<\/p>\n<p>Peixes <a href=\"http:\/\/nossacasa.net\/nossosriachos\/tabuleiros\/microglanis\/\">Microglanis<\/a> possuem a cabe\u00e7a larga e achatada. Faixa dent\u00edgera do pr\u00e9-maxilar em arco, sem prolongamento na extremidade. <\/p>\n<p>Os bagrinhos <strong><em>Microglanis pataxo<\/em><\/strong> tem a cabe\u00e7a comparativamente larga, largura entre 68 a 74% no comprimento da cabe\u00e7a; nadadeira peitoral com extremidade \u00f3ssea, com 13 a 16 serrilhas antrorsas recurvadas para fora, pequenas, menores que a largura do espinho no bordo anterior e com 8 a 10 serrilhas retrorsas grandes, maiores que a largura do espinho, no bordo posterior, recurvadas para dentro, na dire\u00e7\u00e3o do corpo.  <\/p>\n<p>Os pequenos e coloridos <a href=\"http:\/\/nossacasa.net\/nossosriachos\/tabuleiros\/microglanis\/\">Microglanis<\/a> habitam riachos costeiros com \u00e1guas rasas, de profundidade entre 1 a 1.5 metro. Esses peixes s\u00e3o encontrados no ter\u00e7o m\u00e9dio dos rios, em correnteza moderada, \u00e1guas claras ou escuras cor de ch\u00e1 mate e leito de cascalho e areia. S\u00e3o peixes demersais e exploram o substrato em busca de larvas e pupas de insetos aqu\u00e1ticos, que lhes servem de alimento.<\/p>\n<p><strong><em>Microglanis pataxo<\/em><\/strong> foi descrita para os rios do extremo sul da Bahia. Quem chamou a aten\u00e7\u00e3o quanto a exist\u00eancia desta esp\u00e9cie foi <strong>Zabell\u00ea<\/strong>, lideran\u00e7a e paj\u00e9 ind\u00edgena da aldeia Patax\u00f3 Tib\u00e1, pr\u00f3ximo a vila de Cumuruxatiba.<\/p>\n<p>A capacidade de observa\u00e7\u00e3o dela quanto aos peixes que vivem no rio do Peixe Grande, um riacho litor\u00e2neo onde fica a aldeia, nos levaram a localizar este pequeno bagrinho e nome\u00e1-lo em justa homenagem ao povo Patax\u00f3. <\/p>\n<p><strong><em>Microglanis pataxo<\/em><\/strong> ocorre no norte do Esp\u00edrito Santo e extremo sul da Bahia. A distin\u00e7\u00e3o em rela\u00e7\u00e3o a cong\u00eanere <a href=\"http:\/\/nossacasa.net\/nossosriachos\/tabuleiros\/microglanis-minutus\/\">Microglanis minutus<\/a> \u00e9 dif\u00edcil, e n\u00e3o se tem seguran\u00e7a quanto a separa\u00e7\u00e3o desta segunda esp\u00e9cie, descrita posteriormente para o rio Barra Seca, no Esp\u00edrito Santo. <\/p>\n<p>A esp\u00e9cie <strong><em>Microglanis pataxo<\/em><\/strong> \u00e9 uma das duas representante do g\u00eanero <em><a href=\"http:\/\/nossacasa.net\/nossosriachos\/tabuleiros\/microglanis\/\">Microglanis<\/a><\/em> da fam\u00edlia <a href=\"http:\/\/nossacasa.net\/nossosriachos\/tabuleiros\/pseudopimelodidae\/\">Pseudopimelodidae<\/a> nas regi\u00f5es dos tabuleiros.<\/p>\n<hr \/>\n<\/div>\n","protected":false},"excerpt":{"rendered":"<p>Microglanis pataxo Sarmento-Soares, Martins-Pinheiro, Aranda &amp; Chamon 2006 Algumas caracter\u00edsticas da esp\u00e9cie Microglanis pataxo est\u00e3o indicadas na figura acima. Peixes Microglanis possuem a cabe\u00e7a larga e achatada. Faixa dent\u00edgera do pr\u00e9-maxilar em arco, sem prolongamento na extremidade. Os bagrinhos Microglanis &hellip; <a href=\"http:\/\/nossacasa.net\/nossosriachos\/tabuleiros\/microglanis-pataxo\/\">Continue lendo <span class=\"meta-nav\">&rarr;<\/span><\/a><\/p>\n","protected":false},"author":1,"featured_media":4454,"parent":0,"menu_order":0,"comment_status":"closed","ping_status":"closed","template":"","meta":{"footnotes":""},"class_list":["post-1957","page","type-page","status-publish","has-post-thumbnail","hentry"],"_links":{"self":[{"href":"http:\/\/nossacasa.net\/nossosriachos\/tabuleiros\/wp-json\/wp\/v2\/pages\/1957","targetHints":{"allow":["GET"]}}],"collection":[{"href":"http:\/\/nossacasa.net\/nossosriachos\/tabuleiros\/wp-json\/wp\/v2\/pages"}],"about":[{"href":"http:\/\/nossacasa.net\/nossosriachos\/tabuleiros\/wp-json\/wp\/v2\/types\/page"}],"author":[{"embeddable":true,"href":"http:\/\/nossacasa.net\/nossosriachos\/tabuleiros\/wp-json\/wp\/v2\/users\/1"}],"replies":[{"embeddable":true,"href":"http:\/\/nossacasa.net\/nossosriachos\/tabuleiros\/wp-json\/wp\/v2\/comments?post=1957"}],"version-history":[{"count":3,"href":"http:\/\/nossacasa.net\/nossosriachos\/tabuleiros\/wp-json\/wp\/v2\/pages\/1957\/revisions"}],"predecessor-version":[{"id":4461,"href":"http:\/\/nossacasa.net\/nossosriachos\/tabuleiros\/wp-json\/wp\/v2\/pages\/1957\/revisions\/4461"}],"wp:featuredmedia":[{"embeddable":true,"href":"http:\/\/nossacasa.net\/nossosriachos\/tabuleiros\/wp-json\/wp\/v2\/media\/4454"}],"wp:attachment":[{"href":"http:\/\/nossacasa.net\/nossosriachos\/tabuleiros\/wp-json\/wp\/v2\/media?parent=1957"}],"curies":[{"name":"wp","href":"https:\/\/api.w.org\/{rel}","templated":true}]}}