{"id":1973,"date":"2019-09-13T09:03:27","date_gmt":"2019-09-13T12:03:27","guid":{"rendered":"http:\/\/nossacasa.net\/nossosriachos\/rios\/?page_id=1973"},"modified":"2019-10-24T10:48:09","modified_gmt":"2019-10-24T13:48:09","slug":"ituglanis-cahyensis","status":"publish","type":"page","link":"http:\/\/nossacasa.net\/nossosriachos\/tabuleiros\/ituglanis-cahyensis\/","title":{"rendered":"Ituglanis cahyensis"},"content":{"rendered":"<div style=\"text-align: justify\">\n<h1><em>Ituglanis cahyensis<\/em> Sarmento-Soares, Martins-Pinheiro, Aranda &amp; Chamon 2006<\/h1>\n<p><img loading=\"lazy\" decoding=\"async\" src=\"http:\/\/nossacasa.net\/nossosriachos\/tabuleiros\/wp-content\/uploads\/sites\/13\/2019\/10\/Ituglanis-cahyensis.png\" alt=\"\" width=\"800\" height=\"295\" class=\"aligncenter size-full wp-image-4468\" srcset=\"http:\/\/nossacasa.net\/nossosriachos\/tabuleiros\/wp-content\/uploads\/sites\/13\/2019\/10\/Ituglanis-cahyensis.png 800w, http:\/\/nossacasa.net\/nossosriachos\/tabuleiros\/wp-content\/uploads\/sites\/13\/2019\/10\/Ituglanis-cahyensis-300x111.png 300w, http:\/\/nossacasa.net\/nossosriachos\/tabuleiros\/wp-content\/uploads\/sites\/13\/2019\/10\/Ituglanis-cahyensis-768x283.png 768w, http:\/\/nossacasa.net\/nossosriachos\/tabuleiros\/wp-content\/uploads\/sites\/13\/2019\/10\/Ituglanis-cahyensis-500x184.png 500w\" sizes=\"auto, (max-width: 800px) 100vw, 800px\" \/><\/p>\n<p><img loading=\"lazy\" decoding=\"async\" src=\"http:\/\/nossacasa.net\/nossosriachos\/tabuleiros\/wp-content\/uploads\/sites\/13\/2019\/10\/Ituglanis-cahyensis_i.png\" alt=\"\" width=\"800\" height=\"510\" class=\"aligncenter size-full wp-image-4469\" srcset=\"http:\/\/nossacasa.net\/nossosriachos\/tabuleiros\/wp-content\/uploads\/sites\/13\/2019\/10\/Ituglanis-cahyensis_i.png 800w, http:\/\/nossacasa.net\/nossosriachos\/tabuleiros\/wp-content\/uploads\/sites\/13\/2019\/10\/Ituglanis-cahyensis_i-300x191.png 300w, http:\/\/nossacasa.net\/nossosriachos\/tabuleiros\/wp-content\/uploads\/sites\/13\/2019\/10\/Ituglanis-cahyensis_i-768x490.png 768w, http:\/\/nossacasa.net\/nossosriachos\/tabuleiros\/wp-content\/uploads\/sites\/13\/2019\/10\/Ituglanis-cahyensis_i-471x300.png 471w\" sizes=\"auto, (max-width: 800px) 100vw, 800px\" \/><\/p>\n<p>Algumas caracter\u00edsticas da esp\u00e9cie <strong><em>Ituglanis cahyensis<\/em><\/strong> est\u00e3o indicadas na figura acima.<\/p>\n<p><strong><em>Ituglanis cahyensis<\/em><\/strong> inclui peixes com uma nadadeira dorsal, deslocada posteriormente, na vertical da nadadeira anal, o que facilmente os distingue de juvenis de <a href=\"http:\/\/nossacasa.net\/nossosriachos\/tabuleiros\/trichomycterus\/\"><em>Trichomycterus<\/em><\/a>, peixes que podem ocorrer no mesmo bi\u00f3topo que <strong><em>Ituglanis cahyensis<\/em><\/strong> mas que possuem a nadadeira dorsal a frente da posi\u00e7\u00e3o da nadadeira anal. A cabe\u00e7a curvada para baixo (vs. reta em <a href=\"http:\/\/nossacasa.net\/nossosriachos\/tabuleiros\/trichomycterus\/\"><em>Trichomycterus<\/em><\/a>) tamb\u00e9m visualmente ajuda a separar esses peixes.<br \/>\n<strong><em>Ituglanis cahyensis<\/em><\/strong> possui 4 raios ramificados nas nadadeiras peitorais. P\u00e9lvicas com 3 raios ramificados. Distingue-se ainda quanto a propor\u00e7\u00f5es corporais, como os barbilh\u00f5es nasal, maxilar e rictal alongados, em m\u00e9dia 14 a 15% no comprimento padr\u00e3o; e o pequeno di\u00e2metro ocular, 7 a 8 % no comprimento da cabe\u00e7a. S\u00e3o peixes pequenos, que n\u00e3o ultrapassam os 50 mm de comprimento padr\u00e3o, e s\u00e3o habitantes de riachos de correnteza moderada e fundo arenoso ou com pedrinhas.<\/p>\n<p><strong><em>Ituglanis cahyensis<\/em><\/strong> ocorre nas drenagens costeiras do norte do Esp\u00edrito Santo, onde ainda h\u00e1 popula\u00e7\u00f5es viventes na bacia do rio Ita\u00fanas. No extremo sul da Bahia se encontram popula\u00e7\u00f5es bem estabelecidas, especialmente nas vilas de Cumuruxatiba e Trancoso, lugares que representam o\u00e1sis para a prote\u00e7\u00e3o da vida aqu\u00e1tica. Os registros da esp\u00e9cie atualmente se estendem do rio Ita\u00fanas at\u00e9 o rio Buranh\u00e9m. <\/p>\n<p>No passado <strong><em>Ituglanis cahyensis<\/em><\/strong> possivelmente habitava toda a plan\u00edcie costeira do norte do Esp\u00edrito Santo, pois h\u00e1 registros hist\u00f3ricos tanto para o rio Ita\u00fanas, como para a drenagem do rio S\u00e3o Jos\u00e9, bacia do rio Doce. No vale do Rio Doce, apesar dos esfor\u00e7os empreendidos, essa esp\u00e9cie n\u00e3o foi mais encontrada. Os baixos vales do rio Doce e rio S\u00e3o Mateus encontram-se amplamente desflorestados, e as esp\u00e9cies de peixes de riacho que ali habitavam possivelmente desapareceram.<\/p>\n<p><strong><em>Ituglanis cahyensis<\/em><\/strong> est\u00e1 amea\u00e7ada de extin\u00e7\u00e3o, categorizada como Em Perigo- EN, na lista nacional (MMA, 2018) e em lista estadual (BA). <\/p>\n<p>A esp\u00e9cie <strong><em>Ituglanis cahyensis<\/em><\/strong> \u00e9 a \u00fanica representante do g\u00eanero <em><a href=\"http:\/\/nossacasa.net\/nossosriachos\/tabuleiros\/ituglanis\/\">Ituglanis<\/a><\/em> da fam\u00edlia <a href=\"http:\/\/nossacasa.net\/nossosriachos\/tabuleiros\/trichomycteridae\/\">Trichomycteridae<\/a> nas regi\u00f5es dos tabuleiros.<\/p>\n<hr \/>\n<\/div>\n","protected":false},"excerpt":{"rendered":"<p>Ituglanis cahyensis Sarmento-Soares, Martins-Pinheiro, Aranda &amp; Chamon 2006 Algumas caracter\u00edsticas da esp\u00e9cie Ituglanis cahyensis est\u00e3o indicadas na figura acima. Ituglanis cahyensis inclui peixes com uma nadadeira dorsal, deslocada posteriormente, na vertical da nadadeira anal, o que facilmente os distingue de &hellip; <a href=\"http:\/\/nossacasa.net\/nossosriachos\/tabuleiros\/ituglanis-cahyensis\/\">Continue lendo <span class=\"meta-nav\">&rarr;<\/span><\/a><\/p>\n","protected":false},"author":1,"featured_media":4468,"parent":0,"menu_order":0,"comment_status":"closed","ping_status":"closed","template":"","meta":{"footnotes":""},"class_list":["post-1973","page","type-page","status-publish","has-post-thumbnail","hentry"],"_links":{"self":[{"href":"http:\/\/nossacasa.net\/nossosriachos\/tabuleiros\/wp-json\/wp\/v2\/pages\/1973","targetHints":{"allow":["GET"]}}],"collection":[{"href":"http:\/\/nossacasa.net\/nossosriachos\/tabuleiros\/wp-json\/wp\/v2\/pages"}],"about":[{"href":"http:\/\/nossacasa.net\/nossosriachos\/tabuleiros\/wp-json\/wp\/v2\/types\/page"}],"author":[{"embeddable":true,"href":"http:\/\/nossacasa.net\/nossosriachos\/tabuleiros\/wp-json\/wp\/v2\/users\/1"}],"replies":[{"embeddable":true,"href":"http:\/\/nossacasa.net\/nossosriachos\/tabuleiros\/wp-json\/wp\/v2\/comments?post=1973"}],"version-history":[{"count":2,"href":"http:\/\/nossacasa.net\/nossosriachos\/tabuleiros\/wp-json\/wp\/v2\/pages\/1973\/revisions"}],"predecessor-version":[{"id":4472,"href":"http:\/\/nossacasa.net\/nossosriachos\/tabuleiros\/wp-json\/wp\/v2\/pages\/1973\/revisions\/4472"}],"wp:featuredmedia":[{"embeddable":true,"href":"http:\/\/nossacasa.net\/nossosriachos\/tabuleiros\/wp-json\/wp\/v2\/media\/4468"}],"wp:attachment":[{"href":"http:\/\/nossacasa.net\/nossosriachos\/tabuleiros\/wp-json\/wp\/v2\/media?parent=1973"}],"curies":[{"name":"wp","href":"https:\/\/api.w.org\/{rel}","templated":true}]}}