{"id":1974,"date":"2019-09-13T09:01:47","date_gmt":"2019-09-13T12:01:47","guid":{"rendered":"http:\/\/nossacasa.net\/nossosriachos\/rios\/?page_id=1974"},"modified":"2019-10-24T10:43:27","modified_gmt":"2019-10-24T13:43:27","slug":"ituglanis","status":"publish","type":"page","link":"http:\/\/nossacasa.net\/nossosriachos\/tabuleiros\/ituglanis\/","title":{"rendered":"Ituglanis"},"content":{"rendered":"<div style=\"text-align: justify\">\n<h1>Os <em>Ituglanis<\/em> Costa and Bockmann, 1993 <\/h1>\n<p><img loading=\"lazy\" decoding=\"async\" src=\"http:\/\/nossacasa.net\/nossosriachos\/tabuleiros\/wp-content\/uploads\/sites\/13\/2019\/10\/Ituglanis.png\" alt=\"\" width=\"800\" height=\"290\" class=\"aligncenter size-full wp-image-4467\" srcset=\"http:\/\/nossacasa.net\/nossosriachos\/tabuleiros\/wp-content\/uploads\/sites\/13\/2019\/10\/Ituglanis.png 800w, http:\/\/nossacasa.net\/nossosriachos\/tabuleiros\/wp-content\/uploads\/sites\/13\/2019\/10\/Ituglanis-300x109.png 300w, http:\/\/nossacasa.net\/nossosriachos\/tabuleiros\/wp-content\/uploads\/sites\/13\/2019\/10\/Ituglanis-768x278.png 768w, http:\/\/nossacasa.net\/nossosriachos\/tabuleiros\/wp-content\/uploads\/sites\/13\/2019\/10\/Ituglanis-500x181.png 500w\" sizes=\"auto, (max-width: 800px) 100vw, 800px\" \/><\/p>\n<p>Algumas caracter\u00edsticas do g\u00eanero <strong><em>Ituglanis<\/em><\/strong> est\u00e3o indicadas na figura acima.<\/p>\n<p>O g\u00eanero <strong><em>Ituglanis<\/em><\/strong> foi descrito com base em um conjunto de caracteres osteol\u00f3gicos vis\u00edveis apenas em prepara\u00e7\u00f5es de esqueleto. Uma fontanela craniana posterior reduzida a uma pequena abertura arredondada, limitada ao parieto-supraoccipital, \u00e9 uma dessas caracter\u00edsticas. <\/p>\n<p>Externamente, peixes <strong><em>Ituglanis<\/em><\/strong> podem ser reconhecidos pela posi\u00e7\u00e3o da nadadeira dorsal, deslocada posteriormente, na vertical da nadadeira anal. Nadadeira p\u00e9lvica reduzida, com apenas 3 raios ramificados. <\/p>\n<p>S\u00e3o peixes pequenos, que n\u00e3o ultrapassam os 50 mm de comprimento padr\u00e3o, e as esp\u00e9cies na Mata Atl\u00e2ntica s\u00e3o habitantes de riachos da baixada litor\u00e2nea.<\/p>\n<p>O g\u00eanero <strong><em>Ituglanis<\/em><\/strong> \u00e9 um dos tr\u00eas g\u00eaneros da fam\u00edlia <a href=\"http:\/\/nossacasa.net\/nossosriachos\/tabuleiros\/trichomycteridae\/\">Trichomycteridae<\/a> representante dos <a href=\"http:\/\/nossacasa.net\/nossosriachos\/tabuleiros\/siluriformes\/\">Siluriformes<\/a> nas regi\u00f5es dos tabuleiros. <\/p>\n<p>Na regi\u00e3o dos tabuleiros da Mata Atl\u00e2ntica encontramos uma \u00fanica esp\u00e9cie do g\u00eanero <strong><em>Ituglanis<\/em><\/strong>: <em><a href=\"http:\/\/nossacasa.net\/nossosriachos\/tabuleiros\/ituglanis-cahyensis\/\">Ituglanis cahyensis<\/a><\/em><\/p>\n<hr \/>\n<\/div>\n","protected":false},"excerpt":{"rendered":"<p>Os Ituglanis Costa and Bockmann, 1993 Algumas caracter\u00edsticas do g\u00eanero Ituglanis est\u00e3o indicadas na figura acima. O g\u00eanero Ituglanis foi descrito com base em um conjunto de caracteres osteol\u00f3gicos vis\u00edveis apenas em prepara\u00e7\u00f5es de esqueleto. Uma fontanela craniana posterior reduzida &hellip; <a href=\"http:\/\/nossacasa.net\/nossosriachos\/tabuleiros\/ituglanis\/\">Continue lendo <span class=\"meta-nav\">&rarr;<\/span><\/a><\/p>\n","protected":false},"author":1,"featured_media":0,"parent":0,"menu_order":0,"comment_status":"closed","ping_status":"closed","template":"","meta":{"footnotes":""},"class_list":["post-1974","page","type-page","status-publish","hentry"],"_links":{"self":[{"href":"http:\/\/nossacasa.net\/nossosriachos\/tabuleiros\/wp-json\/wp\/v2\/pages\/1974","targetHints":{"allow":["GET"]}}],"collection":[{"href":"http:\/\/nossacasa.net\/nossosriachos\/tabuleiros\/wp-json\/wp\/v2\/pages"}],"about":[{"href":"http:\/\/nossacasa.net\/nossosriachos\/tabuleiros\/wp-json\/wp\/v2\/types\/page"}],"author":[{"embeddable":true,"href":"http:\/\/nossacasa.net\/nossosriachos\/tabuleiros\/wp-json\/wp\/v2\/users\/1"}],"replies":[{"embeddable":true,"href":"http:\/\/nossacasa.net\/nossosriachos\/tabuleiros\/wp-json\/wp\/v2\/comments?post=1974"}],"version-history":[{"count":3,"href":"http:\/\/nossacasa.net\/nossosriachos\/tabuleiros\/wp-json\/wp\/v2\/pages\/1974\/revisions"}],"predecessor-version":[{"id":4470,"href":"http:\/\/nossacasa.net\/nossosriachos\/tabuleiros\/wp-json\/wp\/v2\/pages\/1974\/revisions\/4470"}],"wp:attachment":[{"href":"http:\/\/nossacasa.net\/nossosriachos\/tabuleiros\/wp-json\/wp\/v2\/media?parent=1974"}],"curies":[{"name":"wp","href":"https:\/\/api.w.org\/{rel}","templated":true}]}}