{"id":1979,"date":"2019-09-13T09:06:31","date_gmt":"2019-09-13T12:06:31","guid":{"rendered":"http:\/\/nossacasa.net\/nossosriachos\/rios\/?page_id=1979"},"modified":"2019-10-24T11:06:38","modified_gmt":"2019-10-24T14:06:38","slug":"microcambeva-draco","status":"publish","type":"page","link":"http:\/\/nossacasa.net\/nossosriachos\/tabuleiros\/microcambeva-draco\/","title":{"rendered":"Microcambeva draco"},"content":{"rendered":"<div style=\"text-align: justify\">\n<h1><em>Microcambeva draco<\/em> Mattos &amp; Lima 2010<\/h1>\n<div id=\"attachment_4477\" style=\"width: 810px\" class=\"wp-caption aligncenter\"><img loading=\"lazy\" decoding=\"async\" aria-describedby=\"caption-attachment-4477\" src=\"http:\/\/nossacasa.net\/nossosriachos\/tabuleiros\/wp-content\/uploads\/sites\/13\/2019\/10\/Microcambeva-draco.png\" alt=\"\" width=\"800\" height=\"155\" class=\"size-full wp-image-4477\" srcset=\"http:\/\/nossacasa.net\/nossosriachos\/tabuleiros\/wp-content\/uploads\/sites\/13\/2019\/10\/Microcambeva-draco.png 800w, http:\/\/nossacasa.net\/nossosriachos\/tabuleiros\/wp-content\/uploads\/sites\/13\/2019\/10\/Microcambeva-draco-300x58.png 300w, http:\/\/nossacasa.net\/nossosriachos\/tabuleiros\/wp-content\/uploads\/sites\/13\/2019\/10\/Microcambeva-draco-768x149.png 768w, http:\/\/nossacasa.net\/nossosriachos\/tabuleiros\/wp-content\/uploads\/sites\/13\/2019\/10\/Microcambeva-draco-500x97.png 500w\" sizes=\"auto, (max-width: 800px) 100vw, 800px\" \/><p id=\"caption-attachment-4477\" class=\"wp-caption-text\">Foto: T. C. Pessali &#8211; A imagem \u00e9 ilustrativa e se refere a um exemplar colecionado no rio Doce, uma vez que n\u00e3o h\u00e1 fotos dispon\u00edveis destes peixes no rio Jucuru\u00e7u, localidade tipo da esp\u00e9cie<\/p><\/div>\n<p>Algumas caracter\u00edsticas da esp\u00e9cie <strong><em>Microcambeva draco<\/em><\/strong> est\u00e3o indicadas na figura acima.<\/p>\n<p>Peixes <strong><em>Microcambeva draco<\/em><\/strong> possuem barbilh\u00e3o nasal curto, alcan\u00e7ando a margem anterior da narina posterior. Apresentam 6 raios ramificados na nadadeira dorsal. Apresentam a nadadeira peitoral com seis raios ramificados. Bordo do op\u00e9rculo com 7 a 9 odont\u00f3ides operculares;  6 a 7 odont\u00f3ides interoperculares. As diferen\u00e7as entre as duas esp\u00e9cies no extremo sul da Bahia s\u00e3o sutis, e podem refletir  varia\u00e7\u00f5es cont\u00ednuas dentro de uma \u00fanica esp\u00e9cie de ampla distribui\u00e7\u00e3o. O isolamento geogr\u00e1fico entre as distintas popula\u00e7\u00f5es de <a href=\"http:\/\/nossacasa.net\/nossosriachos\/tabuleiros\/microcambeva\/\"><em>Microcambeva<\/em><\/a> j\u00e1 encontradas nos rios do tabuleiro necessita maiores estudos investigativos. <\/p>\n<p>\u00danicos peixes <a href=\"http:\/\/nossacasa.net\/nossosriachos\/tabuleiros\/trichomycteridae\/\">Trichomycteridae<\/a> na Mata Atl\u00e2ntica de tabuleiros a possuir a nadadeira caudal levemente furcada. <\/p>\n<p><strong><em>Microcambeva draco<\/em><\/strong> inclui pequenos peixes, n\u00e3o ultrapassando 25 mm de comprimento padr\u00e3o, com pouca pigmenta\u00e7\u00e3o e vivendo em associa\u00e7\u00e3o a ambientes arenosos do leito fluvial. O corpo transparente, pouco pigmentado, permite a esses peixes se ocultarem, entre os gr\u00e3os de areia.  Ocupam um bi\u00f3topo muito peculiar, os interst\u00edcios entre os gr\u00e3os de areia. A retirada de areia para fins de constru\u00e7\u00e3o \u00e9 um severo impacto sobre as popula\u00e7\u00f5es naturais desses peixes.<\/p>\n<p>A vegeta\u00e7\u00e3o rip\u00e1ria no alto e m\u00e9dio vale do Jucuru\u00e7u, onde essa esp\u00e9cie \u00e9 encontrada, foi largamente suprimida (Sarmento-Soares et al., 2009). A localidade tipo, nas cercanias de Itamaraju, corresponde a uma \u00e1rea de floresta secund\u00e1ria esparsa, com vales ocupados por pasto de gado e fazendas agr\u00edcolas.  Muitos trechos encontram-se assoreados, e tornaram-se rasos, com intensa insola\u00e7\u00e3o. Os impactos do desflorestamento sobre as popula\u00e7\u00f5es naturais de <a href=\"http:\/\/nossacasa.net\/nossosriachos\/tabuleiros\/microcambeva\/\"><em>Microcambeva<\/em><\/a> necessitam estudos adicionais.<\/p>\n<p>A esp\u00e9cie <strong><em>Microcambeva draco<\/em><\/strong> \u00e9 uma das duas representante do g\u00eanero <em><a href=\"http:\/\/nossacasa.net\/nossosriachos\/tabuleiros\/microcambeva\/\">Microcambeva<\/a><\/em> da fam\u00edlia <a href=\"http:\/\/nossacasa.net\/nossosriachos\/tabuleiros\/trichomycteridae\/\">Trichomycteridae<\/a> nas regi\u00f5es dos tabuleiros.<\/p>\n<hr \/>\n<\/div>\n","protected":false},"excerpt":{"rendered":"<p>Microcambeva draco Mattos &amp; Lima 2010 Algumas caracter\u00edsticas da esp\u00e9cie Microcambeva draco est\u00e3o indicadas na figura acima. Peixes Microcambeva draco possuem barbilh\u00e3o nasal curto, alcan\u00e7ando a margem anterior da narina posterior. Apresentam 6 raios ramificados na nadadeira dorsal. Apresentam a &hellip; <a href=\"http:\/\/nossacasa.net\/nossosriachos\/tabuleiros\/microcambeva-draco\/\">Continue lendo <span class=\"meta-nav\">&rarr;<\/span><\/a><\/p>\n","protected":false},"author":1,"featured_media":4477,"parent":0,"menu_order":0,"comment_status":"closed","ping_status":"closed","template":"","meta":{"footnotes":""},"class_list":["post-1979","page","type-page","status-publish","has-post-thumbnail","hentry"],"_links":{"self":[{"href":"http:\/\/nossacasa.net\/nossosriachos\/tabuleiros\/wp-json\/wp\/v2\/pages\/1979","targetHints":{"allow":["GET"]}}],"collection":[{"href":"http:\/\/nossacasa.net\/nossosriachos\/tabuleiros\/wp-json\/wp\/v2\/pages"}],"about":[{"href":"http:\/\/nossacasa.net\/nossosriachos\/tabuleiros\/wp-json\/wp\/v2\/types\/page"}],"author":[{"embeddable":true,"href":"http:\/\/nossacasa.net\/nossosriachos\/tabuleiros\/wp-json\/wp\/v2\/users\/1"}],"replies":[{"embeddable":true,"href":"http:\/\/nossacasa.net\/nossosriachos\/tabuleiros\/wp-json\/wp\/v2\/comments?post=1979"}],"version-history":[{"count":3,"href":"http:\/\/nossacasa.net\/nossosriachos\/tabuleiros\/wp-json\/wp\/v2\/pages\/1979\/revisions"}],"predecessor-version":[{"id":4487,"href":"http:\/\/nossacasa.net\/nossosriachos\/tabuleiros\/wp-json\/wp\/v2\/pages\/1979\/revisions\/4487"}],"wp:featuredmedia":[{"embeddable":true,"href":"http:\/\/nossacasa.net\/nossosriachos\/tabuleiros\/wp-json\/wp\/v2\/media\/4477"}],"wp:attachment":[{"href":"http:\/\/nossacasa.net\/nossosriachos\/tabuleiros\/wp-json\/wp\/v2\/media?parent=1979"}],"curies":[{"name":"wp","href":"https:\/\/api.w.org\/{rel}","templated":true}]}}