{"id":1983,"date":"2019-09-13T09:08:05","date_gmt":"2019-09-13T12:08:05","guid":{"rendered":"http:\/\/nossacasa.net\/nossosriachos\/rios\/?page_id=1983"},"modified":"2019-10-24T11:39:18","modified_gmt":"2019-10-24T14:39:18","slug":"trichomycterus","status":"publish","type":"page","link":"http:\/\/nossacasa.net\/nossosriachos\/tabuleiros\/trichomycterus\/","title":{"rendered":"Trichomycterus"},"content":{"rendered":"<div style=\"text-align: justify\">\n<h1>Os <em>Trichomycterus<\/em> Valenciennes, 1832<\/h1>\n<p><img loading=\"lazy\" decoding=\"async\" src=\"http:\/\/nossacasa.net\/nossosriachos\/tabuleiros\/wp-content\/uploads\/sites\/13\/2019\/10\/Trichomycterus.png\" alt=\"\" width=\"800\" height=\"208\" class=\"aligncenter size-full wp-image-4501\" srcset=\"http:\/\/nossacasa.net\/nossosriachos\/tabuleiros\/wp-content\/uploads\/sites\/13\/2019\/10\/Trichomycterus.png 800w, http:\/\/nossacasa.net\/nossosriachos\/tabuleiros\/wp-content\/uploads\/sites\/13\/2019\/10\/Trichomycterus-300x78.png 300w, http:\/\/nossacasa.net\/nossosriachos\/tabuleiros\/wp-content\/uploads\/sites\/13\/2019\/10\/Trichomycterus-768x200.png 768w, http:\/\/nossacasa.net\/nossosriachos\/tabuleiros\/wp-content\/uploads\/sites\/13\/2019\/10\/Trichomycterus-500x130.png 500w\" sizes=\"auto, (max-width: 800px) 100vw, 800px\" \/><\/p>\n<p>Algumas caracter\u00edsticas do g\u00eanero <strong><em>Trichomycterus<\/em><\/strong> est\u00e3o indicadas na figura acima.<\/p>\n<p><strong><em>Trichomycterus<\/em><\/strong> corresponde ao mais especioso g\u00eanero de bagres neotropicais com mais de 160 esp\u00e9cies v\u00e1lidas (Froese et al., 2019). Por sua ampla diversidade, existem muitas varia\u00e7\u00f5es e caracterizar morfologicamente o g\u00eanero n\u00e3o \u00e9 tarefa f\u00e1cil. Evid\u00eancias moleculares indicam que os <strong><em>Trichomycterus<\/em><\/strong> da  Mata Atl\u00e2ntica formam um grupo natural, e compartilham um ancestral comum (Volpi, 2017). <\/p>\n<p>Ainda que as esp\u00e9cies em <strong><em>Trichomycterus<\/em><\/strong> n\u00e3o representem um grupo monofil\u00e9tico, estas podem ser reconhecidas por uma combina\u00e7\u00e3o de caracteres como a presen\u00e7a de barbilh\u00f5es nasais, junto \u00e0 narina anterior, barbilh\u00f5es rictais, junto ao canto da boca, aus\u00eancia de espinhos nas nadadeiras, e placas de odont\u00f3ides sobre o op\u00e9rculo e interop\u00e9rculo (De Pinna &#038; Wosiacki, 2003). <\/p>\n<p>Algumas caracter\u00edsticas de morfologia externa permitem reconhecer os <strong><em>Trichomycterus<\/em><\/strong> da Mata Atl\u00e2ntica, como a posi\u00e7\u00e3o da nadadeira dorsal a frente da vertical da nadadeira anal. A nadadeira p\u00e9lvica com 4 raios ramificados. Nadadeira caudal truncada ou emarginada. Contagem na placa interopercular ultrapassa 10 odont\u00f3ides. <\/p>\n<p>Apesar de <strong><em>Trichomycterus<\/em><\/strong> ser facilmente distinguido dos demais <a href=\"http:\/\/nossacasa.net\/nossosriachos\/tabuleiros\/siluriformes\/\">Siluriformes<\/a> que habitam os rios da Mata Atl\u00e2ntica, a distin\u00e7\u00e3o entre as esp\u00e9cies \u00e9 dificultada e confusa. O colorido foi tomado como base para a descri\u00e7\u00e3o de muitas esp\u00e9cies, mas h\u00e1 varia\u00e7\u00e3o de cor conforme o substrato e possivelmente muitos dos nomes dispon\u00edveis para esp\u00e9cies na Mata Atl\u00e2ntica podem ser sin\u00f4nimos, necessitando revis\u00e3o (Volpi, 2017; Reis &#038; de Pinna, 2019). <\/p>\n<p>O g\u00eanero <strong><em>Trichomycterus<\/em><\/strong> \u00e9 um dos tr\u00eas g\u00eaneros da fam\u00edlia <a href=\"http:\/\/nossacasa.net\/nossosriachos\/tabuleiros\/trichomycteridae\/\">Trichomycteridae<\/a> representante dos <a href=\"http:\/\/nossacasa.net\/nossosriachos\/tabuleiros\/siluriformes\/\">Siluriformes<\/a> nas regi\u00f5es dos tabuleiros. <\/p>\n<p>Na regi\u00e3o dos tabuleiros da Mata Atl\u00e2ntica encontramos uma \u00fanica esp\u00e9cie do g\u00eanero <strong><em>Trichomycterus<\/em><\/strong>: <em><a href=\"http:\/\/nossacasa.net\/nossosriachos\/tabuleiros\/trichomycterus-alternatus\/\">Trichomycterus alternatus<\/a><\/em>, <em><a href=\"http:\/\/nossacasa.net\/nossosriachos\/tabuleiros\/trichomycterus-jequitinhonhae\/\">Trichomycterus jequitinhonhae<\/a><\/em> e <em><a href=\"http:\/\/nossacasa.net\/nossosriachos\/tabuleiros\/trichomycterus-pradensis\/\">Trichomycterus pradensis<\/a><\/em>.<\/p>\n<hr \/>\n<p><strong><a href=\"http:\/\/nossacasa.net\/nossosriachos\/tabuleiros\/chave-de-trichomycterus\/\">CHAVE DE <em>TRICHOMYCTERUS<\/em><\/a><\/strong><\/p>\n<hr \/>\n<\/div>\n","protected":false},"excerpt":{"rendered":"<p>Os Trichomycterus Valenciennes, 1832 Algumas caracter\u00edsticas do g\u00eanero Trichomycterus est\u00e3o indicadas na figura acima. Trichomycterus corresponde ao mais especioso g\u00eanero de bagres neotropicais com mais de 160 esp\u00e9cies v\u00e1lidas (Froese et al., 2019). Por sua ampla diversidade, existem muitas varia\u00e7\u00f5es &hellip; <a href=\"http:\/\/nossacasa.net\/nossosriachos\/tabuleiros\/trichomycterus\/\">Continue lendo <span class=\"meta-nav\">&rarr;<\/span><\/a><\/p>\n","protected":false},"author":1,"featured_media":0,"parent":0,"menu_order":0,"comment_status":"closed","ping_status":"closed","template":"","meta":{"footnotes":""},"class_list":["post-1983","page","type-page","status-publish","hentry"],"_links":{"self":[{"href":"http:\/\/nossacasa.net\/nossosriachos\/tabuleiros\/wp-json\/wp\/v2\/pages\/1983","targetHints":{"allow":["GET"]}}],"collection":[{"href":"http:\/\/nossacasa.net\/nossosriachos\/tabuleiros\/wp-json\/wp\/v2\/pages"}],"about":[{"href":"http:\/\/nossacasa.net\/nossosriachos\/tabuleiros\/wp-json\/wp\/v2\/types\/page"}],"author":[{"embeddable":true,"href":"http:\/\/nossacasa.net\/nossosriachos\/tabuleiros\/wp-json\/wp\/v2\/users\/1"}],"replies":[{"embeddable":true,"href":"http:\/\/nossacasa.net\/nossosriachos\/tabuleiros\/wp-json\/wp\/v2\/comments?post=1983"}],"version-history":[{"count":4,"href":"http:\/\/nossacasa.net\/nossosriachos\/tabuleiros\/wp-json\/wp\/v2\/pages\/1983\/revisions"}],"predecessor-version":[{"id":4511,"href":"http:\/\/nossacasa.net\/nossosriachos\/tabuleiros\/wp-json\/wp\/v2\/pages\/1983\/revisions\/4511"}],"wp:attachment":[{"href":"http:\/\/nossacasa.net\/nossosriachos\/tabuleiros\/wp-json\/wp\/v2\/media?parent=1983"}],"curies":[{"name":"wp","href":"https:\/\/api.w.org\/{rel}","templated":true}]}}