{"id":1984,"date":"2019-09-13T09:09:37","date_gmt":"2019-09-13T12:09:37","guid":{"rendered":"http:\/\/nossacasa.net\/nossosriachos\/rios\/?page_id=1984"},"modified":"2019-10-24T21:56:48","modified_gmt":"2019-10-25T00:56:48","slug":"trichomycterus-alternatus","status":"publish","type":"page","link":"http:\/\/nossacasa.net\/nossosriachos\/tabuleiros\/trichomycterus-alternatus\/","title":{"rendered":"Trichomycterus alternatus"},"content":{"rendered":"<div style=\"text-align: justify\">\n<h1><em>Trichomycterus alternatus<\/em> (Eigenmann, 1917)<\/h1>\n<p><img loading=\"lazy\" decoding=\"async\" src=\"http:\/\/nossacasa.net\/nossosriachos\/tabuleiros\/wp-content\/uploads\/sites\/13\/2019\/10\/Trichomycterus-alternatus.png\" alt=\"\" width=\"800\" height=\"189\" class=\"aligncenter size-full wp-image-4507\" srcset=\"http:\/\/nossacasa.net\/nossosriachos\/tabuleiros\/wp-content\/uploads\/sites\/13\/2019\/10\/Trichomycterus-alternatus.png 800w, http:\/\/nossacasa.net\/nossosriachos\/tabuleiros\/wp-content\/uploads\/sites\/13\/2019\/10\/Trichomycterus-alternatus-300x71.png 300w, http:\/\/nossacasa.net\/nossosriachos\/tabuleiros\/wp-content\/uploads\/sites\/13\/2019\/10\/Trichomycterus-alternatus-768x181.png 768w, http:\/\/nossacasa.net\/nossosriachos\/tabuleiros\/wp-content\/uploads\/sites\/13\/2019\/10\/Trichomycterus-alternatus-500x118.png 500w\" sizes=\"auto, (max-width: 800px) 100vw, 800px\" \/><\/p>\n<p>Algumas caracter\u00edsticas da esp\u00e9cie <strong><em>Trichomycterus alternatus<\/em><\/strong> est\u00e3o indicadas na figura acima.<\/p>\n<p>Olhos moderados, 16- 22% (m\u00e9dia 19%) no comprimento da cabe\u00e7a; Poros cef\u00e1licos S6 assim\u00e9tricos, separados, pr\u00f3ximos entre si ou mesmo uma \u00fanica abertura \u00edmpar, um poro vis\u00edvel no topo da cabe\u00e7a na altura dos olhos. Placa opercular com 15 a 23 odont\u00f3ides. Odont\u00f3ides interoperculares 23 a 40. Nadadeira peitoral com 7 raios ramificados (Reis &#038; de Pinna., 2019). Filamento peitoral proporcionalmente curto, menos de 20% no comprimento da peitoral. Ped\u00fanculo caudal baixo, 8,5 a 10% (em m\u00e9dia 9%) no comprimento padr\u00e3o.<\/p>\n<p><strong><em>Trichomycterus alternatus<\/em><\/strong> foi descrito para o rio Doce, na cidade de Rio Doce, Minas Gerais (Eigenmann, 1917; Reis &#038; de Pinna., 2019). \u00c9 frequente e abundante em riachos no m\u00e9dio e alto rio Doce entre Governador Valadares e Sua\u00e7u\u00ed, na zona de transi\u00e7\u00e3o entre a floresta de tabuleiro e as fei\u00e7\u00f5es de cerrado na serra do Espinha\u00e7o. N\u00e3o h\u00e1 registro de sintopia com a esp\u00e9cie geograficamente mais pr\u00f3xima no baixo Doce, na sub-bacia do rio S\u00e3o Jos\u00e9 e barra Seca, regi\u00e3o habitada por <a href=\"http:\/\/nossacasa.net\/nossosriachos\/tabuleiros\/trichomycterus-pradensis\/\"><em>Trichomycterus pradensis<\/em><\/a>.<\/p>\n<p>Numerosos novos nomes de esp\u00e9cies foram propostos para o que conhecemos como <strong><em>Trichomycterus alternatus<\/em><\/strong> (e.g. <em>T. caudofasciatus<\/em> Alencar &#038; Costa 2004; <em>T.gasparinii<\/em> Barbosa 2013; <em>T. longibarbatus<\/em> Costa 1992; <em>T. mimosensis<\/em> Barbosa 2013; <em>T. pantherinus<\/em> Alencar &#038; Costa 2004). A validade e delimita\u00e7\u00e3o destas esp\u00e9cies com registro para o vale do rio Doce e sul do Espirito Santo tem sido investigada (Volpi, 2017; Reis &#038; de Pinna, 2019).<\/p>\n<p>A esp\u00e9cie <strong><em>Trichomycterus alternatus<\/em><\/strong> \u00e9 uma das tr\u00eas representante do g\u00eanero <em><a href=\"http:\/\/nossacasa.net\/nossosriachos\/tabuleiros\/trichomycterus\/\">Trichomycterus<\/a><\/em> da fam\u00edlia <a href=\"http:\/\/nossacasa.net\/nossosriachos\/tabuleiros\/trichomycteridae\/\">Trichomycteridae<\/a> nas regi\u00f5es dos tabuleiros.<br \/>\n<\/ hr>\n<\/div>\n","protected":false},"excerpt":{"rendered":"<p>Trichomycterus alternatus (Eigenmann, 1917) Algumas caracter\u00edsticas da esp\u00e9cie Trichomycterus alternatus est\u00e3o indicadas na figura acima. Olhos moderados, 16- 22% (m\u00e9dia 19%) no comprimento da cabe\u00e7a; Poros cef\u00e1licos S6 assim\u00e9tricos, separados, pr\u00f3ximos entre si ou mesmo uma \u00fanica abertura \u00edmpar, um &hellip; <a href=\"http:\/\/nossacasa.net\/nossosriachos\/tabuleiros\/trichomycterus-alternatus\/\">Continue lendo <span class=\"meta-nav\">&rarr;<\/span><\/a><\/p>\n","protected":false},"author":1,"featured_media":4507,"parent":0,"menu_order":0,"comment_status":"closed","ping_status":"closed","template":"","meta":{"footnotes":""},"class_list":["post-1984","page","type-page","status-publish","has-post-thumbnail","hentry"],"_links":{"self":[{"href":"http:\/\/nossacasa.net\/nossosriachos\/tabuleiros\/wp-json\/wp\/v2\/pages\/1984","targetHints":{"allow":["GET"]}}],"collection":[{"href":"http:\/\/nossacasa.net\/nossosriachos\/tabuleiros\/wp-json\/wp\/v2\/pages"}],"about":[{"href":"http:\/\/nossacasa.net\/nossosriachos\/tabuleiros\/wp-json\/wp\/v2\/types\/page"}],"author":[{"embeddable":true,"href":"http:\/\/nossacasa.net\/nossosriachos\/tabuleiros\/wp-json\/wp\/v2\/users\/1"}],"replies":[{"embeddable":true,"href":"http:\/\/nossacasa.net\/nossosriachos\/tabuleiros\/wp-json\/wp\/v2\/comments?post=1984"}],"version-history":[{"count":4,"href":"http:\/\/nossacasa.net\/nossosriachos\/tabuleiros\/wp-json\/wp\/v2\/pages\/1984\/revisions"}],"predecessor-version":[{"id":4515,"href":"http:\/\/nossacasa.net\/nossosriachos\/tabuleiros\/wp-json\/wp\/v2\/pages\/1984\/revisions\/4515"}],"wp:featuredmedia":[{"embeddable":true,"href":"http:\/\/nossacasa.net\/nossosriachos\/tabuleiros\/wp-json\/wp\/v2\/media\/4507"}],"wp:attachment":[{"href":"http:\/\/nossacasa.net\/nossosriachos\/tabuleiros\/wp-json\/wp\/v2\/media?parent=1984"}],"curies":[{"name":"wp","href":"https:\/\/api.w.org\/{rel}","templated":true}]}}