{"id":1988,"date":"2019-09-13T09:10:49","date_gmt":"2019-09-13T12:10:49","guid":{"rendered":"http:\/\/nossacasa.net\/nossosriachos\/rios\/?page_id=1988"},"modified":"2019-10-24T21:59:25","modified_gmt":"2019-10-25T00:59:25","slug":"trichomycterus-jequitinhonhae","status":"publish","type":"page","link":"http:\/\/nossacasa.net\/nossosriachos\/tabuleiros\/trichomycterus-jequitinhonhae\/","title":{"rendered":"Trichomycterus jequitinhonhae"},"content":{"rendered":"<div style=\"text-align: justify\">\n<h1><em>Trichomycterus jequitinhonhae<\/em> Triques &amp; Vono 2004)<\/h1>\n<p><img loading=\"lazy\" decoding=\"async\" src=\"http:\/\/nossacasa.net\/nossosriachos\/tabuleiros\/wp-content\/uploads\/sites\/13\/2019\/10\/Trichomycterus-jequitinhonh.png\" alt=\"\" width=\"800\" height=\"194\" class=\"aligncenter size-full wp-image-4508\" srcset=\"http:\/\/nossacasa.net\/nossosriachos\/tabuleiros\/wp-content\/uploads\/sites\/13\/2019\/10\/Trichomycterus-jequitinhonh.png 800w, http:\/\/nossacasa.net\/nossosriachos\/tabuleiros\/wp-content\/uploads\/sites\/13\/2019\/10\/Trichomycterus-jequitinhonh-300x73.png 300w, http:\/\/nossacasa.net\/nossosriachos\/tabuleiros\/wp-content\/uploads\/sites\/13\/2019\/10\/Trichomycterus-jequitinhonh-768x186.png 768w, http:\/\/nossacasa.net\/nossosriachos\/tabuleiros\/wp-content\/uploads\/sites\/13\/2019\/10\/Trichomycterus-jequitinhonh-500x121.png 500w\" sizes=\"auto, (max-width: 800px) 100vw, 800px\" \/><\/p>\n<p>Algumas caracter\u00edsticas da esp\u00e9cie <strong><em>Trichomycterus jequitinhonhae<\/em><\/strong> est\u00e3o indicadas na figura acima.<\/p>\n<p>Olhos pequenos, 11- 12% no comprimento da cabe\u00e7a; Nadadeira peitoral com 6 a 7 raios ramificados. Filamento peitoral proporcionalmente moderado, cerca de 30% no comprimento da peitoral. Nadadeira anal com 5 raios ramificados. Nadadeiras p\u00e9lvicas separadas entre si. Nadadeira caudal truncada. Barbilh\u00e3o maxilar atinge a vertical da base do op\u00e9rculo. Barbilh\u00f5es nasal e rictal longos, alcan\u00e7ando a placa opercular. Manchas grandes e circulares no corpo , tendendo a formar uma faixa descont\u00ednua no meio do corpo. Um par de poros cef\u00e1licos S6 sim\u00e9tricos, no topo da cabe\u00e7a na altura dos olhos. Ped\u00fanculo caudal moderado, 11,5 a 14,5% (em m\u00e9dia 13%) no comprimento padr\u00e3o.<\/p>\n<p><strong><em>Trichomycterus jequitinhonhae<\/em><\/strong> \u00e9 morfologicamente muito semelhante a <em>Trichomycterus bahianus<\/em>, esp\u00e9cie descrita para o rio Una, em Ilh\u00e9us. H\u00e1 sobreposi\u00e7\u00e3o de caracteres entre ambas popula\u00e7\u00f5es, tanto pelo colorido como pelas propor\u00e7\u00f5es corporais, e estudos de revis\u00e3o se fazem necess\u00e1rios. <\/p>\n<p>A esp\u00e9cie <strong><em>Trichomycterus jequitinhonhae<\/em><\/strong> \u00e9 uma das tr\u00eas resentante do g\u00eanero <em><a href=\"http:\/\/nossacasa.net\/nossosriachos\/tabuleiros\/trichomycterus\/\">Trichomycterus<\/a><\/em> da fam\u00edlia <a href=\"http:\/\/nossacasa.net\/nossosriachos\/tabuleiross\/trichomycteridae\/\">Trichomycteridae<\/a> nas regi\u00f5es dos tabuleiros.<\/p>\n<hr \/>\n<\/div>\n","protected":false},"excerpt":{"rendered":"<p>Trichomycterus jequitinhonhae Triques &amp; Vono 2004) Algumas caracter\u00edsticas da esp\u00e9cie Trichomycterus jequitinhonhae est\u00e3o indicadas na figura acima. Olhos pequenos, 11- 12% no comprimento da cabe\u00e7a; Nadadeira peitoral com 6 a 7 raios ramificados. Filamento peitoral proporcionalmente moderado, cerca de 30% &hellip; <a href=\"http:\/\/nossacasa.net\/nossosriachos\/tabuleiros\/trichomycterus-jequitinhonhae\/\">Continue lendo <span class=\"meta-nav\">&rarr;<\/span><\/a><\/p>\n","protected":false},"author":1,"featured_media":4508,"parent":0,"menu_order":0,"comment_status":"closed","ping_status":"closed","template":"","meta":{"footnotes":""},"class_list":["post-1988","page","type-page","status-publish","has-post-thumbnail","hentry"],"_links":{"self":[{"href":"http:\/\/nossacasa.net\/nossosriachos\/tabuleiros\/wp-json\/wp\/v2\/pages\/1988","targetHints":{"allow":["GET"]}}],"collection":[{"href":"http:\/\/nossacasa.net\/nossosriachos\/tabuleiros\/wp-json\/wp\/v2\/pages"}],"about":[{"href":"http:\/\/nossacasa.net\/nossosriachos\/tabuleiros\/wp-json\/wp\/v2\/types\/page"}],"author":[{"embeddable":true,"href":"http:\/\/nossacasa.net\/nossosriachos\/tabuleiros\/wp-json\/wp\/v2\/users\/1"}],"replies":[{"embeddable":true,"href":"http:\/\/nossacasa.net\/nossosriachos\/tabuleiros\/wp-json\/wp\/v2\/comments?post=1988"}],"version-history":[{"count":2,"href":"http:\/\/nossacasa.net\/nossosriachos\/tabuleiros\/wp-json\/wp\/v2\/pages\/1988\/revisions"}],"predecessor-version":[{"id":4517,"href":"http:\/\/nossacasa.net\/nossosriachos\/tabuleiros\/wp-json\/wp\/v2\/pages\/1988\/revisions\/4517"}],"wp:featuredmedia":[{"embeddable":true,"href":"http:\/\/nossacasa.net\/nossosriachos\/tabuleiros\/wp-json\/wp\/v2\/media\/4508"}],"wp:attachment":[{"href":"http:\/\/nossacasa.net\/nossosriachos\/tabuleiros\/wp-json\/wp\/v2\/media?parent=1988"}],"curies":[{"name":"wp","href":"https:\/\/api.w.org\/{rel}","templated":true}]}}