{"id":1990,"date":"2019-09-13T09:12:14","date_gmt":"2019-09-13T12:12:14","guid":{"rendered":"http:\/\/nossacasa.net\/nossosriachos\/rios\/?page_id=1990"},"modified":"2019-10-24T22:02:55","modified_gmt":"2019-10-25T01:02:55","slug":"trichomycterus-pradensis","status":"publish","type":"page","link":"http:\/\/nossacasa.net\/nossosriachos\/tabuleiros\/trichomycterus-pradensis\/","title":{"rendered":"Trichomycterus pradensis"},"content":{"rendered":"<div style=\"text-align: justify\">\n<h1><em>Trichomycterus pradensis<\/em> Sarmento-Soares, Martins-Pinheiro, Aranda &amp; Chamon 2005<\/h1>\n<p><img loading=\"lazy\" decoding=\"async\" src=\"http:\/\/nossacasa.net\/nossosriachos\/tabuleiros\/wp-content\/uploads\/sites\/13\/2019\/10\/Trichomycterus-pradensis.png\" alt=\"\" width=\"800\" height=\"365\" class=\"aligncenter size-full wp-image-4509\" srcset=\"http:\/\/nossacasa.net\/nossosriachos\/tabuleiros\/wp-content\/uploads\/sites\/13\/2019\/10\/Trichomycterus-pradensis.png 800w, http:\/\/nossacasa.net\/nossosriachos\/tabuleiros\/wp-content\/uploads\/sites\/13\/2019\/10\/Trichomycterus-pradensis-300x137.png 300w, http:\/\/nossacasa.net\/nossosriachos\/tabuleiros\/wp-content\/uploads\/sites\/13\/2019\/10\/Trichomycterus-pradensis-768x350.png 768w, http:\/\/nossacasa.net\/nossosriachos\/tabuleiros\/wp-content\/uploads\/sites\/13\/2019\/10\/Trichomycterus-pradensis-500x228.png 500w\" sizes=\"auto, (max-width: 800px) 100vw, 800px\" \/><\/p>\n<p>Algumas caracter\u00edsticas da esp\u00e9cie <strong><em>Trichomycterus pradensis<\/em><\/strong> est\u00e3o indicadas na figura acima.<\/p>\n<p>Olhos moderados, 13- 19% (m\u00e9dia 16,5%) no comprimento da cabe\u00e7a; Poros cef\u00e1licos S6 pr\u00f3ximos entre si. Placa opercular com 8 a 10 odont\u00f3ides. Nadadeira peitoral com 8 raios ramificados (Sarmento-Soares et al., 2006).<\/p>\n<p><strong><em>Trichomycterus pradensis<\/em><\/strong> \u00e9 frequente e abundante em riachos da floresta de tabuleiro entre o norte do rio Doce ao sul do Jequitinhonha. Uma das caracter\u00edsticas mais peculiares dos peixes <strong><em>Trichomycterus pradensis<\/em><\/strong> \u00e9 o polimorfismo de cor. Quando encontrada em rios de \u00e1gua clara e leito de cascalho e pedrinhas assume o colorido com m\u00e1culas arredondadas, como observado nas popula\u00e7\u00f5es dos riachos costeiros do extremo sul da Bahia. Em rios de \u00e1guas turvas, escuras, leito com lama, o colorido \u00e9 castanho uniforme, como observado na sub-popula\u00e7\u00e3o do alto Jucuru\u00e7u. N\u00e3o h\u00e1 diferen\u00e7as morfol\u00f3gicas entre as popula\u00e7\u00f5es com colorido diferenciado.  <\/p>\n<p>Peixes<a href=\"http:\/\/nossacasa.net\/nossosriachos\/tabuleiros\/trichomycterus\/\"> <em>Trichomycterus<\/em><\/a> se enterram sob o substrato ficando com a cabe\u00e7a para fora. Tem h\u00e1bito alimentar invert\u00edvoro, ingerindo pequenos invertebrados em especial insetos. <\/p>\n<p>As popula\u00e7\u00f5es de <strong><em>Trichomycterus pradensis<\/em><\/strong> s\u00e3o geneticamente conservativas, e estudos moleculares indicam que uma \u00fanica entidade evolutiva habita toda a regi\u00e3o entre Doce e Jequitinhonha (Volpi, 2017).<\/p>\n<p>A esp\u00e9cie <strong><em>Trichomycterus pradensis<\/em><\/strong> \u00e9 uma das tr\u00eas resentante do g\u00eanero <em><a href=\"http:\/\/nossacasa.net\/nossosriachos\/tabuleiros\/trichomycterus\/\">Trichomycterus<\/a><\/em> da fam\u00edlia <a href=\"http:\/\/nossacasa.net\/nossosriachos\/tabuleiros\/trichomycteridae\/\">Trichomycteridae<\/a> nas regi\u00f5es dos tabuleiros.<\/p>\n<hr \/>\n<\/div>\n","protected":false},"excerpt":{"rendered":"<p>Trichomycterus pradensis Sarmento-Soares, Martins-Pinheiro, Aranda &amp; Chamon 2005 Algumas caracter\u00edsticas da esp\u00e9cie Trichomycterus pradensis est\u00e3o indicadas na figura acima. Olhos moderados, 13- 19% (m\u00e9dia 16,5%) no comprimento da cabe\u00e7a; Poros cef\u00e1licos S6 pr\u00f3ximos entre si. Placa opercular com 8 a &hellip; <a href=\"http:\/\/nossacasa.net\/nossosriachos\/tabuleiros\/trichomycterus-pradensis\/\">Continue lendo <span class=\"meta-nav\">&rarr;<\/span><\/a><\/p>\n","protected":false},"author":1,"featured_media":4509,"parent":0,"menu_order":0,"comment_status":"closed","ping_status":"closed","template":"","meta":{"footnotes":""},"class_list":["post-1990","page","type-page","status-publish","has-post-thumbnail","hentry"],"_links":{"self":[{"href":"http:\/\/nossacasa.net\/nossosriachos\/tabuleiros\/wp-json\/wp\/v2\/pages\/1990","targetHints":{"allow":["GET"]}}],"collection":[{"href":"http:\/\/nossacasa.net\/nossosriachos\/tabuleiros\/wp-json\/wp\/v2\/pages"}],"about":[{"href":"http:\/\/nossacasa.net\/nossosriachos\/tabuleiros\/wp-json\/wp\/v2\/types\/page"}],"author":[{"embeddable":true,"href":"http:\/\/nossacasa.net\/nossosriachos\/tabuleiros\/wp-json\/wp\/v2\/users\/1"}],"replies":[{"embeddable":true,"href":"http:\/\/nossacasa.net\/nossosriachos\/tabuleiros\/wp-json\/wp\/v2\/comments?post=1990"}],"version-history":[{"count":2,"href":"http:\/\/nossacasa.net\/nossosriachos\/tabuleiros\/wp-json\/wp\/v2\/pages\/1990\/revisions"}],"predecessor-version":[{"id":4519,"href":"http:\/\/nossacasa.net\/nossosriachos\/tabuleiros\/wp-json\/wp\/v2\/pages\/1990\/revisions\/4519"}],"wp:featuredmedia":[{"embeddable":true,"href":"http:\/\/nossacasa.net\/nossosriachos\/tabuleiros\/wp-json\/wp\/v2\/media\/4509"}],"wp:attachment":[{"href":"http:\/\/nossacasa.net\/nossosriachos\/tabuleiros\/wp-json\/wp\/v2\/media?parent=1990"}],"curies":[{"name":"wp","href":"https:\/\/api.w.org\/{rel}","templated":true}]}}