{"id":2046,"date":"2019-09-13T10:27:45","date_gmt":"2019-09-13T13:27:45","guid":{"rendered":"http:\/\/nossacasa.net\/nossosriachos\/rios\/?page_id=2046"},"modified":"2019-09-23T10:07:43","modified_gmt":"2019-09-23T13:07:43","slug":"eleotris","status":"publish","type":"page","link":"http:\/\/nossacasa.net\/nossosriachos\/tabuleiros\/eleotris\/","title":{"rendered":"Eleotris"},"content":{"rendered":"<div style=\"text-align: justify\">\n<h1>Os <strong><em>Eleotris<\/em><\/strong> Bloch e Schneider, 18011<\/h1>\n<p>Algumas caracter\u00edsticas do g\u00eanero <strong><em>Eleotris<\/em><\/strong> est\u00e3o indicadas na figura acima.<\/p>\n<p>O g\u00eanero <strong><em>Eleotris<\/em><\/strong> \u00e9 um dos tr\u00eas g\u00eaneros da fam\u00edlia <a href=\"http:\/\/nossacasa.net\/nossosriachos\/tabuleiros\/eleotridae\/\">Eleotridae<\/a> representante dos <a href=\"http:\/\/nossacasa.net\/nossosriachos\/tabuleiros\/gobiiformes\/\">Gobiiformes<\/a> nas regi\u00f5es dos tabuleiros. <\/p>\n<p>Na regi\u00e3o dos tabuleiros da Mata Atl\u00e2ntica encontramos uma \u00fanica esp\u00e9cie do g\u00eanero <strong><em>Eleotris<\/em><\/strong>: <em><a href=\"http:\/\/nossacasa.net\/nossosriachos\/tabuleiros\/eleotris-pisonis\/\">Eleotris pisonis<\/a><\/em>.<\/p>\n<hr>\n<\/div>\n","protected":false},"excerpt":{"rendered":"<p>Os Eleotris Bloch e Schneider, 18011 Algumas caracter\u00edsticas do g\u00eanero Eleotris est\u00e3o indicadas na figura acima. O g\u00eanero Eleotris \u00e9 um dos tr\u00eas g\u00eaneros da fam\u00edlia Eleotridae representante dos Gobiiformes nas regi\u00f5es dos tabuleiros. Na regi\u00e3o dos tabuleiros da Mata &hellip; <a href=\"http:\/\/nossacasa.net\/nossosriachos\/tabuleiros\/eleotris\/\">Continue lendo <span class=\"meta-nav\">&rarr;<\/span><\/a><\/p>\n","protected":false},"author":1,"featured_media":0,"parent":0,"menu_order":0,"comment_status":"closed","ping_status":"closed","template":"","meta":{"footnotes":""},"class_list":["post-2046","page","type-page","status-publish","hentry"],"_links":{"self":[{"href":"http:\/\/nossacasa.net\/nossosriachos\/tabuleiros\/wp-json\/wp\/v2\/pages\/2046","targetHints":{"allow":["GET"]}}],"collection":[{"href":"http:\/\/nossacasa.net\/nossosriachos\/tabuleiros\/wp-json\/wp\/v2\/pages"}],"about":[{"href":"http:\/\/nossacasa.net\/nossosriachos\/tabuleiros\/wp-json\/wp\/v2\/types\/page"}],"author":[{"embeddable":true,"href":"http:\/\/nossacasa.net\/nossosriachos\/tabuleiros\/wp-json\/wp\/v2\/users\/1"}],"replies":[{"embeddable":true,"href":"http:\/\/nossacasa.net\/nossosriachos\/tabuleiros\/wp-json\/wp\/v2\/comments?post=2046"}],"version-history":[{"count":2,"href":"http:\/\/nossacasa.net\/nossosriachos\/tabuleiros\/wp-json\/wp\/v2\/pages\/2046\/revisions"}],"predecessor-version":[{"id":3791,"href":"http:\/\/nossacasa.net\/nossosriachos\/tabuleiros\/wp-json\/wp\/v2\/pages\/2046\/revisions\/3791"}],"wp:attachment":[{"href":"http:\/\/nossacasa.net\/nossosriachos\/tabuleiros\/wp-json\/wp\/v2\/media?parent=2046"}],"curies":[{"name":"wp","href":"https:\/\/api.w.org\/{rel}","templated":true}]}}