{"id":2068,"date":"2019-09-13T11:13:26","date_gmt":"2019-09-13T14:13:26","guid":{"rendered":"http:\/\/nossacasa.net\/nossosriachos\/rios\/?page_id=2068"},"modified":"2020-02-11T14:48:15","modified_gmt":"2020-02-11T17:48:15","slug":"australoheros","status":"publish","type":"page","link":"http:\/\/nossacasa.net\/nossosriachos\/tabuleiros\/australoheros\/","title":{"rendered":"Australoheros"},"content":{"rendered":"<div style=\"text-align: justify\">\n<h1>Os <em>Australoheros<\/em> \u0158\u00ed\u010dan &amp; Kullander 2006<\/h1>\n<p><img loading=\"lazy\" decoding=\"async\" src=\"http:\/\/nossacasa.net\/nossosriachos\/tabuleiros\/wp-content\/uploads\/sites\/13\/2020\/02\/Australoheros.png\" alt=\"\" width=\"652\" height=\"305\" class=\"aligncenter size-full wp-image-4627\" srcset=\"http:\/\/nossacasa.net\/nossosriachos\/tabuleiros\/wp-content\/uploads\/sites\/13\/2020\/02\/Australoheros.png 652w, http:\/\/nossacasa.net\/nossosriachos\/tabuleiros\/wp-content\/uploads\/sites\/13\/2020\/02\/Australoheros-300x140.png 300w, http:\/\/nossacasa.net\/nossosriachos\/tabuleiros\/wp-content\/uploads\/sites\/13\/2020\/02\/Australoheros-500x234.png 500w\" sizes=\"auto, (max-width: 652px) 100vw, 652px\" \/><\/p>\n<p>Algumas caracter\u00edsticas do g\u00eanero <strong><em>Australoheros<\/em><\/strong> est\u00e3o indicadas na figura acima.<\/p>\n<p>Possuem barras transversais no corpo. O que diferencia os <strong><em>Australoheros<\/em><\/strong> dos demais Cichlidae, \u00e9 a presen\u00e7a de faixas descont\u00ednuas na parte anterior do corpo, at\u00e9 a altura da nadadeira dorsal. A nadadeira dorsal \u00fanica \u00e9 composta por espinhos e raios. Uma m\u00e1cula ovalada escura sobre o ped\u00fanculo caudal. S\u00e3o peixes que alcan\u00e7am em torno de 50 mm de comprimento padr\u00e3o na regi\u00e3o dos tabuleiros<\/p>\n<p>O g\u00eanero <strong><em>Australoheros<\/em><\/strong> \u00e9 um dos sete g\u00eaneros da fam\u00edlia <a href=\"http:\/\/nossacasa.net\/nossosriachos\/tabuleiros\/cichlidae\/\">Cichlidae<\/a> representante dos <a href=\"http:\/\/nossacasa.net\/nossosriachos\/tabuleiros\/cichliformes\/\">Cichliformes<\/a> nas regi\u00f5es dos tabuleiros. <\/p>\n<p>Na regi\u00e3o dos tabuleiros da Mata Atl\u00e2ntica encontramos uma \u00fanica esp\u00e9cie do g\u00eanero <strong><em>Australoheros<\/em><\/strong>: <em><a href=\"http:\/\/nossacasa.net\/nossosriachos\/tabuleiros\/australoheros-capixaba\/\">Australoheros capixaba<\/a><\/em>.<\/p>\n<hr>\n<\/div>\n","protected":false},"excerpt":{"rendered":"<p>Os Australoheros \u0158\u00ed\u010dan &amp; Kullander 2006 Algumas caracter\u00edsticas do g\u00eanero Australoheros est\u00e3o indicadas na figura acima. Possuem barras transversais no corpo. O que diferencia os Australoheros dos demais Cichlidae, \u00e9 a presen\u00e7a de faixas descont\u00ednuas na parte anterior do corpo, &hellip; <a href=\"http:\/\/nossacasa.net\/nossosriachos\/tabuleiros\/australoheros\/\">Continue lendo <span class=\"meta-nav\">&rarr;<\/span><\/a><\/p>\n","protected":false},"author":1,"featured_media":4628,"parent":0,"menu_order":0,"comment_status":"closed","ping_status":"closed","template":"","meta":{"footnotes":""},"class_list":["post-2068","page","type-page","status-publish","has-post-thumbnail","hentry"],"_links":{"self":[{"href":"http:\/\/nossacasa.net\/nossosriachos\/tabuleiros\/wp-json\/wp\/v2\/pages\/2068","targetHints":{"allow":["GET"]}}],"collection":[{"href":"http:\/\/nossacasa.net\/nossosriachos\/tabuleiros\/wp-json\/wp\/v2\/pages"}],"about":[{"href":"http:\/\/nossacasa.net\/nossosriachos\/tabuleiros\/wp-json\/wp\/v2\/types\/page"}],"author":[{"embeddable":true,"href":"http:\/\/nossacasa.net\/nossosriachos\/tabuleiros\/wp-json\/wp\/v2\/users\/1"}],"replies":[{"embeddable":true,"href":"http:\/\/nossacasa.net\/nossosriachos\/tabuleiros\/wp-json\/wp\/v2\/comments?post=2068"}],"version-history":[{"count":5,"href":"http:\/\/nossacasa.net\/nossosriachos\/tabuleiros\/wp-json\/wp\/v2\/pages\/2068\/revisions"}],"predecessor-version":[{"id":4643,"href":"http:\/\/nossacasa.net\/nossosriachos\/tabuleiros\/wp-json\/wp\/v2\/pages\/2068\/revisions\/4643"}],"wp:featuredmedia":[{"embeddable":true,"href":"http:\/\/nossacasa.net\/nossosriachos\/tabuleiros\/wp-json\/wp\/v2\/media\/4628"}],"wp:attachment":[{"href":"http:\/\/nossacasa.net\/nossosriachos\/tabuleiros\/wp-json\/wp\/v2\/media?parent=2068"}],"curies":[{"name":"wp","href":"https:\/\/api.w.org\/{rel}","templated":true}]}}