{"id":2073,"date":"2019-09-13T11:17:21","date_gmt":"2019-09-13T14:17:21","guid":{"rendered":"http:\/\/nossacasa.net\/nossosriachos\/rios\/?page_id=2073"},"modified":"2020-02-11T14:29:09","modified_gmt":"2020-02-11T17:29:09","slug":"cichla-kelberi","status":"publish","type":"page","link":"http:\/\/nossacasa.net\/nossosriachos\/tabuleiros\/cichla-kelberi\/","title":{"rendered":"Cichla kelberi"},"content":{"rendered":"<div style=\"text-align: justify\">\n<h1><em>Cichla kelberi<\/em> Kullander &amp; Ferreira 2006<\/h1>\n<p><img loading=\"lazy\" decoding=\"async\" src=\"http:\/\/nossacasa.net\/nossosriachos\/tabuleiros\/wp-content\/uploads\/sites\/13\/2020\/02\/Cichla-kelberi.png\" alt=\"\" width=\"800\" height=\"249\" class=\"aligncenter size-full wp-image-4635\" srcset=\"http:\/\/nossacasa.net\/nossosriachos\/tabuleiros\/wp-content\/uploads\/sites\/13\/2020\/02\/Cichla-kelberi.png 800w, http:\/\/nossacasa.net\/nossosriachos\/tabuleiros\/wp-content\/uploads\/sites\/13\/2020\/02\/Cichla-kelberi-300x93.png 300w, http:\/\/nossacasa.net\/nossosriachos\/tabuleiros\/wp-content\/uploads\/sites\/13\/2020\/02\/Cichla-kelberi-768x239.png 768w, http:\/\/nossacasa.net\/nossosriachos\/tabuleiros\/wp-content\/uploads\/sites\/13\/2020\/02\/Cichla-kelberi-500x156.png 500w\" sizes=\"auto, (max-width: 800px) 100vw, 800px\" \/><\/p>\n<p>Algumas caracter\u00edsticas da esp\u00e9cie <strong><em>Cichla kelberi<\/em><\/strong> est\u00e3o indicadas na figura acima.<\/p>\n<p>Corpo alongado, falcado. Ramo superior da linha lateral com 40 a 56 escamas. Ramo inferior da linha lateral com 30 a 44 escamas perfuradas. Nadadeira anal com 8 a 12 raios ramificados. <\/p>\n<p>Distinguida das demais esp\u00e9cies de <em>Cichla<\/em> pela presen\u00e7a de pequenas manchas claras nas nadadeiras p\u00e9lvica e anal em indiv\u00edduos adultos. Lobo caudal inferior com \u00e1reas escuras e manchas claras (Kullander, Ferreira, 2006).<br \/>\nPeixes de corpo alongado, mand\u00edbula prognata, nadadeiras dorsal, p\u00e9lvica e anal escamadas em peixes adultos. Nadadeira caudal escamada e emarginada em formato.<\/p>\n<p>S\u00e3o naturais do Rio Araguaia e drenagem do baixo rio Tocantins. Foram translocados para diversos rios do pa\u00eds. Chegaram ao rio Doce para povoar represas e tanques de cultivo em Minas Gerais. <\/p>\n<p>Inclui peixes pisc\u00edvoros de grande porte. Sua presen\u00e7a pode implicar em severos impactos as popula\u00e7\u00f5es naturais de pequenos peixes de riacho da floresta de tabuleiros.  <\/p>\n<p>A esp\u00e9cie introduzida <strong><em>Cichla kelberi<\/em><\/strong> \u00e9 a \u00fanica representante do g\u00eanero <em><a href=\"http:\/\/nossacasa.net\/nossosriachos\/tabuleiros\/cichla\/\">Cichla<\/a><\/em> da fam\u00edlia <a href=\"http:\/\/nossacasa.net\/nossosriachos\/tabuleiros\/cichlidae\/\">Cichlidae<\/a> nas regi\u00f5es dos tabuleiros.\n<\/div>\n","protected":false},"excerpt":{"rendered":"<p>Cichla kelberi Kullander &amp; Ferreira 2006 Algumas caracter\u00edsticas da esp\u00e9cie Cichla kelberi est\u00e3o indicadas na figura acima. Corpo alongado, falcado. Ramo superior da linha lateral com 40 a 56 escamas. Ramo inferior da linha lateral com 30 a 44 escamas &hellip; <a href=\"http:\/\/nossacasa.net\/nossosriachos\/tabuleiros\/cichla-kelberi\/\">Continue lendo <span class=\"meta-nav\">&rarr;<\/span><\/a><\/p>\n","protected":false},"author":1,"featured_media":4635,"parent":0,"menu_order":0,"comment_status":"closed","ping_status":"closed","template":"","meta":{"footnotes":""},"class_list":["post-2073","page","type-page","status-publish","has-post-thumbnail","hentry"],"_links":{"self":[{"href":"http:\/\/nossacasa.net\/nossosriachos\/tabuleiros\/wp-json\/wp\/v2\/pages\/2073","targetHints":{"allow":["GET"]}}],"collection":[{"href":"http:\/\/nossacasa.net\/nossosriachos\/tabuleiros\/wp-json\/wp\/v2\/pages"}],"about":[{"href":"http:\/\/nossacasa.net\/nossosriachos\/tabuleiros\/wp-json\/wp\/v2\/types\/page"}],"author":[{"embeddable":true,"href":"http:\/\/nossacasa.net\/nossosriachos\/tabuleiros\/wp-json\/wp\/v2\/users\/1"}],"replies":[{"embeddable":true,"href":"http:\/\/nossacasa.net\/nossosriachos\/tabuleiros\/wp-json\/wp\/v2\/comments?post=2073"}],"version-history":[{"count":2,"href":"http:\/\/nossacasa.net\/nossosriachos\/tabuleiros\/wp-json\/wp\/v2\/pages\/2073\/revisions"}],"predecessor-version":[{"id":4636,"href":"http:\/\/nossacasa.net\/nossosriachos\/tabuleiros\/wp-json\/wp\/v2\/pages\/2073\/revisions\/4636"}],"wp:featuredmedia":[{"embeddable":true,"href":"http:\/\/nossacasa.net\/nossosriachos\/tabuleiros\/wp-json\/wp\/v2\/media\/4635"}],"wp:attachment":[{"href":"http:\/\/nossacasa.net\/nossosriachos\/tabuleiros\/wp-json\/wp\/v2\/media?parent=2073"}],"curies":[{"name":"wp","href":"https:\/\/api.w.org\/{rel}","templated":true}]}}