{"id":2075,"date":"2019-09-13T11:15:52","date_gmt":"2019-09-13T14:15:52","guid":{"rendered":"http:\/\/nossacasa.net\/nossosriachos\/rios\/?page_id=2075"},"modified":"2020-02-11T14:30:35","modified_gmt":"2020-02-11T17:30:35","slug":"cichla","status":"publish","type":"page","link":"http:\/\/nossacasa.net\/nossosriachos\/tabuleiros\/cichla\/","title":{"rendered":"Cichla"},"content":{"rendered":"<div style=\"text-align: justify\">\n<h1>As <em>Cichla<\/em> Bloch and Schneider, 1801<\/h1>\n<p><img loading=\"lazy\" decoding=\"async\" src=\"http:\/\/nossacasa.net\/nossosriachos\/tabuleiros\/wp-content\/uploads\/sites\/13\/2020\/02\/Cichla.png\" alt=\"\" width=\"800\" height=\"249\" class=\"aligncenter size-full wp-image-4634\" srcset=\"http:\/\/nossacasa.net\/nossosriachos\/tabuleiros\/wp-content\/uploads\/sites\/13\/2020\/02\/Cichla.png 800w, http:\/\/nossacasa.net\/nossosriachos\/tabuleiros\/wp-content\/uploads\/sites\/13\/2020\/02\/Cichla-300x93.png 300w, http:\/\/nossacasa.net\/nossosriachos\/tabuleiros\/wp-content\/uploads\/sites\/13\/2020\/02\/Cichla-768x239.png 768w, http:\/\/nossacasa.net\/nossosriachos\/tabuleiros\/wp-content\/uploads\/sites\/13\/2020\/02\/Cichla-500x156.png 500w\" sizes=\"auto, (max-width: 800px) 100vw, 800px\" \/><br \/>\nAlgumas caracter\u00edsticas do g\u00eanero <strong><em>Cichla<\/em><\/strong> est\u00e3o indicadas na figura acima.<\/p>\n<p>Corpo alongado, falcado. Ramo superior da linha lateral com 40 a 56 escamas. Ramo inferior da linha lateral com 30 a 44 escamas perfuradas. Nadadeira anal com 8 a 12 raios ramificados. <\/p>\n<p>Inclui peixes naturais do Pantanal matogrossense e amplamente disseminados nas drenagens costeiras para cultivo<\/p>\n<p>O g\u00eanero <strong><em>Cichla<\/em><\/strong> \u00e9 um dos sete g\u00eaneros da fam\u00edlia <a href=\"http:\/\/nossacasa.net\/nossosriachos\/tabuleiros\/cichlidae\/\">Cichlidae<\/a> representante dos <a href=\"http:\/\/nossacasa.net\/nossosriachos\/tabuleiros\/cichliformes\/\">Cichliformes<\/a> nas regi\u00f5es dos tabuleiros. <\/p>\n<p>Na regi\u00e3o dos tabuleiros da Mata Atl\u00e2ntica encontramos uma \u00fanica esp\u00e9cie do g\u00eanero <strong><em>Cichla<\/em><\/strong>: <em><a href=\"http:\/\/nossacasa.net\/nossosriachos\/tabuleiros\/cichla-kelberi\/\">Cichla kelberi<\/a><\/em>.<\/p>\n<hr>\n<\/div>\n","protected":false},"excerpt":{"rendered":"<p>As Cichla Bloch and Schneider, 1801 Algumas caracter\u00edsticas do g\u00eanero Cichla est\u00e3o indicadas na figura acima. Corpo alongado, falcado. Ramo superior da linha lateral com 40 a 56 escamas. Ramo inferior da linha lateral com 30 a 44 escamas perfuradas. &hellip; <a href=\"http:\/\/nossacasa.net\/nossosriachos\/tabuleiros\/cichla\/\">Continue lendo <span class=\"meta-nav\">&rarr;<\/span><\/a><\/p>\n","protected":false},"author":1,"featured_media":4634,"parent":0,"menu_order":0,"comment_status":"closed","ping_status":"closed","template":"","meta":{"footnotes":""},"class_list":["post-2075","page","type-page","status-publish","has-post-thumbnail","hentry"],"_links":{"self":[{"href":"http:\/\/nossacasa.net\/nossosriachos\/tabuleiros\/wp-json\/wp\/v2\/pages\/2075","targetHints":{"allow":["GET"]}}],"collection":[{"href":"http:\/\/nossacasa.net\/nossosriachos\/tabuleiros\/wp-json\/wp\/v2\/pages"}],"about":[{"href":"http:\/\/nossacasa.net\/nossosriachos\/tabuleiros\/wp-json\/wp\/v2\/types\/page"}],"author":[{"embeddable":true,"href":"http:\/\/nossacasa.net\/nossosriachos\/tabuleiros\/wp-json\/wp\/v2\/users\/1"}],"replies":[{"embeddable":true,"href":"http:\/\/nossacasa.net\/nossosriachos\/tabuleiros\/wp-json\/wp\/v2\/comments?post=2075"}],"version-history":[{"count":4,"href":"http:\/\/nossacasa.net\/nossosriachos\/tabuleiros\/wp-json\/wp\/v2\/pages\/2075\/revisions"}],"predecessor-version":[{"id":4639,"href":"http:\/\/nossacasa.net\/nossosriachos\/tabuleiros\/wp-json\/wp\/v2\/pages\/2075\/revisions\/4639"}],"wp:featuredmedia":[{"embeddable":true,"href":"http:\/\/nossacasa.net\/nossosriachos\/tabuleiros\/wp-json\/wp\/v2\/media\/4634"}],"wp:attachment":[{"href":"http:\/\/nossacasa.net\/nossosriachos\/tabuleiros\/wp-json\/wp\/v2\/media?parent=2075"}],"curies":[{"name":"wp","href":"https:\/\/api.w.org\/{rel}","templated":true}]}}