{"id":2080,"date":"2019-09-13T11:18:49","date_gmt":"2019-09-13T14:18:49","guid":{"rendered":"http:\/\/nossacasa.net\/nossosriachos\/rios\/?page_id=2080"},"modified":"2020-02-11T14:57:57","modified_gmt":"2020-02-11T17:57:57","slug":"crenicichla","status":"publish","type":"page","link":"http:\/\/nossacasa.net\/nossosriachos\/tabuleiros\/crenicichla\/","title":{"rendered":"Crenicichla"},"content":{"rendered":"<div style=\"text-align: justify\">\n<h1>As <em>Crenicichla<\/em> Heckel 1840<\/h1>\n<div id=\"attachment_4644\" style=\"width: 810px\" class=\"wp-caption aligncenter\"><img loading=\"lazy\" decoding=\"async\" aria-describedby=\"caption-attachment-4644\" src=\"http:\/\/nossacasa.net\/nossosriachos\/tabuleiros\/wp-content\/uploads\/sites\/13\/2020\/02\/Crenicichla.png\" alt=\"\" width=\"800\" height=\"219\" class=\"size-full wp-image-4644\" srcset=\"http:\/\/nossacasa.net\/nossosriachos\/tabuleiros\/wp-content\/uploads\/sites\/13\/2020\/02\/Crenicichla.png 800w, http:\/\/nossacasa.net\/nossosriachos\/tabuleiros\/wp-content\/uploads\/sites\/13\/2020\/02\/Crenicichla-300x82.png 300w, http:\/\/nossacasa.net\/nossosriachos\/tabuleiros\/wp-content\/uploads\/sites\/13\/2020\/02\/Crenicichla-768x210.png 768w, http:\/\/nossacasa.net\/nossosriachos\/tabuleiros\/wp-content\/uploads\/sites\/13\/2020\/02\/Crenicichla-500x137.png 500w\" sizes=\"auto, (max-width: 800px) 100vw, 800px\" \/><p id=\"caption-attachment-4644\" class=\"wp-caption-text\">Foto: Fabio Vieira-fishbase.org<\/p><\/div>\n<p>Algumas caracter\u00edsticas do g\u00eanero <strong><em>Crenicichla<\/em><\/strong> est\u00e3o indicadas na figura acima.<\/p>\n<p>Peixes <strong><em>Crenicichla<\/em><\/strong> tem o corpo alongado. Nadadeiras dorsal e anal sem escamas. Margem preopercular serrilhada. Entre 47 a 70 escamas longitudinais na linha mediana. Aus\u00eancia de ocelo humeral. Escamas pr\u00e9-dorsais cicl\u00f3ides. Ocelo escuro n\u00edtido na base da caudal. <\/p>\n<p>O g\u00eanero <strong><em>Crenicichla<\/em><\/strong> \u00e9 um dos sete g\u00eaneros da fam\u00edlia <a href=\"http:\/\/nossacasa.net\/nossosriachos\/tabuleiros\/cichlidae\/\">Cichlidae<\/a> representante dos <a href=\"http:\/\/nossacasa.net\/nossosriachos\/tabuleiros\/cichliformes\/\">Cichliformes<\/a> nas regi\u00f5es dos tabuleiros. <\/p>\n<p>Na regi\u00e3o dos tabuleiros da Mata Atl\u00e2ntica encontramos uma \u00fanica esp\u00e9cie do g\u00eanero <strong><em>Crenicichla<\/em><\/strong>: <em><a href=\"http:\/\/nossacasa.net\/nossosriachos\/tabuleiros\/crenicichla-mucuryna\/\">Crenicichla mucuryna<\/a><\/em>.<\/p>\n<hr>\n<\/div>\n","protected":false},"excerpt":{"rendered":"<p>As Crenicichla Heckel 1840 Algumas caracter\u00edsticas do g\u00eanero Crenicichla est\u00e3o indicadas na figura acima. Peixes Crenicichla tem o corpo alongado. Nadadeiras dorsal e anal sem escamas. Margem preopercular serrilhada. Entre 47 a 70 escamas longitudinais na linha mediana. Aus\u00eancia de &hellip; <a href=\"http:\/\/nossacasa.net\/nossosriachos\/tabuleiros\/crenicichla\/\">Continue lendo <span class=\"meta-nav\">&rarr;<\/span><\/a><\/p>\n","protected":false},"author":1,"featured_media":4644,"parent":0,"menu_order":0,"comment_status":"closed","ping_status":"closed","template":"","meta":{"footnotes":""},"class_list":["post-2080","page","type-page","status-publish","has-post-thumbnail","hentry"],"_links":{"self":[{"href":"http:\/\/nossacasa.net\/nossosriachos\/tabuleiros\/wp-json\/wp\/v2\/pages\/2080","targetHints":{"allow":["GET"]}}],"collection":[{"href":"http:\/\/nossacasa.net\/nossosriachos\/tabuleiros\/wp-json\/wp\/v2\/pages"}],"about":[{"href":"http:\/\/nossacasa.net\/nossosriachos\/tabuleiros\/wp-json\/wp\/v2\/types\/page"}],"author":[{"embeddable":true,"href":"http:\/\/nossacasa.net\/nossosriachos\/tabuleiros\/wp-json\/wp\/v2\/users\/1"}],"replies":[{"embeddable":true,"href":"http:\/\/nossacasa.net\/nossosriachos\/tabuleiros\/wp-json\/wp\/v2\/comments?post=2080"}],"version-history":[{"count":3,"href":"http:\/\/nossacasa.net\/nossosriachos\/tabuleiros\/wp-json\/wp\/v2\/pages\/2080\/revisions"}],"predecessor-version":[{"id":4647,"href":"http:\/\/nossacasa.net\/nossosriachos\/tabuleiros\/wp-json\/wp\/v2\/pages\/2080\/revisions\/4647"}],"wp:featuredmedia":[{"embeddable":true,"href":"http:\/\/nossacasa.net\/nossosriachos\/tabuleiros\/wp-json\/wp\/v2\/media\/4644"}],"wp:attachment":[{"href":"http:\/\/nossacasa.net\/nossosriachos\/tabuleiros\/wp-json\/wp\/v2\/media?parent=2080"}],"curies":[{"name":"wp","href":"https:\/\/api.w.org\/{rel}","templated":true}]}}